{"id":1531,"date":"2019-01-16T13:49:35","date_gmt":"2019-01-16T13:49:35","guid":{"rendered":"https:\/\/hotellescapcades.com\/pagina-ejemplo\/"},"modified":"2019-06-14T11:04:40","modified_gmt":"2019-06-14T11:04:40","slug":"pagina-ejemplo","status":"publish","type":"page","link":"https:\/\/hotellescapcades.com\/ca\/","title":{"rendered":"Inici"},"content":{"rendered":"\n\t\t\t\t<img decoding=\"async\" src=\"https:\/\/hotellescapcades.com\/wp-content\/uploads\/2019\/01\/olivera.svg\" alt=\"olivera\" itemprop=\"image\"\/>\n\t\t<h3>DESCANSAR, RESPIRAR I SENTIR<\/h3>\t\t\t\n\t\t\t\t<p>Silenci, Tranquil\u00b7litat, Naturalesa, Gastronomia, Cultura, Hist\u00f2ria, Art, Tradici\u00f3&#8230;<\/p>\n<p>Gaudir del silenci, d&#8217;un delici\u00f3s men\u00fa degustaci\u00f3 amb productes de la nostra terra, d&#8217;un passeig pel bosc, de la llum especial de Les Cap\u00e7ades i la seva m\u00e0gica posta de sol, de l&#8217;aroma a roman\u00ed, del nostre oli, de la piscina, d&#8217;un massatge curatiu amb cosm\u00e8tica mediterr\u00e0nia d&#8217;autor, del tracte hum\u00e0 i pr\u00f2xim&#8230;<\/p>\n<p>Les Cap\u00e7ades \u00e9s un lloc tranquil, per experimentar la vida en el camp, sense pressa, on connectar amb la natura i trobar la calma en el moment present.<\/p>\n<p>BENVINGUTS!<\/p>\n\t\t\t<p><i>Equip hum\u00e0 de Les Cap\u00e7ades<\/i><\/p>\t\t\t\n\t\t\t\t<img decoding=\"async\" src=\"https:\/\/hotellescapcades.com\/wp-content\/uploads\/2019\/02\/1-99.jpg\" alt=\"1-99\" itemprop=\"image\"\/>\n\t\t\t<h3>Un indret \u00fanic per a desconnectar<\/h3>\t\t\t\n\t\t\t\t<p>L&#8217;Hotel Les Cap\u00e7ades ofereix el millor confort per garantir una agradable i inoblidable estada a la Terra Alta. Habitacions personalitzades, cuidades i completes instal\u00b7lacions, servei de massatges\u2026 descobreix com ser\u00e0 la teva estada!<\/p>\n\t\t\t<a href=\"https:\/\/hotellescapcades.com\/ca\/hotel-horta-sant-joan\/\" target=\"_self\"   role=\"button\" rel=\"noopener noreferrer\">\n\t\t\t\t\t\t\tVeure hotel\n\t\t<\/a>\n\t\t\t\t<img decoding=\"async\" src=\"https:\/\/hotellescapcades.com\/wp-content\/uploads\/2019\/04\/43485821_1848176841963435_8680958078717263872_o-1024x737.jpg\" alt=\"43485821_1848176841963435_8680958078717263872_o-1024x737\" itemprop=\"image\"\/>\n\t\t\t<h3>Gastronomia de proximitat<\/h3>\t\t\t\n\t\t\t\t<p>Una estada inoblidable va acompanyada d&#8217;una cuidada gastronomia, elaborada amb productes de proximitat i mat\u00e8ries primeres dels nostres cultius. Tot aix\u00f2 regat amb la selecci\u00f3 de vins que mostraran la nostra cultura i arrels enol\u00f2giques. <\/p>\n\t\t\t<a href=\"https:\/\/hotellescapcades.com\/ca\/restaurant-horta-sant-joan\/\" target=\"_self\"   role=\"button\" rel=\"noopener noreferrer\">\n\t\t\t\t\t\t\tVeure restaurant\n\t\t<\/a>\n\t\t\t<a href=\"https:\/\/hotellescapcades.com\/ca\/contacte\/\" target=\"_self\"   role=\"button\" rel=\"noopener noreferrer\">\n\t\t\t\t\t\t\tRESERVA ARA!\n\t\t<\/a>\n\t\t\t<h2>Gaudeix d\u2019un entorn \u00fanic per descansar, respirar i sentir<\/h2>\t\t\t\n\t\t\t\t<img decoding=\"async\" src=\"https:\/\/hotellescapcades.com\/wp-content\/uploads\/2019\/01\/rings.svg\" alt=\"rings\" itemprop=\"image\"\/>\n\t\t<h3>El vostre casament a l&#8217;Hotel Les Cap\u00e7ades<\/h3>\t\t\t\n\t\t\t\tEl primer dia de la vostra nova vida ha de celebrar-se en un lloc que us inspiri confian\u00e7a i que transmeti l&#8217;ambient especial que esteu buscant. <br \/>\nA l\u2019Hotel Les Cap\u00e7ades cuidarem fins al m\u00ednim detall perqu\u00e8 la vostra celebraci\u00f3 sigui inoblidable. \n\t<ul>\n\t\t<li>\t\t\n\t\t\t\t<img decoding=\"async\" src=\"\" alt=\"\" itemprop=\"image\"\/>\n\t\t<h3>Cerim\u00f2nia<\/h3 ><p>La vostra celebraci\u00f3 en un marc de natura incomparable<br \/>amb flexibilitat, personalitzaci\u00f3 i qualitat.<\/p><\/li><li>\t\t\n\t\t\t\t<img decoding=\"async\" src=\"\" alt=\"\" itemprop=\"image\"\/>\n\t\t<h3>Aperitius i banquet<\/h3 ><p>Gastronomia exclusiva segons les vostres prefer\u00e8ncies i per gaudir en el bosc, el jard\u00ed, la terrassa o el menjador.<\/p><\/li>\t<\/ul>\n\t<ul>\n\t\t<li>\t\t\n\t\t\t\t<img decoding=\"async\" src=\"\" alt=\"\" itemprop=\"image\"\/>\n\t\t<h3>Festa<\/h3 ><p>Espais elegants, personalitzats i plens de vida on divertir-se amb el ball i la festa posterior. <\/p>\n<\/li><li>\t\t\n\t\t\t\t<img decoding=\"async\" src=\"\" alt=\"\" itemprop=\"image\"\/>\n\t\t<h3>Suite<\/h3 ><p>Podreu gaudir d\u2019una suite decorada per a l&#8217;ocasi\u00f3 i els invitats tamb\u00e9 poden disposar de les habitacions de l\u2019hotel.<\/p>\n<\/li>\t<\/ul>\n\t\t\t<a href=\"https:\/\/hotellescapcades.com\/ca\/casaments-horta-sant-joan\/\" target=\"_self\"   role=\"button\" rel=\"noopener noreferrer\">\n\t\t\t\t\t\t\tCASAMENTS DE SOMNI\n\t\t<\/a>\n\t\t\t\tExisteix un lloc on no hi ha presses,<br \/>\non les nits s\u00f3n estelades,<br \/>\non la m\u00fasica \u00e9s silenci.\nUn lloc on \u00e9s f\u00e0cil oblidar-se<br \/>\nde l\u2019estr\u00e8s i dels sorolls de la ciutat\u2026\nUn lloc on perdre\u2019s<br \/>\n\u00e9s trobar-se amb un mateix..\nUn lloc on nom\u00e9s importes tu.<br \/>\nTu i el teu descans.\nSurt a la Terrassa<br \/>\ni contempla les cases apinyades del poble<br \/>\ni la paci\u00e8ncia mil\u00b7len\u00e0ria de les oliveres<br \/>\nque l\u2019aire dels Ports pentina suaument.\n<p>Tanca els ulls i respira\u2026<\/p>\n\n\t\t\t\t<p>Mil aromes a romer, fr\u00edgola, pi<br \/>i olivera encisaran els teus sentits,<br \/>contagiant cos i \u00e0nima<br \/>d\u2019una calma ancestral.<\/p>\n<p>Aqu\u00ed podr\u00e0s sentir\u2026<br \/>Podr\u00e0s perfumar-te amb els aromes de la natura,<br \/>reviure la mem\u00f2ria de les tradicions,<br \/>submergir-te en les propietats relaxants de l\u2019aigua,<br \/>assaborir l\u2019art dels fogons\u2026<\/p>\n<p>I quan estiguis lluny d\u2019aqu\u00ed,<br \/>podr\u00e0s tancar els ulls, i recordar,<br \/>i tornar a descansar, a respirar, a sentir\u2026<\/p>\n<p>\u00a0<\/p>\n<p><strong>RAMON SOLSONA<\/strong><\/p>\n\t\t\t<h3>Consulta les nostres <a href=\"https:\/\/hotellescapcades.com\/ca\/tarifes-hotel-horta-sant-joan\/\">tarifes i ofertes<\/a> per allotjar-te al cor de la Terra Alta<\/h3>\t\t\t\n\t\t\t<h3>Vols sorprendre a alg\u00fa d\u2019una manera especial?<\/h3>\t\t\t\n\t\t\t\t<p>REGALA CAP\u00c7ADES!<\/p>\n\t\t\t\t<img decoding=\"async\" src=\"https:\/\/hotellescapcades.com\/wp-content\/uploads\/2019\/02\/LesCapc\u0327ades_Slider_5.2.1.jpg\" alt=\"LesCapc\u0327ades_Slider_5.2.1\" itemprop=\"image\"\/>\n\t\t<h3>Pack Enoturisme<\/h3>\t\t\t\n\t\t\t\t<p>Un pack per a gaudir de la<br \/>gastronomia i els vins de la Terra Alta.<\/p>\n\t\t\t<a href=\"https:\/\/hotellescapcades.com\/ca\/hotel-horta-sant-joan\/regala-capcades\/#enoturismo\" target=\"_self\"   role=\"button\" rel=\"noopener noreferrer\">\n\t\t\t\t\t\t\tREGALAR\n\t\t<\/a>\n\t\t\t\t<img decoding=\"async\" src=\"https:\/\/hotellescapcades.com\/wp-content\/uploads\/2019\/05\/LesCapc\u0327ades_Inici_4.jpg\" alt=\"Cropped image of loving couple is spending time together in modern restaurant. Attractive young woman in dress and handsome man in suit are having romantic dinner. Celebrating Saint Valentine's Day.\" itemprop=\"image\"\/>\n\t\t<h3>Pack Cicloturisme<\/h3>\t\t\t\n\t\t\t\t<p>El regal perfecte per a descobrir<br \/>un indret \u00fanic amb bicicleta.<\/p>\n\t\t\t<a href=\"https:\/\/hotellescapcades.com\/ca\/hotel-horta-sant-joan\/regala-capcades\/#cicloturismo\" target=\"_self\"   role=\"button\" rel=\"noopener noreferrer\">\n\t\t\t\t\t\t\tREGALAR\n\t\t<\/a>\n\t\t\t\t<img decoding=\"async\" src=\"https:\/\/hotellescapcades.com\/wp-content\/uploads\/2019\/03\/LesCapc\u0327ades_Slider_1.5.1.jpg\" alt=\"LesCapc\u0327ades_Slider_1.5.1\" itemprop=\"image\"\/>\n\t\t<h3>Pack Relaxa&#8217;t<\/h3>\t\t\t\n\t\t\t\t<p>La desconexi\u00f3 i la tranquil\u00b7litat<br \/>acompanyades de la millor gastronomia.<\/p>\n\t\t\t<a href=\"https:\/\/hotellescapcades.com\/ca\/hotel-horta-sant-joan\/regala-capcades\/#relax\" target=\"_self\"   role=\"button\" rel=\"noopener noreferrer\">\n\t\t\t\t\t\t\tREGALAR\n\t\t<\/a>\n\t\t\t\t<img decoding=\"async\" src=\"https:\/\/hotellescapcades.com\/wp-content\/uploads\/2019\/01\/national-park.svg\" alt=\"national-park\" itemprop=\"image\"\/>\n\t\t<h3>Activitats i entorn<\/h3>\t\t\t\n\t\t\t\tEsport, naturalesa i patrimoni; tota la riquesa de la Terra Alta a un sol pas de dist\u00e0ncia.<br \/>\n\n\t\t\t\t\t\t\t\t\t\t\t\t\t\t<a href=\"https:\/\/hotellescapcades.com\/ca\/enoturisme\/\" target=\"_self\"  title=\"Enoturisme\" rel=\"noopener noreferrer\">\n\t\t\t\t<img decoding=\"async\" src=\"https:\/\/hotellescapcades.com\/wp-content\/uploads\/2019\/02\/LesCapc\u0327ades_Activ_5.2.1.jpg\" alt=\"\" \/>\n\t\t\t\t<\/a>\n\t\t\t\t\t\t<h3>\n\t\t\t\t<a href=https:\/\/hotellescapcades.com\/ca\/enoturisme\/ title=\"Enoturisme\" tabindex=\"0\">Enoturisme<\/a>\t\t\t<\/h3>\n\t\t\t\t\t\t\t\tAcosta&#8217;t a la comarca de la Terra Alta i descobreix la garnatxa blanca, el ra\u00efm que representa aquesta terra, ja que el 33% de la producci\u00f3 mundial surt de la nostra regi\u00f3.\n\t\t\t\t\t\t\t\t\t\t\t\t\t\t<a href=\"https:\/\/hotellescapcades.com\/ca\/via-verda\/\" target=\"_self\"  title=\"Via Verda\" rel=\"noopener noreferrer\">\n\t\t\t\t<img decoding=\"async\" src=\"https:\/\/hotellescapcades.com\/wp-content\/uploads\/2019\/02\/LesCapc\u0327ades_Activ_5.3.1.jpg\" alt=\"\" \/>\n\t\t\t\t<\/a>\n\t\t\t\t\t\t<h3>\n\t\t\t\t<a href=https:\/\/hotellescapcades.com\/ca\/via-verda\/ title=\"Via Verda\" tabindex=\"0\">Via Verda<\/a>\t\t\t<\/h3>\n\t\t\t\t\t\t\t\tUn dels recorreguts m\u00e9s impressionants per realitzar amb bicicleta. Una magn\u00edfica experi\u00e8ncia per a tot el que vulgui admirar paisatges i espais naturals \u00fanics.\n\t\t\t\t\t\t\t\t\t\t\t\t\t\t<a href=\"https:\/\/hotellescapcades.com\/ca\/parc-natural-dels-ports\/\" target=\"_self\"  title=\"Parc Natural dels Ports\" rel=\"noopener noreferrer\">\n\t\t\t\t<img decoding=\"async\" src=\"https:\/\/hotellescapcades.com\/wp-content\/uploads\/2019\/02\/LesCapc\u0327ades_Activ_5.4.1.jpg\" alt=\"\" \/>\n\t\t\t\t<\/a>\n\t\t\t\t\t\t<h3>\n\t\t\t\t<a href=https:\/\/hotellescapcades.com\/ca\/parc-natural-dels-ports\/ title=\"Parc Natural dels Ports\" tabindex=\"0\">Parc Natural dels Ports<\/a>\t\t\t<\/h3>\n\t\t\t\t\t\t\t\tDestinaci\u00f3 de muntanya que destaca per la seva bellesa i per la seva gran varietat de flora i fauna. El Parc Natural dels Ports \u00e9s un espai natural \u00fanic per a veure&#8217;l, visitar-lo i viure&#8217;l.\n\t\t\t\t\t\t\t\t\t\t\t\t\t\t<a href=\"https:\/\/hotellescapcades.com\/ca\/horta-de-sant-joan\/\" target=\"_self\"  title=\"Horta de Sant Joan\" rel=\"noopener noreferrer\">\n\t\t\t\t<img decoding=\"async\" src=\"https:\/\/hotellescapcades.com\/wp-content\/uploads\/2019\/02\/LesCapc\u0327ades_Activ_5.5.1.jpg\" alt=\"\" \/>\n\t\t\t\t<\/a>\n\t\t\t\t\t\t<h3>\n\t\t\t\t<a href=https:\/\/hotellescapcades.com\/ca\/horta-de-sant-joan\/ title=\"Horta de Sant Joan\" tabindex=\"0\">Horta de Sant Joan<\/a>\t\t\t<\/h3>\n\t\t\t\t\t\t\t\tCapital tur\u00edstica i cultural de la Terra Alta, Horta de Sant Joan \u00e9s un poble per a descobrir tots els seus racons, en disposar d&#8217;un conjunt art\u00edstic i hist\u00f2ric meravell\u00f3s.\n\t\t\t<a href=\"https:\/\/hotellescapcades.com\/ca\/activitats-horta-sant-joan\/\" target=\"_self\"   role=\"button\" rel=\"noopener noreferrer\">\n\t\t\t\t\t\t\tVEURE ACTIVITATS\n\t\t<\/a>\n","protected":false},"excerpt":{"rendered":"<p>DESCANSAR, RESPIRAR I SENTIR Silenci, Tranquil\u00b7litat, Naturalesa, Gastronomia, Cultura, Hist\u00f2ria, Art, Tradici\u00f3&#8230; Gaudir del silenci, d&#8217;un delici\u00f3s men\u00fa degustaci\u00f3 amb productes de la nostra terra, d&#8217;un passeig pel bosc, de la llum especial de Les Cap\u00e7ades i la seva m\u00e0gica posta de sol, de l&#8217;aroma a roman\u00ed, del nostre oli, de la piscina, d&#8217;un massatge [&hellip;]<\/p>\n","protected":false},"author":1,"featured_media":0,"parent":0,"menu_order":0,"comment_status":"closed","ping_status":"open","template":"","meta":{"_genesis_hide_title":false,"_genesis_hide_breadcrumbs":false,"_genesis_hide_singular_image":false,"_genesis_hide_footer_widgets":false,"_genesis_custom_body_class":"","_genesis_custom_post_class":"","_genesis_layout":""},"yoast_head":"<!-- This site is optimized with the Yoast SEO plugin v20.0 - https:\/\/yoast.com\/wordpress\/plugins\/seo\/ -->\n<title>Hotel Les Cap\u00e7ades - Hotel Rural en Horta de Sant Joan<\/title>\n<meta name=\"description\" content=\"Les Cap\u00e7ades \u00e9s un hotel rural a Horta de Sant Joan pensat per a descansar, sentir i respirar, a m\u00e9s de viure una exper\u00e8ncia especial\" \/>\n<meta name=\"robots\" content=\"index, follow, max-snippet:-1, max-image-preview:large, max-video-preview:-1\" \/>\n<link rel=\"canonical\" href=\"https:\/\/hotellescapcades.com\/ca\/\" \/>\n<meta property=\"og:locale\" content=\"ca_ES\" \/>\n<meta property=\"og:type\" content=\"article\" \/>\n<meta property=\"og:title\" content=\"Hotel Les Cap\u00e7ades - Hotel Rural en Horta de Sant Joan\" \/>\n<meta property=\"og:description\" content=\"Les Cap\u00e7ades \u00e9s un hotel rural a Horta de Sant Joan pensat per a descansar, sentir i respirar, a m\u00e9s de viure una exper\u00e8ncia especial\" \/>\n<meta property=\"og:url\" content=\"https:\/\/hotellescapcades.com\/ca\/\" \/>\n<meta property=\"og:site_name\" content=\"Hotel Les Cap\u00e7ades\" \/>\n<meta property=\"article:modified_time\" content=\"2019-06-14T11:04:40+00:00\" \/>\n<meta property=\"og:image\" content=\"https:\/\/hotellescapcades.com\/wp-content\/uploads\/2019\/01\/olivera.svg\" \/>\n<meta name=\"twitter:card\" content=\"summary_large_image\" \/>\n<meta name=\"twitter:label1\" content=\"Temps estimat de lectura\" \/>\n\t<meta name=\"twitter:data1\" content=\"4 minuts\" \/>\n<script type=\"application\/ld+json\" class=\"yoast-schema-graph\">{\"@context\":\"https:\/\/schema.org\",\"@graph\":[{\"@type\":\"WebPage\",\"@id\":\"https:\/\/hotellescapcades.com\/ca\/\",\"url\":\"https:\/\/hotellescapcades.com\/ca\/\",\"name\":\"Hotel Les Cap\u00e7ades - Hotel Rural en Horta de Sant Joan\",\"isPartOf\":{\"@id\":\"https:\/\/hotellescapcades.com\/#website\"},\"datePublished\":\"2019-01-16T13:49:35+00:00\",\"dateModified\":\"2019-06-14T11:04:40+00:00\",\"description\":\"Les Cap\u00e7ades \u00e9s un hotel rural a Horta de Sant Joan pensat per a descansar, sentir i respirar, a m\u00e9s de viure una exper\u00e8ncia especial\",\"breadcrumb\":{\"@id\":\"https:\/\/hotellescapcades.com\/ca\/#breadcrumb\"},\"inLanguage\":\"ca\",\"potentialAction\":[{\"@type\":\"ReadAction\",\"target\":[\"https:\/\/hotellescapcades.com\/ca\/\"]}]},{\"@type\":\"BreadcrumbList\",\"@id\":\"https:\/\/hotellescapcades.com\/ca\/#breadcrumb\",\"itemListElement\":[{\"@type\":\"ListItem\",\"position\":1,\"name\":\"Portada\",\"item\":\"https:\/\/hotellescapcades.com\/ca\/\"},{\"@type\":\"ListItem\",\"position\":2,\"name\":\"Inici\"}]},{\"@type\":\"WebSite\",\"@id\":\"https:\/\/hotellescapcades.com\/#website\",\"url\":\"https:\/\/hotellescapcades.com\/\",\"name\":\"Hotel Les Cap\u00e7ades\",\"description\":\"\",\"publisher\":{\"@id\":\"https:\/\/hotellescapcades.com\/#organization\"},\"potentialAction\":[{\"@type\":\"SearchAction\",\"target\":{\"@type\":\"EntryPoint\",\"urlTemplate\":\"https:\/\/hotellescapcades.com\/?s={search_term_string}\"},\"query-input\":\"required name=search_term_string\"}],\"inLanguage\":\"ca\"},{\"@type\":\"Organization\",\"@id\":\"https:\/\/hotellescapcades.com\/#organization\",\"name\":\"Hotel Les Cap\u00e7ades\",\"url\":\"https:\/\/hotellescapcades.com\/\",\"logo\":{\"@type\":\"ImageObject\",\"inLanguage\":\"ca\",\"@id\":\"https:\/\/hotellescapcades.com\/#\/schema\/logo\/image\/\",\"url\":\"https:\/\/hotellescapcades.com\/wp-content\/uploads\/2019\/01\/logo.svg\",\"contentUrl\":\"https:\/\/hotellescapcades.com\/wp-content\/uploads\/2019\/01\/logo.svg\",\"width\":374.36,\"height\":92.99,\"caption\":\"Hotel Les Cap\u00e7ades\"},\"image\":{\"@id\":\"https:\/\/hotellescapcades.com\/#\/schema\/logo\/image\/\"}}]}<\/script>\n<!-- \/ Yoast SEO plugin. -->","yoast_head_json":{"title":"Hotel Les Cap\u00e7ades - Hotel Rural en Horta de Sant Joan","description":"Les Cap\u00e7ades \u00e9s un hotel rural a Horta de Sant Joan pensat per a descansar, sentir i respirar, a m\u00e9s de viure una exper\u00e8ncia especial","robots":{"index":"index","follow":"follow","max-snippet":"max-snippet:-1","max-image-preview":"max-image-preview:large","max-video-preview":"max-video-preview:-1"},"canonical":"https:\/\/hotellescapcades.com\/ca\/","og_locale":"ca_ES","og_type":"article","og_title":"Hotel Les Cap\u00e7ades - Hotel Rural en Horta de Sant Joan","og_description":"Les Cap\u00e7ades \u00e9s un hotel rural a Horta de Sant Joan pensat per a descansar, sentir i respirar, a m\u00e9s de viure una exper\u00e8ncia especial","og_url":"https:\/\/hotellescapcades.com\/ca\/","og_site_name":"Hotel Les Cap\u00e7ades","article_modified_time":"2019-06-14T11:04:40+00:00","og_image":[{"url":"https:\/\/hotellescapcades.com\/wp-content\/uploads\/2019\/01\/olivera.svg"}],"twitter_card":"summary_large_image","twitter_misc":{"Temps estimat de lectura":"4 minuts"},"schema":{"@context":"https:\/\/schema.org","@graph":[{"@type":"WebPage","@id":"https:\/\/hotellescapcades.com\/ca\/","url":"https:\/\/hotellescapcades.com\/ca\/","name":"Hotel Les Cap\u00e7ades - Hotel Rural en Horta de Sant Joan","isPartOf":{"@id":"https:\/\/hotellescapcades.com\/#website"},"datePublished":"2019-01-16T13:49:35+00:00","dateModified":"2019-06-14T11:04:40+00:00","description":"Les Cap\u00e7ades \u00e9s un hotel rural a Horta de Sant Joan pensat per a descansar, sentir i respirar, a m\u00e9s de viure una exper\u00e8ncia especial","breadcrumb":{"@id":"https:\/\/hotellescapcades.com\/ca\/#breadcrumb"},"inLanguage":"ca","potentialAction":[{"@type":"ReadAction","target":["https:\/\/hotellescapcades.com\/ca\/"]}]},{"@type":"BreadcrumbList","@id":"https:\/\/hotellescapcades.com\/ca\/#breadcrumb","itemListElement":[{"@type":"ListItem","position":1,"name":"Portada","item":"https:\/\/hotellescapcades.com\/ca\/"},{"@type":"ListItem","position":2,"name":"Inici"}]},{"@type":"WebSite","@id":"https:\/\/hotellescapcades.com\/#website","url":"https:\/\/hotellescapcades.com\/","name":"Hotel Les Cap\u00e7ades","description":"","publisher":{"@id":"https:\/\/hotellescapcades.com\/#organization"},"potentialAction":[{"@type":"SearchAction","target":{"@type":"EntryPoint","urlTemplate":"https:\/\/hotellescapcades.com\/?s={search_term_string}"},"query-input":"required name=search_term_string"}],"inLanguage":"ca"},{"@type":"Organization","@id":"https:\/\/hotellescapcades.com\/#organization","name":"Hotel Les Cap\u00e7ades","url":"https:\/\/hotellescapcades.com\/","logo":{"@type":"ImageObject","inLanguage":"ca","@id":"https:\/\/hotellescapcades.com\/#\/schema\/logo\/image\/","url":"https:\/\/hotellescapcades.com\/wp-content\/uploads\/2019\/01\/logo.svg","contentUrl":"https:\/\/hotellescapcades.com\/wp-content\/uploads\/2019\/01\/logo.svg","width":374.36,"height":92.99,"caption":"Hotel Les Cap\u00e7ades"},"image":{"@id":"https:\/\/hotellescapcades.com\/#\/schema\/logo\/image\/"}}]}},"_links":{"self":[{"href":"https:\/\/hotellescapcades.com\/ca\/wp-json\/wp\/v2\/pages\/1531"}],"collection":[{"href":"https:\/\/hotellescapcades.com\/ca\/wp-json\/wp\/v2\/pages"}],"about":[{"href":"https:\/\/hotellescapcades.com\/ca\/wp-json\/wp\/v2\/types\/page"}],"author":[{"embeddable":true,"href":"https:\/\/hotellescapcades.com\/ca\/wp-json\/wp\/v2\/users\/1"}],"replies":[{"embeddable":true,"href":"https:\/\/hotellescapcades.com\/ca\/wp-json\/wp\/v2\/comments?post=1531"}],"version-history":[{"count":6,"href":"https:\/\/hotellescapcades.com\/ca\/wp-json\/wp\/v2\/pages\/1531\/revisions"}],"predecessor-version":[{"id":1821,"href":"https:\/\/hotellescapcades.com\/ca\/wp-json\/wp\/v2\/pages\/1531\/revisions\/1821"}],"wp:attachment":[{"href":"https:\/\/hotellescapcades.com\/ca\/wp-json\/wp\/v2\/media?parent=1531"}],"curies":[{"name":"wp","href":"https:\/\/api.w.org\/{rel}","templated":true}]}}