{"id":1554,"date":"2019-02-05T10:22:47","date_gmt":"2019-02-05T10:22:47","guid":{"rendered":"https:\/\/hotellescapcades.com\/hotel-horta-sant-joan\/"},"modified":"2020-02-17T11:25:37","modified_gmt":"2020-02-17T09:25:37","slug":"hotel-horta-sant-joan","status":"publish","type":"page","link":"https:\/\/hotellescapcades.com\/ca\/hotel-horta-sant-joan\/","title":{"rendered":"Hotel"},"content":{"rendered":"\n\t\t\t<h1>Hotel Les Cap\u00e7ades<\/h1>\t\t\t\n\t\t\t<h3>Benvinguts a l&#8217;Hotel Les Cap\u00e7ades<\/h3>\t\t\t\n\t\t\t\t<p>Les Cap\u00e7ades \u00e9s un hotel rural de tres estrelles situat a dos minuts del nucli urb\u00e0 d&#8217;<strong>Horta de Sant Joan<\/strong>, en la faldilla de la Serra dels Cap\u00e7ades. Envoltat de naturalesa, l&#8217;Hotel Les Cap\u00e7ades busca oferir el millor confort als clients que venen a con\u00e8ixer la <strong>Terra Alta<\/strong>. <\/p>\n<p>La tranquil\u00b7litat es respira amb el moviment suau dels pins i de les copes de les oliveres que ens envolten. Des de l&#8217;habitaci\u00f3 observar\u00e0s les millors vistes per a relaxar-te amb la postal nocturna de les llums del poble parpellejant i la majestuosa muntanya de Santa B\u00e0rbara. <\/p>\n<p>A m\u00e9s de 13 habitacions personalitzades amb terrassa pr\u00f2pia i, algunes d&#8217;elles, amb jard\u00ed privat, podr\u00e0s gaudir d&#8217;unes c\u00f2modes i completes instal\u00b7lacions i d&#8217;uns serveis exclusius, com el ritual de massatge LOOVE AULIVVA, que t&#8217;ajudaran a desconnectar i relaxar-te. <\/p>\n\t\t\t\t<img decoding=\"async\" src=\"https:\/\/hotellescapcades.com\/wp-content\/uploads\/2019\/02\/1-99.jpg\" alt=\"1-99\" title=\"1-99\" itemprop=\"image\"\/>\n\t\t\t\t<img decoding=\"async\" src=\"https:\/\/hotellescapcades.com\/wp-content\/uploads\/2019\/02\/3-101.jpg\" alt=\"3-101\" title=\"3-101\" itemprop=\"image\"\/>\n\t\t\t\t<img decoding=\"async\" src=\"https:\/\/hotellescapcades.com\/wp-content\/uploads\/2019\/03\/LesCapc\u0327ades_Hotel_3.jpg\" alt=\"LesCapc\u0327ades_Hotel_3\" title=\"LesCapc\u0327ades_Hotel_3\" itemprop=\"image\"\/>\n\t\t\t\t<img decoding=\"async\" src=\"https:\/\/hotellescapcades.com\/wp-content\/uploads\/2019\/03\/LesCapc\u0327ades_Hotel_4.jpg\" alt=\"LesCapc\u0327ades_Hotel_4\" title=\"LesCapc\u0327ades_Hotel_4\" itemprop=\"image\"\/>\n\t\t\t<a href=\"https:\/\/www.bolrooms.com\/guest\/?hotel=hotellescapcades\" target=\"_blank\" rel=\"&quot;noopener noopener noreferrer\" role=\"button\">\n\t\t\t\t\t\t\tRESERVA ARA!\n\t\t<\/a>\n\t\t\t<h2>Gaudeix d\u2019un entorn \u00fanic per respirar, descansar i sentir <\/h2>\t\t\t\n\t\t\t\t<img decoding=\"async\" src=\"https:\/\/hotellescapcades.com\/wp-content\/uploads\/2019\/02\/bed.svg\" alt=\"bed\" title=\"bed\" itemprop=\"image\"\/>\n\t\t<h3>Habitacions<\/h3>\t\t\t\n\t\t\t\t<p>Al nostre <strong>hotel rural <\/strong>disposem de 13 habitacions personalitzades, molt espaioses, amb terrassa pr\u00f2pia, i algunes d&#8217;elles amb jard\u00ed privat, equipades per a oferir una agradable i inoblidable <strong>estada a la Terra Alta<\/strong>.<\/b><\/p>\n\t\t\t<a href=\"https:\/\/hotellescapcades.com\/ca\/hotel-horta-sant-joan\/habitacions\/\" target=\"_self\" role=\"button\" rel=\"noopener noreferrer\">\n\t\t\t\t\t\t\tVEURE LES HABITACIONS\n\t\t<\/a>\n\t<ul>\n\t\t<li>\t\t\t\t\n\t\t<h3>Habitacions est\u00e0ndard<\/h3 ><\/li><li>\t\t\t\t\n\t\t<h3>Habitacions superiors<\/h3 ><\/li><li>\t\t\t\t\n\t\t<h3>Habitacions superiors amb jard\u00ed<\/h3 ><\/li>\t<\/ul>\n\t\t\t<h3>Consulta les nostres <a href=\"https:\/\/hotellescapcades.com\/ca\/tarifes-hotel-horta-sant-joan\/\">tarifes i ofertes<\/a> per allotjar-te al cor de la Terra Alta<\/h3>\t\t\t\n\t\t\t\t<img decoding=\"async\" src=\"https:\/\/hotellescapcades.com\/wp-content\/uploads\/2019\/02\/reception-desk.svg\" alt=\"reception-desk\" title=\"reception-desk\" itemprop=\"image\"\/>\n\t\t<h3>Instal\u00b7lacions<\/h3>\t\t\t\n\t\t\t<h3>Jardins i terrassa<\/h3>\t\t\t\n\t\t\t\t<p> L&#8217;Hotel Les Cap\u00e7ades es troba envoltat de naturalesa i en una privilegiada ubicaci\u00f3. \u00c9s un lloc amb un encant especial on \u00e9s possible desconnectar, gaudir del silenci i de la tranquil\u00b7litat que ofereix el contacte amb la natura.<\/p>\n<p> L&#8217;exterior de l&#8217;hotel est\u00e0 envoltat d&#8217;una \u00e0mplia terrassa i uns espectaculars jardins des d&#8217;on podreu admirar les vistes al Parc Natural dels Ports i unes postes de sol \u00faniques. El bosc tamb\u00e9 \u00e9s un lloc singular gr\u00e0cies als raigs de sol que s&#8217;endinsen entre els pins i la sensaci\u00f3 de pau que ofereix. <\/p>\n\t\t\t<h3>Piscina climatitzada<\/h3>\t\t\t\n\t\t\t\t<p>Podr\u00e0s donar al teu cos un descans en la nostra piscina climatitzada coberta, des d&#8217;on contemplar\u00e0s un enclavament natural incomparable. La piscina comunica amb la terrassa des d&#8217;on podr\u00e0s admirar les vistes als Ports de Tortosa-Beceite i relaxar-te en el m\u00e9s absolut silenci dels pins i les oliveres que adornen el paisatge de Les Cap\u00e7ades.<\/p>\n<p>Un entorn meravell\u00f3s per descansar, sentir i respirar, on podr\u00e0s gaudir de la lectura i de la nostra extensa carta de <em>gin&amp;tonics<\/em>. Des de la piscina de l&#8217;Hotel Les Cap\u00e7ades experimentar\u00e0s un c\u00famul de sensacions que mai oblidar\u00e0s.<\/p>\n\t\t\t<h3>Sala de lectura<\/h3>\t\t\t\n\t\t\t\t<p>Disposar\u00e0s d&#8217;una \u00e0rea dedicada al relax. A la sala de lectura de l&#8217;Hotel Les Cap\u00e7ades podr\u00e0s recuperar energia, planificar les rutes de l&#8217;endem\u00e0, o b\u00e9 simplement gaudir d&#8217;una bona copa de vi i un llibre al costat de la xemeneia amb unes vistes \u00faniques.<\/p>\n<p>\u00c9s un espai silenci\u00f3s i relaxant on poder compartir moments de tranquil\u00b7litat, amb un bon llibre o la magn\u00edfica companyia de les converses dels qui t&#8217;acompanyen.<\/p>\n\t\t\t<h3>Vols sorprendre a alg\u00fa d\u2019una manera especial?<\/h3>\t\t\t\n\t\t\t<a href=\"https:\/\/hotellescapcades.com\/ca\/hotel-horta-sant-joan\/regala-capcades\/\" target=\"_self\" role=\"button\" rel=\"noopener noreferrer\">\n\t\t\t\t\t\t\tREGALA CAP\u00c7ADES!\n\t\t<\/a>\n\t\t\t\t<img decoding=\"async\" src=\"https:\/\/hotellescapcades.com\/wp-content\/uploads\/2019\/02\/spa.svg\" alt=\"spa\" title=\"spa\" itemprop=\"image\"\/>\n\t\t<h3>Massatges i rituals<\/h3>\t\t\t\n\t\t\t\t<img decoding=\"async\" src=\"https:\/\/hotellescapcades.com\/wp-content\/uploads\/2019\/02\/olive.jpg\" alt=\"olive\">\n\t\t\t<h3>Nou ritual LOVVE AULIVVA!<\/h3>\n\t\t<a href=\"https:\/\/hotellescapcades.com\/ca\/hotel-horta-sant-joan\/massatges-i-rituals\/\" target=\"_self\" rel=\"noopener noreferrer\"><\/a>\n\t\t\t<a href=\"https:\/\/hotellescapcades.com\/ca\/hotel-horta-sant-joan\/massatges-i-rituals\/\" target=\"_self\" role=\"button\" rel=\"noopener noreferrer\">\n\t\t\t\t\t\t\tDESCOBREIX TOTS ELS DETALLS\n\t\t<\/a>\n\t\t\t\t<h3>Estigues informat de totes les nostres ofertes i promocions!<\/h3>\n\t\t\t\t\t<input type=\"text\" name=\"uabb-subscribe-form-fname\" id=\"uabb-subscribe-form-fname\" placeholder=\"\" \/>\n\t\t\t\t\t\t\t\t\t\t<label for=\"uabb-subscribe-form-fname\">Nom<\/label>\n\t\t\t\t\t\t\t\t\t\t\t!\n\t\t\t\t<!-- Inline Block Space Fix \n\t\t\t\t-->\n\t\t\t\t<!-- Inline Block Space Fix\n\t\t\t\t-->\n\t\t\t\t\t<input type=\"email\" name=\"uabb-subscribe-form-email\" placeholder=\"\" \/>\n\t\t\t\t\t\t\t\t\t\t<label for=\"uabb-subscribe-form-email\">Correu<\/label>\n\t\t\t\t\t\t\t\t\t\t\t!\n\t\t\t\t<!-- Inline Block Space Fix\t\n\t\t\t\t--><!-- Inline Block Space Fix\t\n\t\t\t\t-->\n\t\t\t<a href=\"#\" target=\"_self\" role=\"button\" rel=\"noopener noreferrer\">\n\t\t\t\t\t\t\tEm vull subscriure!\n\t\t<\/a>\n\t\t\t\t\t\t\t<label for=\"uabb-terms-checkbox-_1273854918\">\n\t\t\t\t\t\t\t\t<input type=\"checkbox\" id=\"uabb-terms-checkbox-_1273854918\" name=\"uabb-terms-checkbox\" value=\"1\" \/>\n\t\t\t\t\t\t\t\t\tAccepto els <a href=\"\/aviso-legal\" target=\"_blank\" rel=\"noopener noreferrer\">termes i condicions<\/a>\t\t\t\t\t\t\t\t\n\t\t\t\t\t\t\t<\/label>\n\t\t\t\t\t\t\tTerms and Conditions checkbox is required.\n\t\t\t\t\t\tSomething went wrong. Please check your entries and try again.\n\t\t","protected":false},"excerpt":{"rendered":"<p>Hotel Les Cap\u00e7ades Benvinguts a l&#8217;Hotel Les Cap\u00e7ades Les Cap\u00e7ades \u00e9s un hotel rural de tres estrelles situat a dos minuts del nucli urb\u00e0 d&#8217;Horta de Sant Joan, en la faldilla de la Serra dels Cap\u00e7ades. Envoltat de naturalesa, l&#8217;Hotel Les Cap\u00e7ades busca oferir el millor confort als clients que venen a con\u00e8ixer la Terra [&hellip;]<\/p>\n","protected":false},"author":1,"featured_media":0,"parent":0,"menu_order":0,"comment_status":"closed","ping_status":"open","template":"","meta":{"_genesis_hide_title":false,"_genesis_hide_breadcrumbs":false,"_genesis_hide_singular_image":false,"_genesis_hide_footer_widgets":false,"_genesis_custom_body_class":"","_genesis_custom_post_class":"","_genesis_layout":"","footnotes":""},"class_list":{"0":"post-1554","1":"page","2":"type-page","3":"status-publish","5":"entry","6":"has-post-thumbnail"},"yoast_head":"<!-- This site is optimized with the Yoast SEO plugin v20.0 - https:\/\/yoast.com\/wordpress\/plugins\/seo\/ -->\n<title>Hotel Rural a Horta de Sant Joan - Hotel Les Cap\u00e7ades<\/title>\n<meta name=\"description\" content=\"Habitacions personalitzades, gastronomia de proximitat, piscina climatitzada, servei de massatges\u2026 descobreix com ser\u00e0 la teva escapada a la Terra Alta!\" \/>\n<meta name=\"robots\" content=\"index, follow, max-snippet:-1, max-image-preview:large, max-video-preview:-1\" \/>\n<link rel=\"canonical\" href=\"https:\/\/hotellescapcades.com\/ca\/hotel-horta-sant-joan\/\" \/>\n<meta property=\"og:locale\" content=\"ca_ES\" \/>\n<meta property=\"og:type\" content=\"article\" \/>\n<meta property=\"og:title\" content=\"Hotel Rural a Horta de Sant Joan - Hotel Les Cap\u00e7ades\" \/>\n<meta property=\"og:description\" content=\"Habitacions personalitzades, gastronomia de proximitat, piscina climatitzada, servei de massatges\u2026 descobreix com ser\u00e0 la teva escapada a la Terra Alta!\" \/>\n<meta property=\"og:url\" content=\"https:\/\/hotellescapcades.com\/ca\/hotel-horta-sant-joan\/\" \/>\n<meta property=\"og:site_name\" content=\"Hotel Les Cap\u00e7ades\" \/>\n<meta property=\"article:modified_time\" content=\"2020-02-17T09:25:37+00:00\" \/>\n<meta property=\"og:image\" content=\"https:\/\/hotellescapcades.com\/wp-content\/uploads\/2019\/02\/1-99.jpg\" \/>\n<meta name=\"twitter:card\" content=\"summary_large_image\" \/>\n<meta name=\"twitter:label1\" content=\"Temps estimat de lectura\" \/>\n\t<meta name=\"twitter:data1\" content=\"3 minuts\" \/>\n<script type=\"application\/ld+json\" class=\"yoast-schema-graph\">{\"@context\":\"https:\/\/schema.org\",\"@graph\":[{\"@type\":\"WebPage\",\"@id\":\"https:\/\/hotellescapcades.com\/ca\/hotel-horta-sant-joan\/\",\"url\":\"https:\/\/hotellescapcades.com\/ca\/hotel-horta-sant-joan\/\",\"name\":\"Hotel Rural a Horta de Sant Joan - Hotel Les Cap\u00e7ades\",\"isPartOf\":{\"@id\":\"https:\/\/hotellescapcades.com\/#website\"},\"datePublished\":\"2019-02-05T10:22:47+00:00\",\"dateModified\":\"2020-02-17T09:25:37+00:00\",\"description\":\"Habitacions personalitzades, gastronomia de proximitat, piscina climatitzada, servei de massatges\u2026 descobreix com ser\u00e0 la teva escapada a la Terra Alta!\",\"breadcrumb\":{\"@id\":\"https:\/\/hotellescapcades.com\/ca\/hotel-horta-sant-joan\/#breadcrumb\"},\"inLanguage\":\"ca\",\"potentialAction\":[{\"@type\":\"ReadAction\",\"target\":[\"https:\/\/hotellescapcades.com\/ca\/hotel-horta-sant-joan\/\"]}]},{\"@type\":\"BreadcrumbList\",\"@id\":\"https:\/\/hotellescapcades.com\/ca\/hotel-horta-sant-joan\/#breadcrumb\",\"itemListElement\":[{\"@type\":\"ListItem\",\"position\":1,\"name\":\"Portada\",\"item\":\"https:\/\/hotellescapcades.com\/ca\/\"},{\"@type\":\"ListItem\",\"position\":2,\"name\":\"Hotel\"}]},{\"@type\":\"WebSite\",\"@id\":\"https:\/\/hotellescapcades.com\/#website\",\"url\":\"https:\/\/hotellescapcades.com\/\",\"name\":\"Hotel Les Cap\u00e7ades\",\"description\":\"\",\"publisher\":{\"@id\":\"https:\/\/hotellescapcades.com\/#organization\"},\"potentialAction\":[{\"@type\":\"SearchAction\",\"target\":{\"@type\":\"EntryPoint\",\"urlTemplate\":\"https:\/\/hotellescapcades.com\/?s={search_term_string}\"},\"query-input\":\"required name=search_term_string\"}],\"inLanguage\":\"ca\"},{\"@type\":\"Organization\",\"@id\":\"https:\/\/hotellescapcades.com\/#organization\",\"name\":\"Hotel Les Cap\u00e7ades\",\"url\":\"https:\/\/hotellescapcades.com\/\",\"logo\":{\"@type\":\"ImageObject\",\"inLanguage\":\"ca\",\"@id\":\"https:\/\/hotellescapcades.com\/#\/schema\/logo\/image\/\",\"url\":\"https:\/\/hotellescapcades.com\/wp-content\/uploads\/2019\/01\/logo.svg\",\"contentUrl\":\"https:\/\/hotellescapcades.com\/wp-content\/uploads\/2019\/01\/logo.svg\",\"width\":374.36,\"height\":92.99,\"caption\":\"Hotel Les Cap\u00e7ades\"},\"image\":{\"@id\":\"https:\/\/hotellescapcades.com\/#\/schema\/logo\/image\/\"}}]}<\/script>\n<!-- \/ Yoast SEO plugin. -->","yoast_head_json":{"title":"Hotel Rural a Horta de Sant Joan - Hotel Les Cap\u00e7ades","description":"Habitacions personalitzades, gastronomia de proximitat, piscina climatitzada, servei de massatges\u2026 descobreix com ser\u00e0 la teva escapada a la Terra Alta!","robots":{"index":"index","follow":"follow","max-snippet":"max-snippet:-1","max-image-preview":"max-image-preview:large","max-video-preview":"max-video-preview:-1"},"canonical":"https:\/\/hotellescapcades.com\/ca\/hotel-horta-sant-joan\/","og_locale":"ca_ES","og_type":"article","og_title":"Hotel Rural a Horta de Sant Joan - Hotel Les Cap\u00e7ades","og_description":"Habitacions personalitzades, gastronomia de proximitat, piscina climatitzada, servei de massatges\u2026 descobreix com ser\u00e0 la teva escapada a la Terra Alta!","og_url":"https:\/\/hotellescapcades.com\/ca\/hotel-horta-sant-joan\/","og_site_name":"Hotel Les Cap\u00e7ades","article_modified_time":"2020-02-17T09:25:37+00:00","og_image":[{"url":"https:\/\/hotellescapcades.com\/wp-content\/uploads\/2019\/02\/1-99.jpg"}],"twitter_card":"summary_large_image","twitter_misc":{"Temps estimat de lectura":"3 minuts"},"schema":{"@context":"https:\/\/schema.org","@graph":[{"@type":"WebPage","@id":"https:\/\/hotellescapcades.com\/ca\/hotel-horta-sant-joan\/","url":"https:\/\/hotellescapcades.com\/ca\/hotel-horta-sant-joan\/","name":"Hotel Rural a Horta de Sant Joan - Hotel Les Cap\u00e7ades","isPartOf":{"@id":"https:\/\/hotellescapcades.com\/#website"},"datePublished":"2019-02-05T10:22:47+00:00","dateModified":"2020-02-17T09:25:37+00:00","description":"Habitacions personalitzades, gastronomia de proximitat, piscina climatitzada, servei de massatges\u2026 descobreix com ser\u00e0 la teva escapada a la Terra Alta!","breadcrumb":{"@id":"https:\/\/hotellescapcades.com\/ca\/hotel-horta-sant-joan\/#breadcrumb"},"inLanguage":"ca","potentialAction":[{"@type":"ReadAction","target":["https:\/\/hotellescapcades.com\/ca\/hotel-horta-sant-joan\/"]}]},{"@type":"BreadcrumbList","@id":"https:\/\/hotellescapcades.com\/ca\/hotel-horta-sant-joan\/#breadcrumb","itemListElement":[{"@type":"ListItem","position":1,"name":"Portada","item":"https:\/\/hotellescapcades.com\/ca\/"},{"@type":"ListItem","position":2,"name":"Hotel"}]},{"@type":"WebSite","@id":"https:\/\/hotellescapcades.com\/#website","url":"https:\/\/hotellescapcades.com\/","name":"Hotel Les Cap\u00e7ades","description":"","publisher":{"@id":"https:\/\/hotellescapcades.com\/#organization"},"potentialAction":[{"@type":"SearchAction","target":{"@type":"EntryPoint","urlTemplate":"https:\/\/hotellescapcades.com\/?s={search_term_string}"},"query-input":"required name=search_term_string"}],"inLanguage":"ca"},{"@type":"Organization","@id":"https:\/\/hotellescapcades.com\/#organization","name":"Hotel Les Cap\u00e7ades","url":"https:\/\/hotellescapcades.com\/","logo":{"@type":"ImageObject","inLanguage":"ca","@id":"https:\/\/hotellescapcades.com\/#\/schema\/logo\/image\/","url":"https:\/\/hotellescapcades.com\/wp-content\/uploads\/2019\/01\/logo.svg","contentUrl":"https:\/\/hotellescapcades.com\/wp-content\/uploads\/2019\/01\/logo.svg","width":374.36,"height":92.99,"caption":"Hotel Les Cap\u00e7ades"},"image":{"@id":"https:\/\/hotellescapcades.com\/#\/schema\/logo\/image\/"}}]}},"_links":{"self":[{"href":"https:\/\/hotellescapcades.com\/ca\/wp-json\/wp\/v2\/pages\/1554","targetHints":{"allow":["GET"]}}],"collection":[{"href":"https:\/\/hotellescapcades.com\/ca\/wp-json\/wp\/v2\/pages"}],"about":[{"href":"https:\/\/hotellescapcades.com\/ca\/wp-json\/wp\/v2\/types\/page"}],"author":[{"embeddable":true,"href":"https:\/\/hotellescapcades.com\/ca\/wp-json\/wp\/v2\/users\/1"}],"replies":[{"embeddable":true,"href":"https:\/\/hotellescapcades.com\/ca\/wp-json\/wp\/v2\/comments?post=1554"}],"version-history":[{"count":6,"href":"https:\/\/hotellescapcades.com\/ca\/wp-json\/wp\/v2\/pages\/1554\/revisions"}],"predecessor-version":[{"id":2073,"href":"https:\/\/hotellescapcades.com\/ca\/wp-json\/wp\/v2\/pages\/1554\/revisions\/2073"}],"wp:attachment":[{"href":"https:\/\/hotellescapcades.com\/ca\/wp-json\/wp\/v2\/media?parent=1554"}],"curies":[{"name":"wp","href":"https:\/\/api.w.org\/{rel}","templated":true}]}}