{"id":1561,"date":"2019-02-06T11:23:22","date_gmt":"2019-02-06T11:23:22","guid":{"rendered":"https:\/\/hotellescapcades.com\/hotel-horta-sant-joan\/masajes-rituales\/"},"modified":"2019-06-25T06:38:13","modified_gmt":"2019-06-25T06:38:13","slug":"massatges-i-rituals","status":"publish","type":"page","link":"https:\/\/hotellescapcades.com\/ca\/hotel-horta-sant-joan\/massatges-i-rituals\/","title":{"rendered":"Massatges i Rituals"},"content":{"rendered":"\n\t\t\t<h1>Massatges i Rituals<\/h1>\t\t\t\n\t\t\t\t<img decoding=\"async\" src=\"https:\/\/hotellescapcades.com\/wp-content\/uploads\/2019\/02\/spa.svg\" alt=\"spa\" itemprop=\"image\"\/>\n\t\t\t\t<p>A m\u00e9s de gaudir d&#8217;un enclavament natural a la Terra Alta, podr\u00e0s oferir al teu cos el descans que es mereix gr\u00e0cies a la nostra \u00e0mplia gamma de massatges i rituals, realitzats amb productes naturals i exclusius. Amb unes vistes espectaculars als Ports de Tortosa &#8211; Beceite, podr\u00e0s desconnectar de la rutina di\u00e0ria i transformar el teu cansament en benestar.<\/p>\n<p>Trobar\u00e0s propostes interessants i atractives que et faran sentir i desconnectar per a tornar a connectar. Totes les cures en mans de grans professionals perqu\u00e8 aprofitis la teva <strong>escapada a Horta de Sant Joan<\/strong> per a relaxar-te.<\/p>\n<p>Una novetat a Hotel Les Cap\u00e7ades \u00e9s el ritual LOVVE AULIVVA, realitzat amb oli d&#8217;oliva, un producte utilitzat pels seus beneficis en la salut i la bellesa.<\/p>\n\t\t\t\t<p>Per als nostres massatges i rituals, utilitzem diversos productes. Tots ells aporten benestar f\u00edsic, emocional i mental, respectant les proporcions perfectes de la naturalesa.<\/p>\n<p>Per exemple, LILA (Fresh Lavender Soul) , \u00e9s una aigua floral relaxant, un producte molt vers\u00e0til adequat per a tot tipus de pells, que neteja, purifica i oxigena. ISABELLA (Sublim Hongary Water) \u00e9s un t\u00f2nic corporal revitalizante que actua obrint els porus i estimulant la circulaci\u00f3.<\/p>\n<p>ISABELLA (Blossom Silk Sensation) \u00e9s un oli relaxant antiestr\u00e9s, d&#8217;efecte relaxant i equilibrant integral. La seva composici\u00f3, rica en oli d&#8217;oliva, arg\u00e1n i ametlles dolces, regenera i ofereix un extra d&#8217;hidrataci\u00f3, mantenint l&#8217;elasticitat de l&#8217;epidermis.<\/p>\n<p>SELVA (Essence of Nature) \u00e9s un oli descontracturant terap\u00e8utic indicat per al tractament de les contractures i lesions musculars associades a la pr\u00e0ctica d&#8217;esport i tamb\u00e9 produ\u00efdes per estr\u00e8s o ansietat. Potent efecte descontracturant, distensionant i relaxant.<\/p>\n<p>T&#8217;animem a desconnectar de la ruta di\u00e0ria, a sentir la tranquil\u00b7litat, a alleujar tensions musculars, a revitalitzar cos i ment.<\/p>\n\t\t\t<h5>OLEOTER\u00c0PIA<\/h5><h3>TALLER DE  COSM\u00c8TICA VIVA, RESPECTUOSA I CONSCIENT<\/h3>\t\t\t\n\t\t\t\t<p><small>M\u00ednim. 4 pax \u2013 25 euros\/persona<\/small><\/p>\n<p>Taller d\u2019introducci\u00f3 a la utilitzaci\u00f3 de la cosm\u00e8tica natural sense qu\u00edmica VS la convencional.<br \/>Us volem conscienciar de l\u2019autocura natural amb productes ecol\u00f2gics i respectuosos amb el medi ambient.<\/p>\n<p>on aprendr\u00e0s a fer un desmaquillador bif\u00e0sic,<br \/>parlarem de les aig\u00fces micel\u00b7lars,<br \/>farem tamb\u00e9 un peeling facial<br \/>i ho acabarem amb una rutina d\u2019higiene conscient del rostre amb les regles d\u2019or:<br \/>neteja de les petjades del dia,<br \/>neteja profunda amb dedicaci\u00f3 i afecte,<br \/>massatge facial mindfulness\u2026<br \/>tot aix\u00f2 envoltat d\u2019oliveres centen\u00e0ries al nostre jard\u00ed<br \/>deixa\u2019t que et cuidem,<br \/>respira, descansa i sent&#8230;<\/p>\n\t\t\t<h3>Consulta les nostres <a href=\"https:\/\/hotellescapcades.com\/ca\/tarifes-hotel-horta-sant-joan\/\">tarifes i ofertes<\/a> per allotjar-te al cor de la Terra Alta<\/h3>\t\t\t\n","protected":false},"excerpt":{"rendered":"<p>Massatges i Rituals A m\u00e9s de gaudir d&#8217;un enclavament natural a la Terra Alta, podr\u00e0s oferir al teu cos el descans que es mereix gr\u00e0cies a la nostra \u00e0mplia gamma de massatges i rituals, realitzats amb productes naturals i exclusius. Amb unes vistes espectaculars als Ports de Tortosa &#8211; Beceite, podr\u00e0s desconnectar de la rutina [&hellip;]<\/p>\n","protected":false},"author":1,"featured_media":0,"parent":1554,"menu_order":0,"comment_status":"closed","ping_status":"open","template":"","meta":{"_genesis_hide_title":false,"_genesis_hide_breadcrumbs":false,"_genesis_hide_singular_image":false,"_genesis_hide_footer_widgets":false,"_genesis_custom_body_class":"","_genesis_custom_post_class":"","_genesis_layout":"","footnotes":""},"class_list":{"0":"post-1561","1":"page","2":"type-page","3":"status-publish","5":"entry","6":"has-post-thumbnail"},"yoast_head":"<!-- This site is optimized with the Yoast SEO plugin v27.5 - https:\/\/yoast.com\/product\/yoast-seo-wordpress\/ -->\n<title>Massatges a Horta de Sant Joan - Hotel Les Cap\u00e7ades<\/title>\n<meta name=\"description\" content=\"Ofereix al teu cos el descans que es mereix gr\u00e0cies als nostres massatges i rituals, realitzats amb productes naturals i exclusius.\" \/>\n<meta name=\"robots\" content=\"index, follow, max-snippet:-1, max-image-preview:large, max-video-preview:-1\" \/>\n<link rel=\"canonical\" href=\"https:\/\/hotellescapcades.com\/ca\/hotel-horta-sant-joan\/massatges-i-rituals\/\" \/>\n<meta property=\"og:locale\" content=\"ca_ES\" \/>\n<meta property=\"og:type\" content=\"article\" \/>\n<meta property=\"og:title\" content=\"Massatges a Horta de Sant Joan - Hotel Les Cap\u00e7ades\" \/>\n<meta property=\"og:description\" content=\"Ofereix al teu cos el descans que es mereix gr\u00e0cies als nostres massatges i rituals, realitzats amb productes naturals i exclusius.\" \/>\n<meta property=\"og:url\" content=\"https:\/\/hotellescapcades.com\/ca\/hotel-horta-sant-joan\/massatges-i-rituals\/\" \/>\n<meta property=\"og:site_name\" content=\"Hotel Les Cap\u00e7ades\" \/>\n<meta property=\"article:modified_time\" content=\"2019-06-25T06:38:13+00:00\" \/>\n<meta property=\"og:image\" content=\"https:\/\/hotellescapcades.com\/wp-content\/uploads\/2019\/02\/spa.svg\" \/>\n<meta name=\"twitter:card\" content=\"summary_large_image\" \/>\n<meta name=\"twitter:label1\" content=\"Temps estimat de lectura\" \/>\n\t<meta name=\"twitter:data1\" content=\"2 minuts\" \/>\n<script type=\"application\/ld+json\" class=\"yoast-schema-graph\">{\"@context\":\"https:\\\/\\\/schema.org\",\"@graph\":[{\"@type\":\"WebPage\",\"@id\":\"https:\\\/\\\/hotellescapcades.com\\\/ca\\\/hotel-horta-sant-joan\\\/massatges-i-rituals\\\/\",\"url\":\"https:\\\/\\\/hotellescapcades.com\\\/ca\\\/hotel-horta-sant-joan\\\/massatges-i-rituals\\\/\",\"name\":\"Massatges a Horta de Sant Joan - Hotel Les Cap\u00e7ades\",\"isPartOf\":{\"@id\":\"https:\\\/\\\/hotellescapcades.com\\\/#website\"},\"primaryImageOfPage\":{\"@id\":\"https:\\\/\\\/hotellescapcades.com\\\/ca\\\/hotel-horta-sant-joan\\\/massatges-i-rituals\\\/#primaryimage\"},\"image\":{\"@id\":\"https:\\\/\\\/hotellescapcades.com\\\/ca\\\/hotel-horta-sant-joan\\\/massatges-i-rituals\\\/#primaryimage\"},\"thumbnailUrl\":\"https:\\\/\\\/hotellescapcades.com\\\/wp-content\\\/uploads\\\/2019\\\/02\\\/spa.svg\",\"datePublished\":\"2019-02-06T11:23:22+00:00\",\"dateModified\":\"2019-06-25T06:38:13+00:00\",\"description\":\"Ofereix al teu cos el descans que es mereix gr\u00e0cies als nostres massatges i rituals, realitzats amb productes naturals i exclusius.\",\"breadcrumb\":{\"@id\":\"https:\\\/\\\/hotellescapcades.com\\\/ca\\\/hotel-horta-sant-joan\\\/massatges-i-rituals\\\/#breadcrumb\"},\"inLanguage\":\"ca\",\"potentialAction\":[{\"@type\":\"ReadAction\",\"target\":[\"https:\\\/\\\/hotellescapcades.com\\\/ca\\\/hotel-horta-sant-joan\\\/massatges-i-rituals\\\/\"]}]},{\"@type\":\"ImageObject\",\"inLanguage\":\"ca\",\"@id\":\"https:\\\/\\\/hotellescapcades.com\\\/ca\\\/hotel-horta-sant-joan\\\/massatges-i-rituals\\\/#primaryimage\",\"url\":\"https:\\\/\\\/hotellescapcades.com\\\/wp-content\\\/uploads\\\/2019\\\/02\\\/spa.svg\",\"contentUrl\":\"https:\\\/\\\/hotellescapcades.com\\\/wp-content\\\/uploads\\\/2019\\\/02\\\/spa.svg\"},{\"@type\":\"BreadcrumbList\",\"@id\":\"https:\\\/\\\/hotellescapcades.com\\\/ca\\\/hotel-horta-sant-joan\\\/massatges-i-rituals\\\/#breadcrumb\",\"itemListElement\":[{\"@type\":\"ListItem\",\"position\":1,\"name\":\"Portada\",\"item\":\"https:\\\/\\\/hotellescapcades.com\\\/ca\\\/\"},{\"@type\":\"ListItem\",\"position\":2,\"name\":\"Hotel\",\"item\":\"https:\\\/\\\/hotellescapcades.com\\\/ca\\\/hotel-horta-sant-joan\\\/\"},{\"@type\":\"ListItem\",\"position\":3,\"name\":\"Massatges i Rituals\"}]},{\"@type\":\"WebSite\",\"@id\":\"https:\\\/\\\/hotellescapcades.com\\\/#website\",\"url\":\"https:\\\/\\\/hotellescapcades.com\\\/\",\"name\":\"Hotel Les Cap\u00e7ades\",\"description\":\"\",\"publisher\":{\"@id\":\"https:\\\/\\\/hotellescapcades.com\\\/#organization\"},\"potentialAction\":[{\"@type\":\"SearchAction\",\"target\":{\"@type\":\"EntryPoint\",\"urlTemplate\":\"https:\\\/\\\/hotellescapcades.com\\\/?s={search_term_string}\"},\"query-input\":{\"@type\":\"PropertyValueSpecification\",\"valueRequired\":true,\"valueName\":\"search_term_string\"}}],\"inLanguage\":\"ca\"},{\"@type\":\"Organization\",\"@id\":\"https:\\\/\\\/hotellescapcades.com\\\/#organization\",\"name\":\"Hotel Les Cap\u00e7ades\",\"url\":\"https:\\\/\\\/hotellescapcades.com\\\/\",\"logo\":{\"@type\":\"ImageObject\",\"inLanguage\":\"ca\",\"@id\":\"https:\\\/\\\/hotellescapcades.com\\\/#\\\/schema\\\/logo\\\/image\\\/\",\"url\":\"https:\\\/\\\/hotellescapcades.com\\\/wp-content\\\/uploads\\\/2019\\\/01\\\/logo.svg\",\"contentUrl\":\"https:\\\/\\\/hotellescapcades.com\\\/wp-content\\\/uploads\\\/2019\\\/01\\\/logo.svg\",\"width\":374.36,\"height\":92.99,\"caption\":\"Hotel Les Cap\u00e7ades\"},\"image\":{\"@id\":\"https:\\\/\\\/hotellescapcades.com\\\/#\\\/schema\\\/logo\\\/image\\\/\"}}]}<\/script>\n<!-- \/ Yoast SEO plugin. -->","yoast_head_json":{"title":"Massatges a Horta de Sant Joan - Hotel Les Cap\u00e7ades","description":"Ofereix al teu cos el descans que es mereix gr\u00e0cies als nostres massatges i rituals, realitzats amb productes naturals i exclusius.","robots":{"index":"index","follow":"follow","max-snippet":"max-snippet:-1","max-image-preview":"max-image-preview:large","max-video-preview":"max-video-preview:-1"},"canonical":"https:\/\/hotellescapcades.com\/ca\/hotel-horta-sant-joan\/massatges-i-rituals\/","og_locale":"ca_ES","og_type":"article","og_title":"Massatges a Horta de Sant Joan - Hotel Les Cap\u00e7ades","og_description":"Ofereix al teu cos el descans que es mereix gr\u00e0cies als nostres massatges i rituals, realitzats amb productes naturals i exclusius.","og_url":"https:\/\/hotellescapcades.com\/ca\/hotel-horta-sant-joan\/massatges-i-rituals\/","og_site_name":"Hotel Les Cap\u00e7ades","article_modified_time":"2019-06-25T06:38:13+00:00","og_image":[{"url":"https:\/\/hotellescapcades.com\/wp-content\/uploads\/2019\/02\/spa.svg","type":"","width":"","height":""}],"twitter_card":"summary_large_image","twitter_misc":{"Temps estimat de lectura":"2 minuts"},"schema":{"@context":"https:\/\/schema.org","@graph":[{"@type":"WebPage","@id":"https:\/\/hotellescapcades.com\/ca\/hotel-horta-sant-joan\/massatges-i-rituals\/","url":"https:\/\/hotellescapcades.com\/ca\/hotel-horta-sant-joan\/massatges-i-rituals\/","name":"Massatges a Horta de Sant Joan - Hotel Les Cap\u00e7ades","isPartOf":{"@id":"https:\/\/hotellescapcades.com\/#website"},"primaryImageOfPage":{"@id":"https:\/\/hotellescapcades.com\/ca\/hotel-horta-sant-joan\/massatges-i-rituals\/#primaryimage"},"image":{"@id":"https:\/\/hotellescapcades.com\/ca\/hotel-horta-sant-joan\/massatges-i-rituals\/#primaryimage"},"thumbnailUrl":"https:\/\/hotellescapcades.com\/wp-content\/uploads\/2019\/02\/spa.svg","datePublished":"2019-02-06T11:23:22+00:00","dateModified":"2019-06-25T06:38:13+00:00","description":"Ofereix al teu cos el descans que es mereix gr\u00e0cies als nostres massatges i rituals, realitzats amb productes naturals i exclusius.","breadcrumb":{"@id":"https:\/\/hotellescapcades.com\/ca\/hotel-horta-sant-joan\/massatges-i-rituals\/#breadcrumb"},"inLanguage":"ca","potentialAction":[{"@type":"ReadAction","target":["https:\/\/hotellescapcades.com\/ca\/hotel-horta-sant-joan\/massatges-i-rituals\/"]}]},{"@type":"ImageObject","inLanguage":"ca","@id":"https:\/\/hotellescapcades.com\/ca\/hotel-horta-sant-joan\/massatges-i-rituals\/#primaryimage","url":"https:\/\/hotellescapcades.com\/wp-content\/uploads\/2019\/02\/spa.svg","contentUrl":"https:\/\/hotellescapcades.com\/wp-content\/uploads\/2019\/02\/spa.svg"},{"@type":"BreadcrumbList","@id":"https:\/\/hotellescapcades.com\/ca\/hotel-horta-sant-joan\/massatges-i-rituals\/#breadcrumb","itemListElement":[{"@type":"ListItem","position":1,"name":"Portada","item":"https:\/\/hotellescapcades.com\/ca\/"},{"@type":"ListItem","position":2,"name":"Hotel","item":"https:\/\/hotellescapcades.com\/ca\/hotel-horta-sant-joan\/"},{"@type":"ListItem","position":3,"name":"Massatges i Rituals"}]},{"@type":"WebSite","@id":"https:\/\/hotellescapcades.com\/#website","url":"https:\/\/hotellescapcades.com\/","name":"Hotel Les Cap\u00e7ades","description":"","publisher":{"@id":"https:\/\/hotellescapcades.com\/#organization"},"potentialAction":[{"@type":"SearchAction","target":{"@type":"EntryPoint","urlTemplate":"https:\/\/hotellescapcades.com\/?s={search_term_string}"},"query-input":{"@type":"PropertyValueSpecification","valueRequired":true,"valueName":"search_term_string"}}],"inLanguage":"ca"},{"@type":"Organization","@id":"https:\/\/hotellescapcades.com\/#organization","name":"Hotel Les Cap\u00e7ades","url":"https:\/\/hotellescapcades.com\/","logo":{"@type":"ImageObject","inLanguage":"ca","@id":"https:\/\/hotellescapcades.com\/#\/schema\/logo\/image\/","url":"https:\/\/hotellescapcades.com\/wp-content\/uploads\/2019\/01\/logo.svg","contentUrl":"https:\/\/hotellescapcades.com\/wp-content\/uploads\/2019\/01\/logo.svg","width":374.36,"height":92.99,"caption":"Hotel Les Cap\u00e7ades"},"image":{"@id":"https:\/\/hotellescapcades.com\/#\/schema\/logo\/image\/"}}]}},"_links":{"self":[{"href":"https:\/\/hotellescapcades.com\/ca\/wp-json\/wp\/v2\/pages\/1561","targetHints":{"allow":["GET"]}}],"collection":[{"href":"https:\/\/hotellescapcades.com\/ca\/wp-json\/wp\/v2\/pages"}],"about":[{"href":"https:\/\/hotellescapcades.com\/ca\/wp-json\/wp\/v2\/types\/page"}],"author":[{"embeddable":true,"href":"https:\/\/hotellescapcades.com\/ca\/wp-json\/wp\/v2\/users\/1"}],"replies":[{"embeddable":true,"href":"https:\/\/hotellescapcades.com\/ca\/wp-json\/wp\/v2\/comments?post=1561"}],"version-history":[{"count":5,"href":"https:\/\/hotellescapcades.com\/ca\/wp-json\/wp\/v2\/pages\/1561\/revisions"}],"predecessor-version":[{"id":1825,"href":"https:\/\/hotellescapcades.com\/ca\/wp-json\/wp\/v2\/pages\/1561\/revisions\/1825"}],"up":[{"embeddable":true,"href":"https:\/\/hotellescapcades.com\/ca\/wp-json\/wp\/v2\/pages\/1554"}],"wp:attachment":[{"href":"https:\/\/hotellescapcades.com\/ca\/wp-json\/wp\/v2\/media?parent=1561"}],"curies":[{"name":"wp","href":"https:\/\/api.w.org\/{rel}","templated":true}]}}