{"id":1567,"date":"2019-02-07T11:37:38","date_gmt":"2019-02-07T11:37:38","guid":{"rendered":"https:\/\/hotellescapcades.com\/hotel-horta-sant-joan\/regala-capcades\/"},"modified":"2026-04-01T12:37:11","modified_gmt":"2026-04-01T10:37:11","slug":"regala-capcades","status":"publish","type":"page","link":"https:\/\/hotellescapcades.com\/ca\/hotel-horta-sant-joan\/regala-capcades\/","title":{"rendered":"Regala Cap\u00e7ades"},"content":{"rendered":"\n\n\t\t\t<h1>Regala Cap\u00e7ades<\/h1>\t\t\t\n\t\t\t\t<p>Vols sorprendre els teus \u00e9ssers estimats amb una experi\u00e8ncia inoblidable? Et proposem una varietat de possibilitats per a fer-ho realitat! Tan sols has de triar el pack regal que millor encaixi amb la teva idea de regal i nosaltres ens encarregarem de la resta. <\/p>\n\t\t\t\t<p>Regalar Cap\u00e7ades significa regalar tranquil\u00b7litat, silenci i benestar. L&#8217;equip de Les Cap\u00e7ades nom\u00e9s tenim un \u00fanic objectiu, i \u00e9s que l&#8217;estada al nostre Hotel es converteixi en inoblidable. <\/p>\n\t\t\t<h3>REGALA EL TEU PACK!<\/h3>\t\t\t\n\t\t\t<h3>Pack Enoturisme<\/h3>\t\t\t\n\t\t\t\t<strong>Inclou<\/strong>:<br \/>\n&#8211; 2 nits d&#8217;allotjament i esmorzar en habitaci\u00f3 doble superior.<br \/>\n&#8211; 1 sopar gastron\u00f2mic per a 2 persones amb maridatge de vi de la Terra Alta incl\u00f2s.<br \/>\n&#8211; Pack de 2 vins D.O Terra Alta d&#8217;obsequi.<br \/>\n&#8211; 2 visites personalitzades amb tast de vins de 2 Cellers de la D.O. Terra Alta \n\t\t\t<h5>PREU PACK PER PERSONA<\/h5><h3>290 \u20ac<\/h3>\t\t\t\n\t\t\t\t<p>10% IVA incl\u00f2s \/ TAXA tur\u00edstica no inclosa<br \/>IEET 0,99 \u20ac\/pax\/nit<\/p>\n\t\t\t<h3>Pack Cicloturisme<\/h3>\t\t\t\n\t\t\t\t<strong>Inclou<\/strong>:<br \/>\n&#8211; 2 nits d&#8217;allotjament i esmorzar en habitaci\u00f3 doble superior.<br \/>\n&#8211; 1 sopar per a 2 persones en el Restaurant Miralles.<br \/>\n&#8211; 2 rutes de cicloturisme per la VIA VERDA per a 2 persones (inclou lloguer bicis, servei de recollida i p\u00edcnic).<br \/>\n&#8211; 2 consumicions de beguda. \n\t\t\t<h5>PREU PACK PER PERSONA<\/h5><h3>290 \u20ac<\/h3>\t\t\t\n\t\t\t\t<p>10% IVA incl\u00f2s \/ TAXA tur\u00edstica no inclosa<br \/>IEET 0,99 \u20ac\/pax\/nit<\/p>\n\t\t\t<h3>Pack Relaxa&#8217;t<\/h3>\t\t\t\n\t\t\t\t<strong>Inclou<\/strong>:<br \/>\n&#8211; 2 nits d&#8217;allotjament i esmorzar en habitaci\u00f3 doble superior.<br \/>\n&#8211; 1 sopar gastron\u00f2mic per a 2 persones amb vi de la Terra alta incl\u00f2s.<br \/>\n&#8211; Botella de cava i detall de benvinguda a l&#8217;habitaci\u00f3.<br \/>\n&#8211; Massatge terap\u00e8utic relaxant de 45 minuts per persona.\n\t\t\t<h5>PREU PACK PER PERSONA<\/h5><h3>290 \u20ac<\/h3>\t\t\t\n\t\t\t\t<p>10% IVA incl\u00f2s \/ TAXA tur\u00edstica no inclosa<br \/>IEET 0,99 \u20ac\/pax\/nit<\/p>\n\t\t\t<h3>Tamb\u00e9 pots regalar qualsevol dels nostres serveis!<\/h3>\t\t\t\n\t\t\t\t<p>Descobreix les nostres tarifes i ofertes i sorpr\u00e8n amb un regal especial.<\/p>\n\t\t\t<a href=\"https:\/\/www.bolrooms.com\/guest\/?hotel=hotellescapcades\" target=\"_blank\" rel=\"noopener nofollow\" role=\"button\" aria-label=\"RESERVES ONLINE\">\n\t\t\t\t\t\t\tRESERVES ONLINE\n\t\t<\/a>\n\n","protected":false},"excerpt":{"rendered":"<p>Regala Cap\u00e7ades Vols sorprendre els teus \u00e9ssers estimats amb una experi\u00e8ncia inoblidable? Et proposem una varietat de possibilitats per a fer-ho realitat! Tan sols has de triar el pack regal que millor encaixi amb la teva idea de regal i nosaltres ens encarregarem de la resta. Regalar Cap\u00e7ades significa regalar tranquil\u00b7litat, silenci i benestar. L&#8217;equip [&hellip;]<\/p>\n","protected":false},"author":1,"featured_media":0,"parent":1554,"menu_order":0,"comment_status":"closed","ping_status":"open","template":"","meta":{"_genesis_hide_title":false,"_genesis_hide_breadcrumbs":false,"_genesis_hide_singular_image":false,"_genesis_hide_footer_widgets":false,"_genesis_custom_body_class":"","_genesis_custom_post_class":"","_genesis_layout":""},"yoast_head":"<!-- This site is optimized with the Yoast SEO plugin v20.0 - https:\/\/yoast.com\/wordpress\/plugins\/seo\/ -->\n<title>Regala Cap\u00e7ades - Hotel Les Cap\u00e7ades<\/title>\n<meta name=\"description\" content=\"Vols sorprendre a alg\u00fa amb una experi\u00e8ncia inoblidable a la Terra Alta? Tria el teu pack regal i nosaltres ens encarregarem de la resta!\" \/>\n<meta name=\"robots\" content=\"index, follow, max-snippet:-1, max-image-preview:large, max-video-preview:-1\" \/>\n<link rel=\"canonical\" href=\"https:\/\/hotellescapcades.com\/ca\/hotel-horta-sant-joan\/regala-capcades\/\" \/>\n<meta property=\"og:locale\" content=\"ca_ES\" \/>\n<meta property=\"og:type\" content=\"article\" \/>\n<meta property=\"og:title\" content=\"Regala Cap\u00e7ades - Hotel Les Cap\u00e7ades\" \/>\n<meta property=\"og:description\" content=\"Vols sorprendre a alg\u00fa amb una experi\u00e8ncia inoblidable a la Terra Alta? Tria el teu pack regal i nosaltres ens encarregarem de la resta!\" \/>\n<meta property=\"og:url\" content=\"https:\/\/hotellescapcades.com\/ca\/hotel-horta-sant-joan\/regala-capcades\/\" \/>\n<meta property=\"og:site_name\" content=\"Hotel Les Cap\u00e7ades\" \/>\n<meta property=\"article:modified_time\" content=\"2026-04-01T10:37:11+00:00\" \/>\n<meta name=\"twitter:card\" content=\"summary_large_image\" \/>\n<meta name=\"twitter:label1\" content=\"Temps estimat de lectura\" \/>\n\t<meta name=\"twitter:data1\" content=\"1 minut\" \/>\n<script type=\"application\/ld+json\" class=\"yoast-schema-graph\">{\"@context\":\"https:\/\/schema.org\",\"@graph\":[{\"@type\":\"WebPage\",\"@id\":\"https:\/\/hotellescapcades.com\/ca\/hotel-horta-sant-joan\/regala-capcades\/\",\"url\":\"https:\/\/hotellescapcades.com\/ca\/hotel-horta-sant-joan\/regala-capcades\/\",\"name\":\"Regala Cap\u00e7ades - Hotel Les Cap\u00e7ades\",\"isPartOf\":{\"@id\":\"https:\/\/hotellescapcades.com\/#website\"},\"datePublished\":\"2019-02-07T11:37:38+00:00\",\"dateModified\":\"2026-04-01T10:37:11+00:00\",\"description\":\"Vols sorprendre a alg\u00fa amb una experi\u00e8ncia inoblidable a la Terra Alta? Tria el teu pack regal i nosaltres ens encarregarem de la resta!\",\"breadcrumb\":{\"@id\":\"https:\/\/hotellescapcades.com\/ca\/hotel-horta-sant-joan\/regala-capcades\/#breadcrumb\"},\"inLanguage\":\"ca\",\"potentialAction\":[{\"@type\":\"ReadAction\",\"target\":[\"https:\/\/hotellescapcades.com\/ca\/hotel-horta-sant-joan\/regala-capcades\/\"]}]},{\"@type\":\"BreadcrumbList\",\"@id\":\"https:\/\/hotellescapcades.com\/ca\/hotel-horta-sant-joan\/regala-capcades\/#breadcrumb\",\"itemListElement\":[{\"@type\":\"ListItem\",\"position\":1,\"name\":\"Portada\",\"item\":\"https:\/\/hotellescapcades.com\/ca\/\"},{\"@type\":\"ListItem\",\"position\":2,\"name\":\"Hotel\",\"item\":\"https:\/\/hotellescapcades.com\/ca\/hotel-horta-sant-joan\/\"},{\"@type\":\"ListItem\",\"position\":3,\"name\":\"Regala Cap\u00e7ades\"}]},{\"@type\":\"WebSite\",\"@id\":\"https:\/\/hotellescapcades.com\/#website\",\"url\":\"https:\/\/hotellescapcades.com\/\",\"name\":\"Hotel Les Cap\u00e7ades\",\"description\":\"\",\"publisher\":{\"@id\":\"https:\/\/hotellescapcades.com\/#organization\"},\"potentialAction\":[{\"@type\":\"SearchAction\",\"target\":{\"@type\":\"EntryPoint\",\"urlTemplate\":\"https:\/\/hotellescapcades.com\/?s={search_term_string}\"},\"query-input\":\"required name=search_term_string\"}],\"inLanguage\":\"ca\"},{\"@type\":\"Organization\",\"@id\":\"https:\/\/hotellescapcades.com\/#organization\",\"name\":\"Hotel Les Cap\u00e7ades\",\"url\":\"https:\/\/hotellescapcades.com\/\",\"logo\":{\"@type\":\"ImageObject\",\"inLanguage\":\"ca\",\"@id\":\"https:\/\/hotellescapcades.com\/#\/schema\/logo\/image\/\",\"url\":\"https:\/\/hotellescapcades.com\/wp-content\/uploads\/2019\/01\/logo.svg\",\"contentUrl\":\"https:\/\/hotellescapcades.com\/wp-content\/uploads\/2019\/01\/logo.svg\",\"width\":374.36,\"height\":92.99,\"caption\":\"Hotel Les Cap\u00e7ades\"},\"image\":{\"@id\":\"https:\/\/hotellescapcades.com\/#\/schema\/logo\/image\/\"}}]}<\/script>\n<!-- \/ Yoast SEO plugin. -->","yoast_head_json":{"title":"Regala Cap\u00e7ades - Hotel Les Cap\u00e7ades","description":"Vols sorprendre a alg\u00fa amb una experi\u00e8ncia inoblidable a la Terra Alta? Tria el teu pack regal i nosaltres ens encarregarem de la resta!","robots":{"index":"index","follow":"follow","max-snippet":"max-snippet:-1","max-image-preview":"max-image-preview:large","max-video-preview":"max-video-preview:-1"},"canonical":"https:\/\/hotellescapcades.com\/ca\/hotel-horta-sant-joan\/regala-capcades\/","og_locale":"ca_ES","og_type":"article","og_title":"Regala Cap\u00e7ades - Hotel Les Cap\u00e7ades","og_description":"Vols sorprendre a alg\u00fa amb una experi\u00e8ncia inoblidable a la Terra Alta? Tria el teu pack regal i nosaltres ens encarregarem de la resta!","og_url":"https:\/\/hotellescapcades.com\/ca\/hotel-horta-sant-joan\/regala-capcades\/","og_site_name":"Hotel Les Cap\u00e7ades","article_modified_time":"2026-04-01T10:37:11+00:00","twitter_card":"summary_large_image","twitter_misc":{"Temps estimat de lectura":"1 minut"},"schema":{"@context":"https:\/\/schema.org","@graph":[{"@type":"WebPage","@id":"https:\/\/hotellescapcades.com\/ca\/hotel-horta-sant-joan\/regala-capcades\/","url":"https:\/\/hotellescapcades.com\/ca\/hotel-horta-sant-joan\/regala-capcades\/","name":"Regala Cap\u00e7ades - Hotel Les Cap\u00e7ades","isPartOf":{"@id":"https:\/\/hotellescapcades.com\/#website"},"datePublished":"2019-02-07T11:37:38+00:00","dateModified":"2026-04-01T10:37:11+00:00","description":"Vols sorprendre a alg\u00fa amb una experi\u00e8ncia inoblidable a la Terra Alta? Tria el teu pack regal i nosaltres ens encarregarem de la resta!","breadcrumb":{"@id":"https:\/\/hotellescapcades.com\/ca\/hotel-horta-sant-joan\/regala-capcades\/#breadcrumb"},"inLanguage":"ca","potentialAction":[{"@type":"ReadAction","target":["https:\/\/hotellescapcades.com\/ca\/hotel-horta-sant-joan\/regala-capcades\/"]}]},{"@type":"BreadcrumbList","@id":"https:\/\/hotellescapcades.com\/ca\/hotel-horta-sant-joan\/regala-capcades\/#breadcrumb","itemListElement":[{"@type":"ListItem","position":1,"name":"Portada","item":"https:\/\/hotellescapcades.com\/ca\/"},{"@type":"ListItem","position":2,"name":"Hotel","item":"https:\/\/hotellescapcades.com\/ca\/hotel-horta-sant-joan\/"},{"@type":"ListItem","position":3,"name":"Regala Cap\u00e7ades"}]},{"@type":"WebSite","@id":"https:\/\/hotellescapcades.com\/#website","url":"https:\/\/hotellescapcades.com\/","name":"Hotel Les Cap\u00e7ades","description":"","publisher":{"@id":"https:\/\/hotellescapcades.com\/#organization"},"potentialAction":[{"@type":"SearchAction","target":{"@type":"EntryPoint","urlTemplate":"https:\/\/hotellescapcades.com\/?s={search_term_string}"},"query-input":"required name=search_term_string"}],"inLanguage":"ca"},{"@type":"Organization","@id":"https:\/\/hotellescapcades.com\/#organization","name":"Hotel Les Cap\u00e7ades","url":"https:\/\/hotellescapcades.com\/","logo":{"@type":"ImageObject","inLanguage":"ca","@id":"https:\/\/hotellescapcades.com\/#\/schema\/logo\/image\/","url":"https:\/\/hotellescapcades.com\/wp-content\/uploads\/2019\/01\/logo.svg","contentUrl":"https:\/\/hotellescapcades.com\/wp-content\/uploads\/2019\/01\/logo.svg","width":374.36,"height":92.99,"caption":"Hotel Les Cap\u00e7ades"},"image":{"@id":"https:\/\/hotellescapcades.com\/#\/schema\/logo\/image\/"}}]}},"_links":{"self":[{"href":"https:\/\/hotellescapcades.com\/ca\/wp-json\/wp\/v2\/pages\/1567"}],"collection":[{"href":"https:\/\/hotellescapcades.com\/ca\/wp-json\/wp\/v2\/pages"}],"about":[{"href":"https:\/\/hotellescapcades.com\/ca\/wp-json\/wp\/v2\/types\/page"}],"author":[{"embeddable":true,"href":"https:\/\/hotellescapcades.com\/ca\/wp-json\/wp\/v2\/users\/1"}],"replies":[{"embeddable":true,"href":"https:\/\/hotellescapcades.com\/ca\/wp-json\/wp\/v2\/comments?post=1567"}],"version-history":[{"count":11,"href":"https:\/\/hotellescapcades.com\/ca\/wp-json\/wp\/v2\/pages\/1567\/revisions"}],"predecessor-version":[{"id":2330,"href":"https:\/\/hotellescapcades.com\/ca\/wp-json\/wp\/v2\/pages\/1567\/revisions\/2330"}],"up":[{"embeddable":true,"href":"https:\/\/hotellescapcades.com\/ca\/wp-json\/wp\/v2\/pages\/1554"}],"wp:attachment":[{"href":"https:\/\/hotellescapcades.com\/ca\/wp-json\/wp\/v2\/media?parent=1567"}],"curies":[{"name":"wp","href":"https:\/\/api.w.org\/{rel}","templated":true}]}}