{"id":1572,"date":"2019-02-06T11:01:39","date_gmt":"2019-02-06T11:01:39","guid":{"rendered":"https:\/\/hotellescapcades.com\/restaurante-horta-sant-joan\/"},"modified":"2024-01-10T16:31:26","modified_gmt":"2024-01-10T14:31:26","slug":"restaurant-horta-sant-joan","status":"publish","type":"page","link":"https:\/\/hotellescapcades.com\/ca\/restaurant-horta-sant-joan\/","title":{"rendered":"Restaurant"},"content":{"rendered":"\n\n\t\t\t<h1>Restaurant Les Cap\u00e7ades<\/h1>\t\t\t\n\t\t\t\t<img decoding=\"async\" src=\"https:\/\/hotellescapcades.com\/wp-content\/uploads\/2019\/01\/wedding-dinner.svg\" alt=\"wedding-dinner\" title=\"wedding-dinner\" itemprop=\"image\"\/>\n\t\t\t\t<p>Al nostre Restaurant dedicat a Manuel Pallar\u00e9s, fill d&#8217;Horta i amic de Pablo Picasso, oferim un men\u00fa degustaci\u00f3 compost per 6 plats. Cada dia diferent i amb productes frescos, naturals i aut\u00f2ctons de la zona. Cuinat de forma \u00fanica per a poder gaudir al m\u00e0xim d&#8217;una gran vetllada en un espai \u00fanic al nostre Hotel, en un marc incomparable i que satisf\u00e0 els paladars dels m\u00e9s exigents.<\/p>\n<p>Podreu, a m\u00e9s, acompanyar el nostre men\u00fa degustaci\u00f3 amb una selecci\u00f3 de vins de la nostra carta, amb la m\u00e0xima representaci\u00f3 de la nostra comarca D.O Terra Alta, on descobrireu grans vins que us mostraran la nostra cultura i arrels enol\u00f2giques. <\/p>\n\t\t\t\t<img decoding=\"async\" src=\"https:\/\/hotellescapcades.com\/wp-content\/uploads\/2019\/03\/LesCapc\u0327ades_Restaurant_1.jpg\" alt=\"LesCapc\u0327ades_Restaurant_1\" title=\"LesCapc\u0327ades_Restaurant_1\" itemprop=\"image\"\/>\n\t\t\t\t<img decoding=\"async\" src=\"https:\/\/hotellescapcades.com\/wp-content\/uploads\/2019\/05\/LesCap\u00e7ades_Restaurant_2.jpg\" alt=\"LesCap\u00e7ades_Restaurant_2\" title=\"LesCap\u00e7ades_Restaurant_2\" itemprop=\"image\"\/>\n\t\t\t\t<img decoding=\"async\" src=\"https:\/\/hotellescapcades.com\/wp-content\/uploads\/2019\/03\/LesCapc\u0327ades_Restaurant_3.jpg\" alt=\"LesCapc\u0327ades_Restaurant_3\" title=\"LesCapc\u0327ades_Restaurant_3\" itemprop=\"image\"\/>\n\t\t\t\t<img decoding=\"async\" src=\"https:\/\/hotellescapcades.com\/wp-content\/uploads\/2019\/03\/LesCapc\u0327ades_Restaurant_4.jpg\" alt=\"LesCapc\u0327ades_Restaurant_4\" title=\"LesCapc\u0327ades_Restaurant_4\" itemprop=\"image\"\/>\n\t\t\t<a href=\"https:\/\/www.bolrooms.com\/guest\/?hotel=hotellescapcades\" target=\"_blank\" rel=\"noopener nofollow\" role=\"button\" aria-label=\"RESERVA ARA!\">\n\t\t\t\t\t\t\tRESERVA ARA!\n\t\t<\/a>\n\t\t\t<h2>Gaudeix d&#8217;un entorn \u00fanic per respirar, descansar i sentir <\/h2>\t\t\t\n\t\t\t\t<p>L&#8217;equip que dirigim el Restaurant de les Cap\u00e7ades sempre hem procurat deixar una petjada inesborrable en el paladar dels nostres hostes. Tots nosaltres tenim en els nostres records, olors i sabors que ens evoquen moments de les nostres vides.<\/p>\n<p>\u00c9s a trav\u00e9s d&#8217;aquest sentit tan especial del nostre organisme que pretenem deixar la nostra targeta de visita en les persones que ens visiten. Les targetes f\u00edsiques a vegades s&#8217;extravien, per\u00f2 all\u00f2 que ha quedat marcat en els nostres sentits perdura durant tota la nostra vida, i si tot aix\u00f2 ha ocorregut en un entorn diferent, formar\u00e0 part d&#8217;aquelles coses importants que ens ha tocat viure i sentir. Com a restauradors aquesta \u00e9s nostra m\u00e9s anhelada meta. <\/p>\n\t\t\t<h3>Consulta les nostres <a href=\"https:\/\/hotellescapcades.com\/ca\/tarifes-hotel-horta-sant-joan\/\">tarifes i ofertes<\/a>  per allotjar-te al cor de la Terra Alta<\/h3>\t\t\t\n\t\t\t\t<p>La nostra xef, Facundo Salas, i el seu equip, us delectaran el paladar amb plats on les verdures, els formatges de la terra, el bacall\u00e0, la ca\u00e7a, els fruits secs i les carns, compondran una simfonia de sabors amb reminisc\u00e8ncies de la terra.<\/p>\n<p>El Restaurant nom\u00e9s est\u00e0 obert per al servei de sopar per als clients de l&#8217;hotel i per a no hostes que realitzin una reserva pr\u00e8via. El restaurant nom\u00e9s serveix sopars en cap de setmana. Preguntar disponibilitat per a altres dies de la setmana.<\/p>\n\t\t\t<h3>Vols sorprendre a alg\u00fa d&#8217;una manera especial? <\/h3>\t\t\t\n\t\t\t<a href=\"https:\/\/hotellescapcades.com\/ca\/hotel-horta-sant-joan\/regala-capcades\/\" target=\"_self\" role=\"button\" aria-label=\"REGALA CAP\u00c7ADES!\" rel=\"noopener\">\n\t\t\t\t\t\t\tREGALA CAP\u00c7ADES!\n\t\t<\/a>\n\n","protected":false},"excerpt":{"rendered":"<p>Restaurant Les Cap\u00e7ades Al nostre Restaurant dedicat a Manuel Pallar\u00e9s, fill d&#8217;Horta i amic de Pablo Picasso, oferim un men\u00fa degustaci\u00f3 compost per 6 plats. Cada dia diferent i amb productes frescos, naturals i aut\u00f2ctons de la zona. Cuinat de forma \u00fanica per a poder gaudir al m\u00e0xim d&#8217;una gran vetllada en un espai \u00fanic [&hellip;]<\/p>\n","protected":false},"author":1,"featured_media":0,"parent":0,"menu_order":0,"comment_status":"closed","ping_status":"open","template":"","meta":{"_genesis_hide_title":false,"_genesis_hide_breadcrumbs":false,"_genesis_hide_singular_image":false,"_genesis_hide_footer_widgets":false,"_genesis_custom_body_class":"","_genesis_custom_post_class":"","_genesis_layout":"","footnotes":""},"class_list":{"0":"post-1572","1":"page","2":"type-page","3":"status-publish","5":"entry","6":"has-post-thumbnail"},"yoast_head":"<!-- This site is optimized with the Yoast SEO plugin v20.0 - https:\/\/yoast.com\/wordpress\/plugins\/seo\/ -->\n<title>Restaurant a Horta de Sant Joan - Hotel Les Cap\u00e7ades<\/title>\n<meta name=\"description\" content=\"Gaudeix d&#039;un men\u00fa degustaci\u00f3 elaborat amb productes de proximitat i d&#039;una selecci\u00f3 de vins amb gran representaci\u00f3 de la D.O Terra Alta.\" \/>\n<meta name=\"robots\" content=\"index, follow, max-snippet:-1, max-image-preview:large, max-video-preview:-1\" \/>\n<link rel=\"canonical\" href=\"https:\/\/hotellescapcades.com\/ca\/restaurant-horta-sant-joan\/\" \/>\n<meta property=\"og:locale\" content=\"ca_ES\" \/>\n<meta property=\"og:type\" content=\"article\" \/>\n<meta property=\"og:title\" content=\"Restaurant a Horta de Sant Joan - Hotel Les Cap\u00e7ades\" \/>\n<meta property=\"og:description\" content=\"Gaudeix d&#039;un men\u00fa degustaci\u00f3 elaborat amb productes de proximitat i d&#039;una selecci\u00f3 de vins amb gran representaci\u00f3 de la D.O Terra Alta.\" \/>\n<meta property=\"og:url\" content=\"https:\/\/hotellescapcades.com\/ca\/restaurant-horta-sant-joan\/\" \/>\n<meta property=\"og:site_name\" content=\"Hotel Les Cap\u00e7ades\" \/>\n<meta property=\"article:modified_time\" content=\"2024-01-10T14:31:26+00:00\" \/>\n<meta property=\"og:image\" content=\"https:\/\/hotellescapcades.com\/wp-content\/uploads\/2019\/01\/wedding-dinner.svg\" \/>\n<meta name=\"twitter:card\" content=\"summary_large_image\" \/>\n<meta name=\"twitter:label1\" content=\"Temps estimat de lectura\" \/>\n\t<meta name=\"twitter:data1\" content=\"2 minuts\" \/>\n<script type=\"application\/ld+json\" class=\"yoast-schema-graph\">{\"@context\":\"https:\/\/schema.org\",\"@graph\":[{\"@type\":\"WebPage\",\"@id\":\"https:\/\/hotellescapcades.com\/ca\/restaurant-horta-sant-joan\/\",\"url\":\"https:\/\/hotellescapcades.com\/ca\/restaurant-horta-sant-joan\/\",\"name\":\"Restaurant a Horta de Sant Joan - Hotel Les Cap\u00e7ades\",\"isPartOf\":{\"@id\":\"https:\/\/hotellescapcades.com\/#website\"},\"datePublished\":\"2019-02-06T11:01:39+00:00\",\"dateModified\":\"2024-01-10T14:31:26+00:00\",\"description\":\"Gaudeix d'un men\u00fa degustaci\u00f3 elaborat amb productes de proximitat i d'una selecci\u00f3 de vins amb gran representaci\u00f3 de la D.O Terra Alta.\",\"breadcrumb\":{\"@id\":\"https:\/\/hotellescapcades.com\/ca\/restaurant-horta-sant-joan\/#breadcrumb\"},\"inLanguage\":\"ca\",\"potentialAction\":[{\"@type\":\"ReadAction\",\"target\":[\"https:\/\/hotellescapcades.com\/ca\/restaurant-horta-sant-joan\/\"]}]},{\"@type\":\"BreadcrumbList\",\"@id\":\"https:\/\/hotellescapcades.com\/ca\/restaurant-horta-sant-joan\/#breadcrumb\",\"itemListElement\":[{\"@type\":\"ListItem\",\"position\":1,\"name\":\"Portada\",\"item\":\"https:\/\/hotellescapcades.com\/ca\/\"},{\"@type\":\"ListItem\",\"position\":2,\"name\":\"Restaurant\"}]},{\"@type\":\"WebSite\",\"@id\":\"https:\/\/hotellescapcades.com\/#website\",\"url\":\"https:\/\/hotellescapcades.com\/\",\"name\":\"Hotel Les Cap\u00e7ades\",\"description\":\"\",\"publisher\":{\"@id\":\"https:\/\/hotellescapcades.com\/#organization\"},\"potentialAction\":[{\"@type\":\"SearchAction\",\"target\":{\"@type\":\"EntryPoint\",\"urlTemplate\":\"https:\/\/hotellescapcades.com\/?s={search_term_string}\"},\"query-input\":\"required name=search_term_string\"}],\"inLanguage\":\"ca\"},{\"@type\":\"Organization\",\"@id\":\"https:\/\/hotellescapcades.com\/#organization\",\"name\":\"Hotel Les Cap\u00e7ades\",\"url\":\"https:\/\/hotellescapcades.com\/\",\"logo\":{\"@type\":\"ImageObject\",\"inLanguage\":\"ca\",\"@id\":\"https:\/\/hotellescapcades.com\/#\/schema\/logo\/image\/\",\"url\":\"https:\/\/hotellescapcades.com\/wp-content\/uploads\/2019\/01\/logo.svg\",\"contentUrl\":\"https:\/\/hotellescapcades.com\/wp-content\/uploads\/2019\/01\/logo.svg\",\"width\":374.36,\"height\":92.99,\"caption\":\"Hotel Les Cap\u00e7ades\"},\"image\":{\"@id\":\"https:\/\/hotellescapcades.com\/#\/schema\/logo\/image\/\"}}]}<\/script>\n<!-- \/ Yoast SEO plugin. -->","yoast_head_json":{"title":"Restaurant a Horta de Sant Joan - Hotel Les Cap\u00e7ades","description":"Gaudeix d'un men\u00fa degustaci\u00f3 elaborat amb productes de proximitat i d'una selecci\u00f3 de vins amb gran representaci\u00f3 de la D.O Terra Alta.","robots":{"index":"index","follow":"follow","max-snippet":"max-snippet:-1","max-image-preview":"max-image-preview:large","max-video-preview":"max-video-preview:-1"},"canonical":"https:\/\/hotellescapcades.com\/ca\/restaurant-horta-sant-joan\/","og_locale":"ca_ES","og_type":"article","og_title":"Restaurant a Horta de Sant Joan - Hotel Les Cap\u00e7ades","og_description":"Gaudeix d'un men\u00fa degustaci\u00f3 elaborat amb productes de proximitat i d'una selecci\u00f3 de vins amb gran representaci\u00f3 de la D.O Terra Alta.","og_url":"https:\/\/hotellescapcades.com\/ca\/restaurant-horta-sant-joan\/","og_site_name":"Hotel Les Cap\u00e7ades","article_modified_time":"2024-01-10T14:31:26+00:00","og_image":[{"url":"https:\/\/hotellescapcades.com\/wp-content\/uploads\/2019\/01\/wedding-dinner.svg"}],"twitter_card":"summary_large_image","twitter_misc":{"Temps estimat de lectura":"2 minuts"},"schema":{"@context":"https:\/\/schema.org","@graph":[{"@type":"WebPage","@id":"https:\/\/hotellescapcades.com\/ca\/restaurant-horta-sant-joan\/","url":"https:\/\/hotellescapcades.com\/ca\/restaurant-horta-sant-joan\/","name":"Restaurant a Horta de Sant Joan - Hotel Les Cap\u00e7ades","isPartOf":{"@id":"https:\/\/hotellescapcades.com\/#website"},"datePublished":"2019-02-06T11:01:39+00:00","dateModified":"2024-01-10T14:31:26+00:00","description":"Gaudeix d'un men\u00fa degustaci\u00f3 elaborat amb productes de proximitat i d'una selecci\u00f3 de vins amb gran representaci\u00f3 de la D.O Terra Alta.","breadcrumb":{"@id":"https:\/\/hotellescapcades.com\/ca\/restaurant-horta-sant-joan\/#breadcrumb"},"inLanguage":"ca","potentialAction":[{"@type":"ReadAction","target":["https:\/\/hotellescapcades.com\/ca\/restaurant-horta-sant-joan\/"]}]},{"@type":"BreadcrumbList","@id":"https:\/\/hotellescapcades.com\/ca\/restaurant-horta-sant-joan\/#breadcrumb","itemListElement":[{"@type":"ListItem","position":1,"name":"Portada","item":"https:\/\/hotellescapcades.com\/ca\/"},{"@type":"ListItem","position":2,"name":"Restaurant"}]},{"@type":"WebSite","@id":"https:\/\/hotellescapcades.com\/#website","url":"https:\/\/hotellescapcades.com\/","name":"Hotel Les Cap\u00e7ades","description":"","publisher":{"@id":"https:\/\/hotellescapcades.com\/#organization"},"potentialAction":[{"@type":"SearchAction","target":{"@type":"EntryPoint","urlTemplate":"https:\/\/hotellescapcades.com\/?s={search_term_string}"},"query-input":"required name=search_term_string"}],"inLanguage":"ca"},{"@type":"Organization","@id":"https:\/\/hotellescapcades.com\/#organization","name":"Hotel Les Cap\u00e7ades","url":"https:\/\/hotellescapcades.com\/","logo":{"@type":"ImageObject","inLanguage":"ca","@id":"https:\/\/hotellescapcades.com\/#\/schema\/logo\/image\/","url":"https:\/\/hotellescapcades.com\/wp-content\/uploads\/2019\/01\/logo.svg","contentUrl":"https:\/\/hotellescapcades.com\/wp-content\/uploads\/2019\/01\/logo.svg","width":374.36,"height":92.99,"caption":"Hotel Les Cap\u00e7ades"},"image":{"@id":"https:\/\/hotellescapcades.com\/#\/schema\/logo\/image\/"}}]}},"_links":{"self":[{"href":"https:\/\/hotellescapcades.com\/ca\/wp-json\/wp\/v2\/pages\/1572","targetHints":{"allow":["GET"]}}],"collection":[{"href":"https:\/\/hotellescapcades.com\/ca\/wp-json\/wp\/v2\/pages"}],"about":[{"href":"https:\/\/hotellescapcades.com\/ca\/wp-json\/wp\/v2\/types\/page"}],"author":[{"embeddable":true,"href":"https:\/\/hotellescapcades.com\/ca\/wp-json\/wp\/v2\/users\/1"}],"replies":[{"embeddable":true,"href":"https:\/\/hotellescapcades.com\/ca\/wp-json\/wp\/v2\/comments?post=1572"}],"version-history":[{"count":6,"href":"https:\/\/hotellescapcades.com\/ca\/wp-json\/wp\/v2\/pages\/1572\/revisions"}],"predecessor-version":[{"id":2120,"href":"https:\/\/hotellescapcades.com\/ca\/wp-json\/wp\/v2\/pages\/1572\/revisions\/2120"}],"wp:attachment":[{"href":"https:\/\/hotellescapcades.com\/ca\/wp-json\/wp\/v2\/media?parent=1572"}],"curies":[{"name":"wp","href":"https:\/\/api.w.org\/{rel}","templated":true}]}}