{"id":1577,"date":"2019-05-23T09:04:41","date_gmt":"2019-05-23T09:04:41","guid":{"rendered":"https:\/\/hotellescapcades.com\/desayunos-en-horta-sant-joan-copy\/"},"modified":"2019-06-13T11:29:43","modified_gmt":"2019-06-13T11:29:43","slug":"esmorzars-en-horta-sant-joan","status":"publish","type":"page","link":"https:\/\/hotellescapcades.com\/ca\/esmorzars-en-horta-sant-joan\/","title":{"rendered":"Esmorzars"},"content":{"rendered":"\r\n\t\t\t<h1>Esmorzars en Les Cap\u00e7ades<\/h1>\t\t\t\r\n\t\t\t\t<img decoding=\"async\" src=\"https:\/\/hotellescapcades.com\/wp-content\/uploads\/2019\/01\/wedding-dinner.svg\" alt=\"wedding-dinner\" itemprop=\"image\"\/>\r\n\t\t\t\t<p>El moment de l\u2019esrmorzar \u00e9s un moment especial quan es viu una experi\u00e8ncia de relax i descans. A l&#8217;Hotel Les Cap\u00e7ades podreu gaudir d&#8217;un <strong>esmorzar elaborat amb productes de proximitat i saludables. <\/strong><\/p>\r\n<p>L\u2019esmorzar se serveix a l&#8217;estil de la nostra terra, a partir de les 8.30 en el menjador Pallar\u00e9s, on es poden degustar embotits de la comarca amb pans t\u00edpics elaborats a la nostra zona, assortit de melmelades casolanes i de temporada, fruites fresques i bescuit casol\u00e0 acabat d&#8217;enfornar. <\/p>\r\n\t\t\t\t<img decoding=\"async\" src=\"https:\/\/hotellescapcades.com\/wp-content\/uploads\/2019\/06\/LesCap\u00e7ades_Restaurant_2.3.jpg\" alt=\"LesCap\u00e7ades_Restaurant_2.3\" itemprop=\"image\"\/>\r\n\t\t\t\t<img decoding=\"async\" src=\"https:\/\/hotellescapcades.com\/wp-content\/uploads\/2019\/05\/LesCap\u00e7ades_Esmorzars_1.jpg\" alt=\"LesCap\u00e7ades_Esmorzars_1\" itemprop=\"image\"\/>\r\n\t\t\t\t<img decoding=\"async\" src=\"https:\/\/hotellescapcades.com\/wp-content\/uploads\/2019\/05\/LesCap\u00e7ades_Esmorzars_2.jpg\" alt=\"LesCap\u00e7ades_Esmorzars_2\" itemprop=\"image\"\/>\r\n\t\t\t\t<img decoding=\"async\" src=\"https:\/\/hotellescapcades.com\/wp-content\/uploads\/2019\/05\/LesCap\u00e7ades_Esmorzars_3.jpg\" alt=\"LesCap\u00e7ades_Esmorzars_3\" itemprop=\"image\"\/>\r\n\t\t\t<a href=\"https:\/\/hotellescapcades.com\/ca\/contacte\/\" target=\"_self\"   role=\"button\" rel=\"noopener noreferrer\">\r\n\t\t\t\t\t\t\tRESERVA ARA!\r\n\t\t<\/a>\r\n\t\t\t<h2>Gaudeix d\u2019un entorn \u00fanic per respirar, descansar i sentir <\/h2>\t\t\t\r\n","protected":false},"excerpt":{"rendered":"<p>Esmorzars en Les Cap\u00e7ades El moment de l\u2019esrmorzar \u00e9s un moment especial quan es viu una experi\u00e8ncia de relax i descans. A l&#8217;Hotel Les Cap\u00e7ades podreu gaudir d&#8217;un esmorzar elaborat amb productes de proximitat i saludables. L\u2019esmorzar se serveix a l&#8217;estil de la nostra terra, a partir de les 8.30 en el menjador Pallar\u00e9s, on [&hellip;]<\/p>\n","protected":false},"author":1,"featured_media":0,"parent":0,"menu_order":0,"comment_status":"closed","ping_status":"closed","template":"","meta":{"_genesis_hide_title":false,"_genesis_hide_breadcrumbs":false,"_genesis_hide_singular_image":false,"_genesis_hide_footer_widgets":false,"_genesis_custom_body_class":"","_genesis_custom_post_class":"","_genesis_layout":"","footnotes":""},"class_list":{"0":"post-1577","1":"page","2":"type-page","3":"status-publish","5":"entry","6":"has-post-thumbnail"},"yoast_head":"<!-- This site is optimized with the Yoast SEO plugin v27.5 - https:\/\/yoast.com\/product\/yoast-seo-wordpress\/ -->\n<title>Esmorzars - Hotel Les Cap\u00e7ades<\/title>\n<meta name=\"description\" content=\"A Les Cap\u00e7ades podreu gaudir d&#039;esmorzars elaborats amb productes de proximitat i saludables: embotits de la comarca, bescuits recentment enfornats...\" \/>\n<meta name=\"robots\" content=\"index, follow, max-snippet:-1, max-image-preview:large, max-video-preview:-1\" \/>\n<link rel=\"canonical\" href=\"https:\/\/hotellescapcades.com\/ca\/esmorzars-en-horta-sant-joan\/\" \/>\n<meta property=\"og:locale\" content=\"ca_ES\" \/>\n<meta property=\"og:type\" content=\"article\" \/>\n<meta property=\"og:title\" content=\"Esmorzars - Hotel Les Cap\u00e7ades\" \/>\n<meta property=\"og:description\" content=\"A Les Cap\u00e7ades podreu gaudir d&#039;esmorzars elaborats amb productes de proximitat i saludables: embotits de la comarca, bescuits recentment enfornats...\" \/>\n<meta property=\"og:url\" content=\"https:\/\/hotellescapcades.com\/ca\/esmorzars-en-horta-sant-joan\/\" \/>\n<meta property=\"og:site_name\" content=\"Hotel Les Cap\u00e7ades\" \/>\n<meta property=\"article:modified_time\" content=\"2019-06-13T11:29:43+00:00\" \/>\n<meta property=\"og:image\" content=\"https:\/\/hotellescapcades.com\/wp-content\/uploads\/2019\/01\/wedding-dinner.svg\" \/>\n<meta name=\"twitter:card\" content=\"summary_large_image\" \/>\n<meta name=\"twitter:label1\" content=\"Temps estimat de lectura\" \/>\n\t<meta name=\"twitter:data1\" content=\"1 minut\" \/>\n<script type=\"application\/ld+json\" class=\"yoast-schema-graph\">{\"@context\":\"https:\\\/\\\/schema.org\",\"@graph\":[{\"@type\":\"WebPage\",\"@id\":\"https:\\\/\\\/hotellescapcades.com\\\/ca\\\/esmorzars-en-horta-sant-joan\\\/\",\"url\":\"https:\\\/\\\/hotellescapcades.com\\\/ca\\\/esmorzars-en-horta-sant-joan\\\/\",\"name\":\"Esmorzars - Hotel Les Cap\u00e7ades\",\"isPartOf\":{\"@id\":\"https:\\\/\\\/hotellescapcades.com\\\/#website\"},\"primaryImageOfPage\":{\"@id\":\"https:\\\/\\\/hotellescapcades.com\\\/ca\\\/esmorzars-en-horta-sant-joan\\\/#primaryimage\"},\"image\":{\"@id\":\"https:\\\/\\\/hotellescapcades.com\\\/ca\\\/esmorzars-en-horta-sant-joan\\\/#primaryimage\"},\"thumbnailUrl\":\"https:\\\/\\\/hotellescapcades.com\\\/wp-content\\\/uploads\\\/2019\\\/01\\\/wedding-dinner.svg\",\"datePublished\":\"2019-05-23T09:04:41+00:00\",\"dateModified\":\"2019-06-13T11:29:43+00:00\",\"description\":\"A Les Cap\u00e7ades podreu gaudir d'esmorzars elaborats amb productes de proximitat i saludables: embotits de la comarca, bescuits recentment enfornats...\",\"breadcrumb\":{\"@id\":\"https:\\\/\\\/hotellescapcades.com\\\/ca\\\/esmorzars-en-horta-sant-joan\\\/#breadcrumb\"},\"inLanguage\":\"ca\",\"potentialAction\":[{\"@type\":\"ReadAction\",\"target\":[\"https:\\\/\\\/hotellescapcades.com\\\/ca\\\/esmorzars-en-horta-sant-joan\\\/\"]}]},{\"@type\":\"ImageObject\",\"inLanguage\":\"ca\",\"@id\":\"https:\\\/\\\/hotellescapcades.com\\\/ca\\\/esmorzars-en-horta-sant-joan\\\/#primaryimage\",\"url\":\"https:\\\/\\\/hotellescapcades.com\\\/wp-content\\\/uploads\\\/2019\\\/01\\\/wedding-dinner.svg\",\"contentUrl\":\"https:\\\/\\\/hotellescapcades.com\\\/wp-content\\\/uploads\\\/2019\\\/01\\\/wedding-dinner.svg\"},{\"@type\":\"BreadcrumbList\",\"@id\":\"https:\\\/\\\/hotellescapcades.com\\\/ca\\\/esmorzars-en-horta-sant-joan\\\/#breadcrumb\",\"itemListElement\":[{\"@type\":\"ListItem\",\"position\":1,\"name\":\"Portada\",\"item\":\"https:\\\/\\\/hotellescapcades.com\\\/ca\\\/\"},{\"@type\":\"ListItem\",\"position\":2,\"name\":\"Esmorzars\"}]},{\"@type\":\"WebSite\",\"@id\":\"https:\\\/\\\/hotellescapcades.com\\\/#website\",\"url\":\"https:\\\/\\\/hotellescapcades.com\\\/\",\"name\":\"Hotel Les Cap\u00e7ades\",\"description\":\"\",\"publisher\":{\"@id\":\"https:\\\/\\\/hotellescapcades.com\\\/#organization\"},\"potentialAction\":[{\"@type\":\"SearchAction\",\"target\":{\"@type\":\"EntryPoint\",\"urlTemplate\":\"https:\\\/\\\/hotellescapcades.com\\\/?s={search_term_string}\"},\"query-input\":{\"@type\":\"PropertyValueSpecification\",\"valueRequired\":true,\"valueName\":\"search_term_string\"}}],\"inLanguage\":\"ca\"},{\"@type\":\"Organization\",\"@id\":\"https:\\\/\\\/hotellescapcades.com\\\/#organization\",\"name\":\"Hotel Les Cap\u00e7ades\",\"url\":\"https:\\\/\\\/hotellescapcades.com\\\/\",\"logo\":{\"@type\":\"ImageObject\",\"inLanguage\":\"ca\",\"@id\":\"https:\\\/\\\/hotellescapcades.com\\\/#\\\/schema\\\/logo\\\/image\\\/\",\"url\":\"https:\\\/\\\/hotellescapcades.com\\\/wp-content\\\/uploads\\\/2019\\\/01\\\/logo.svg\",\"contentUrl\":\"https:\\\/\\\/hotellescapcades.com\\\/wp-content\\\/uploads\\\/2019\\\/01\\\/logo.svg\",\"width\":374.36,\"height\":92.99,\"caption\":\"Hotel Les Cap\u00e7ades\"},\"image\":{\"@id\":\"https:\\\/\\\/hotellescapcades.com\\\/#\\\/schema\\\/logo\\\/image\\\/\"}}]}<\/script>\n<!-- \/ Yoast SEO plugin. -->","yoast_head_json":{"title":"Esmorzars - Hotel Les Cap\u00e7ades","description":"A Les Cap\u00e7ades podreu gaudir d'esmorzars elaborats amb productes de proximitat i saludables: embotits de la comarca, bescuits recentment enfornats...","robots":{"index":"index","follow":"follow","max-snippet":"max-snippet:-1","max-image-preview":"max-image-preview:large","max-video-preview":"max-video-preview:-1"},"canonical":"https:\/\/hotellescapcades.com\/ca\/esmorzars-en-horta-sant-joan\/","og_locale":"ca_ES","og_type":"article","og_title":"Esmorzars - Hotel Les Cap\u00e7ades","og_description":"A Les Cap\u00e7ades podreu gaudir d'esmorzars elaborats amb productes de proximitat i saludables: embotits de la comarca, bescuits recentment enfornats...","og_url":"https:\/\/hotellescapcades.com\/ca\/esmorzars-en-horta-sant-joan\/","og_site_name":"Hotel Les Cap\u00e7ades","article_modified_time":"2019-06-13T11:29:43+00:00","og_image":[{"url":"https:\/\/hotellescapcades.com\/wp-content\/uploads\/2019\/01\/wedding-dinner.svg","type":"","width":"","height":""}],"twitter_card":"summary_large_image","twitter_misc":{"Temps estimat de lectura":"1 minut"},"schema":{"@context":"https:\/\/schema.org","@graph":[{"@type":"WebPage","@id":"https:\/\/hotellescapcades.com\/ca\/esmorzars-en-horta-sant-joan\/","url":"https:\/\/hotellescapcades.com\/ca\/esmorzars-en-horta-sant-joan\/","name":"Esmorzars - Hotel Les Cap\u00e7ades","isPartOf":{"@id":"https:\/\/hotellescapcades.com\/#website"},"primaryImageOfPage":{"@id":"https:\/\/hotellescapcades.com\/ca\/esmorzars-en-horta-sant-joan\/#primaryimage"},"image":{"@id":"https:\/\/hotellescapcades.com\/ca\/esmorzars-en-horta-sant-joan\/#primaryimage"},"thumbnailUrl":"https:\/\/hotellescapcades.com\/wp-content\/uploads\/2019\/01\/wedding-dinner.svg","datePublished":"2019-05-23T09:04:41+00:00","dateModified":"2019-06-13T11:29:43+00:00","description":"A Les Cap\u00e7ades podreu gaudir d'esmorzars elaborats amb productes de proximitat i saludables: embotits de la comarca, bescuits recentment enfornats...","breadcrumb":{"@id":"https:\/\/hotellescapcades.com\/ca\/esmorzars-en-horta-sant-joan\/#breadcrumb"},"inLanguage":"ca","potentialAction":[{"@type":"ReadAction","target":["https:\/\/hotellescapcades.com\/ca\/esmorzars-en-horta-sant-joan\/"]}]},{"@type":"ImageObject","inLanguage":"ca","@id":"https:\/\/hotellescapcades.com\/ca\/esmorzars-en-horta-sant-joan\/#primaryimage","url":"https:\/\/hotellescapcades.com\/wp-content\/uploads\/2019\/01\/wedding-dinner.svg","contentUrl":"https:\/\/hotellescapcades.com\/wp-content\/uploads\/2019\/01\/wedding-dinner.svg"},{"@type":"BreadcrumbList","@id":"https:\/\/hotellescapcades.com\/ca\/esmorzars-en-horta-sant-joan\/#breadcrumb","itemListElement":[{"@type":"ListItem","position":1,"name":"Portada","item":"https:\/\/hotellescapcades.com\/ca\/"},{"@type":"ListItem","position":2,"name":"Esmorzars"}]},{"@type":"WebSite","@id":"https:\/\/hotellescapcades.com\/#website","url":"https:\/\/hotellescapcades.com\/","name":"Hotel Les Cap\u00e7ades","description":"","publisher":{"@id":"https:\/\/hotellescapcades.com\/#organization"},"potentialAction":[{"@type":"SearchAction","target":{"@type":"EntryPoint","urlTemplate":"https:\/\/hotellescapcades.com\/?s={search_term_string}"},"query-input":{"@type":"PropertyValueSpecification","valueRequired":true,"valueName":"search_term_string"}}],"inLanguage":"ca"},{"@type":"Organization","@id":"https:\/\/hotellescapcades.com\/#organization","name":"Hotel Les Cap\u00e7ades","url":"https:\/\/hotellescapcades.com\/","logo":{"@type":"ImageObject","inLanguage":"ca","@id":"https:\/\/hotellescapcades.com\/#\/schema\/logo\/image\/","url":"https:\/\/hotellescapcades.com\/wp-content\/uploads\/2019\/01\/logo.svg","contentUrl":"https:\/\/hotellescapcades.com\/wp-content\/uploads\/2019\/01\/logo.svg","width":374.36,"height":92.99,"caption":"Hotel Les Cap\u00e7ades"},"image":{"@id":"https:\/\/hotellescapcades.com\/#\/schema\/logo\/image\/"}}]}},"_links":{"self":[{"href":"https:\/\/hotellescapcades.com\/ca\/wp-json\/wp\/v2\/pages\/1577","targetHints":{"allow":["GET"]}}],"collection":[{"href":"https:\/\/hotellescapcades.com\/ca\/wp-json\/wp\/v2\/pages"}],"about":[{"href":"https:\/\/hotellescapcades.com\/ca\/wp-json\/wp\/v2\/types\/page"}],"author":[{"embeddable":true,"href":"https:\/\/hotellescapcades.com\/ca\/wp-json\/wp\/v2\/users\/1"}],"replies":[{"embeddable":true,"href":"https:\/\/hotellescapcades.com\/ca\/wp-json\/wp\/v2\/comments?post=1577"}],"version-history":[{"count":4,"href":"https:\/\/hotellescapcades.com\/ca\/wp-json\/wp\/v2\/pages\/1577\/revisions"}],"predecessor-version":[{"id":1804,"href":"https:\/\/hotellescapcades.com\/ca\/wp-json\/wp\/v2\/pages\/1577\/revisions\/1804"}],"wp:attachment":[{"href":"https:\/\/hotellescapcades.com\/ca\/wp-json\/wp\/v2\/media?parent=1577"}],"curies":[{"name":"wp","href":"https:\/\/api.w.org\/{rel}","templated":true}]}}