{"id":1581,"date":"2019-02-05T12:25:18","date_gmt":"2019-02-05T12:25:18","guid":{"rendered":"https:\/\/hotellescapcades.com\/hotel-horta-sant-joan\/habitaciones\/"},"modified":"2019-06-13T11:40:20","modified_gmt":"2019-06-13T11:40:20","slug":"habitacions","status":"publish","type":"page","link":"https:\/\/hotellescapcades.com\/ca\/hotel-horta-sant-joan\/habitacions\/","title":{"rendered":"Habitacions"},"content":{"rendered":"\r\n\t\t\t<h1>Habitacions de les Cap\u00e7ades<\/h1>\t\t\t\r\n\t\t\t\t<img decoding=\"async\" src=\"https:\/\/hotellescapcades.com\/wp-content\/uploads\/2019\/02\/bed.svg\" alt=\"bed\" itemprop=\"image\"\/>\r\n\t\t<h3>Habitacions plenes de confort que amaguen sensacions inoblidables<\/h3>\t\t\t\r\n\t\t\t\t<p>Al nostre<strong> hotel rural <\/strong>desitgem oferir un entorn diferent, amb habitacions decorades en diversos estils, al\u00b7leg\u00f2rics al de cada habitaci\u00f3, amb una cuidada selecci\u00f3 de mobiliari que fa que cada habitaci\u00f3 sigui \u00fanica.<\/p>\r\n<p>Les 13 habitacions de l&#8217;Hotel Les Cap\u00e7ades s\u00f3n acollidores i plenes d&#8217;encant perqu\u00e8 gaudiu de la vostra estada amb nosaltres. <\/p>\r\n\t\t\t\t<p>Totes les habitacions estan equipades amb calefacci\u00f3 i aire condicionat, escriptori, butaques, TV de plasma via sat\u00e8l\u00b7lit, connexi\u00f3 a Internet, tel\u00e8fon, moble bar i caixa forta.<\/p>\r\n<p>Totes tenen \u00e0mplies terrasses i els banys, amb ambients i estils diferents, estan equipats amb banyeres d&#8217;hidromassatge i dutxa.<\/p>\r\n\t\t\t<h4>Est\u00e0ndard<\/h4>\r\n\t\t\t\t<img decoding=\"async\" src=\"https:\/\/hotellescapcades.com\/wp-content\/uploads\/2019\/03\/HEREU-2-1.jpg\" alt=\"HEREU-2\">\r\n\t\t\t<h3><b>L&#8217;Hereu<\/b><\/h3><p>\u00a0L\u2019Hereu compta amb unes vistes fascinants per gaudir de les millors postes de sol.<\/p>\r\n\t\t<a href=\"https:\/\/hotellescapcades.com\/ca\/hotel-horta-sant-joan\/habitacions\/lhereu\/\" target=\"_self\"  rel=\"noopener noreferrer\"><\/a>\r\n\t\t\t\t<img decoding=\"async\" src=\"https:\/\/hotellescapcades.com\/wp-content\/uploads\/2019\/03\/ERMITA-1.jpg\" alt=\"ERMITA 1\">\r\n\t\t\t<h3><b>L&#8217;Ermit\u00e0<\/b><\/h3><p>\u00a0Des d&#8217;ella podreu admirar la majestuosa muntanya de Santa B\u00e0rbara i el Convent de Sant Salvador.<\/p>\r\n\t\t<a href=\"https:\/\/hotellescapcades.com\/ca\/hotel-horta-sant-joan\/habitacions\/ermita\/\" target=\"_self\"  rel=\"noopener noreferrer\"><\/a>\r\n\t\t\t\t<img decoding=\"async\" src=\"https:\/\/hotellescapcades.com\/wp-content\/uploads\/2019\/03\/PUBILLA-1.jpg\" alt=\"PUBILLA 1\">\r\n\t\t\t<h3><b>La Pubilla<\/b><\/h3><p>\u00a0 Habitaci\u00f3 acollidora amb terrassa amb vista als Ports i al jard\u00ed de l&#8217;Hotel Les Cap\u00e7ades. <\/p>\r\n\t\t<a href=\"https:\/\/hotellescapcades.com\/ca\/hotel-horta-sant-joan\/habitacions\/la-pubilla\/\" target=\"_self\"  rel=\"noopener noreferrer\"><\/a>\r\n\t\t\t<h4>Superior<\/h4>\r\n\t\t\t\t<img decoding=\"async\" src=\"https:\/\/hotellescapcades.com\/wp-content\/uploads\/2019\/03\/CAC\u0327ADOR-1.jpg\" alt=\"CAC\u0327ADOR 1\">\r\n\t\t\t<h3><b>Ca\u00e7ador<\/b><\/h3><p>\u00a0 Les albes aqu\u00ed no deixen indiferent. Des de la terrassa podreu admirar aquest espectacle natural.<\/p>\r\n\t\t<a href=\"https:\/\/hotellescapcades.com\/ca\/hotel-horta-sant-joan\/habitacions\/cacador\/\" target=\"_self\"  rel=\"noopener noreferrer\"><\/a>\r\n\t\t\t\t<img decoding=\"async\" src=\"https:\/\/hotellescapcades.com\/wp-content\/uploads\/2019\/03\/NATURA-1.jpg\" alt=\"NATURA 1\">\r\n\t\t\t<h3><b>Natura<\/b><\/h3><p>\u00a0Disposa d&#8217;una gran terrassa amb vista al jard\u00ed de l&#8217;Hotel i la Serra de Les Cap\u00e7ades.<\/p>\r\n\t\t<a href=\"https:\/\/hotellescapcades.com\/ca\/hotel-horta-sant-joan\/habitacions\/natura\/\" target=\"_self\"  rel=\"noopener noreferrer\"><\/a>\r\n\t\t\t\t<img decoding=\"async\" src=\"https:\/\/hotellescapcades.com\/wp-content\/uploads\/2019\/03\/MEMBRADO-1.jpg\" alt=\"MEMBRADO 1\">\r\n\t\t\t<h3><b>Membrado<\/b><\/h3><p>\u00a0Discreta habitaci\u00f3 dedicada al compositor de sardanes Tom\u00e0s Gil Membrado.<\/p>\r\n\t\t<a href=\"https:\/\/hotellescapcades.com\/ca\/hotel-horta-sant-joan\/habitacions\/membrado\/\" target=\"_self\"  rel=\"noopener noreferrer\"><\/a>\r\n\t\t\t\t<img decoding=\"async\" src=\"https:\/\/hotellescapcades.com\/wp-content\/uploads\/2019\/03\/GINEBRE-2.jpg\" alt=\"GINEBRE 2\">\r\n\t\t\t<h3><b>Ginebre<\/b><\/h3><p>\u00a0El seu nom correspon a la ubicaci\u00f3 de l&#8217;habitaci\u00f3, just davant d&#8217;una antiga font d&#8217;aigua medicinal.<\/p>\r\n\t\t<a href=\"https:\/\/hotellescapcades.com\/ca\/hotel-horta-sant-joan\/habitacions\/ginebre\/\" target=\"_self\"  rel=\"noopener noreferrer\"><\/a>\r\n\t\t\t\t<img decoding=\"async\" src=\"https:\/\/hotellescapcades.com\/wp-content\/uploads\/2019\/03\/PICASSO-1.jpg\" alt=\"PICASSO 1\">\r\n\t\t\t<h3><b>Picasso<\/b><\/h3><p>\u00a0No podem oblidar-nos del gran pintor malagueny i la import\u00e0ncia de les seves estades al nostre poble.<\/p>\r\n\t\t<a href=\"https:\/\/hotellescapcades.com\/ca\/hotel-horta-sant-joan\/habitacions\/picasso\/\" target=\"_self\"  rel=\"noopener noreferrer\"><\/a>\r\n\t\t\t\t<img decoding=\"async\" src=\"https:\/\/hotellescapcades.com\/wp-content\/uploads\/2019\/03\/MARINE-3.jpg\" alt=\"MARINE 3\">\r\n\t\t\t<h3><b>Marin\u00e9<\/b><\/h3><p>\u00a0Habitaci\u00f3 amb terrassa de m\u00e9s de 60m2 que d\u00f3na la volta a tota la part est de la fa\u00e7ana de l&#8217;Hotel.<\/p>\r\n\t\t<a href=\"https:\/\/hotellescapcades.com\/ca\/hotel-horta-sant-joan\/habitacions\/marine\/\" target=\"_self\"  rel=\"noopener noreferrer\"><\/a>\r\n\t\t\t<h4>Superior amb jard\u00ed<\/h4>\r\n\t\t\t\t<img decoding=\"async\" src=\"https:\/\/hotellescapcades.com\/wp-content\/uploads\/2019\/03\/OLIVER-3-1.jpg\" alt=\"OLIVER-3\">\r\n\t\t\t<h3><b>Oliver<\/b><\/h3><p>\u00a0Gaudireu d&#8217;unes vistes \u00faniques i excepcionals d&#8217;Horta de Sant Joan i Els Ports.<\/p>\r\n\t\t<a href=\"https:\/\/hotellescapcades.com\/ca\/hotel-horta-sant-joan\/habitacions\/oliver\/\" target=\"_self\"  rel=\"noopener noreferrer\"><\/a>\r\n\t\t\t\t<img decoding=\"async\" src=\"https:\/\/hotellescapcades.com\/wp-content\/uploads\/2019\/03\/ENCANT-1.jpg\" alt=\"ENCANT 1\">\r\n\t\t\t<h3><b>L&#8217;Encant<\/b><\/h3><p>\u00a0 Una de les habitacions m\u00e9s \u00e0mplies i confortables, amb vistes a Horta de Sant Joan i Els Ports.<\/p>\r\n\t\t<a href=\"https:\/\/hotellescapcades.com\/ca\/hotel-horta-sant-joan\/habitacions\/encant\/\" target=\"_self\"  rel=\"noopener noreferrer\"><\/a>\r\n\t\t\t\t<img decoding=\"async\" src=\"https:\/\/hotellescapcades.com\/wp-content\/uploads\/2019\/03\/LA-ROCA-3.jpg\" alt=\"LA ROCA 3\">\r\n\t\t\t<h3><b>La Roca<\/b><\/h3><p>\u00a0\u00c9s l&#8217;habitaci\u00f3 m\u00e9s espaiosa de tot l&#8217;hotel. La desconnexi\u00f3, el relax i el descans estan garantits.<\/p>\r\n\t\t<a href=\"https:\/\/hotellescapcades.com\/ca\/hotel-horta-sant-joan\/habitacions\/la-roca\/\" target=\"_self\"  rel=\"noopener noreferrer\"><\/a>\r\n\t\t\t\t<img decoding=\"async\" src=\"https:\/\/hotellescapcades.com\/wp-content\/uploads\/2019\/03\/MIRADOR-1.jpg\" alt=\"MIRADOR 1\">\r\n\t\t\t<h3><b>Mirador<\/b><\/h3><p>\u00a0Habitaci\u00f3 amb sortida des de l&#8217;habitaci\u00f3 al jard\u00ed privat i amb terrassa orientada a l&#8217;est i a l&#8217;oest.<\/p>\r\n\t\t<a href=\"https:\/\/hotellescapcades.com\/ca\/hotel-horta-sant-joan\/habitacions\/mirador\/\" target=\"_self\"  rel=\"noopener noreferrer\"><\/a>\r\n\t\t\t<h3>Consulta les nostres <a href=\"https:\/\/hotellescapcades.com\/ca\/tarifes-hotel-horta-sant-joan\/\">tarifes i ofertes<\/a> per allotjar-te al cor de la Terra Alta<\/h3>\t\t\t\r\n","protected":false},"excerpt":{"rendered":"<p>Habitacions de les Cap\u00e7ades Habitacions plenes de confort que amaguen sensacions inoblidables Al nostre hotel rural desitgem oferir un entorn diferent, amb habitacions decorades en diversos estils, al\u00b7leg\u00f2rics al de cada habitaci\u00f3, amb una cuidada selecci\u00f3 de mobiliari que fa que cada habitaci\u00f3 sigui \u00fanica. Les 13 habitacions de l&#8217;Hotel Les Cap\u00e7ades s\u00f3n acollidores i [&hellip;]<\/p>\n","protected":false},"author":1,"featured_media":0,"parent":1554,"menu_order":0,"comment_status":"closed","ping_status":"open","template":"","meta":{"_genesis_hide_title":false,"_genesis_hide_breadcrumbs":false,"_genesis_hide_singular_image":false,"_genesis_hide_footer_widgets":false,"_genesis_custom_body_class":"","_genesis_custom_post_class":"","_genesis_layout":"","footnotes":""},"class_list":{"0":"post-1581","1":"page","2":"type-page","3":"status-publish","5":"entry","6":"has-post-thumbnail"},"yoast_head":"<!-- This site is optimized with the Yoast SEO plugin v20.0 - https:\/\/yoast.com\/wordpress\/plugins\/seo\/ -->\n<title>Allotjament a Horta de Sant Joan - Hotel Les Cap\u00e7ades<\/title>\n<meta name=\"description\" content=\"Al nostre hotel rural disposem de 13 habitacions personalitzades, amb terrassa pr\u00f2pia i equipades per oferir una inoblidable escapada a la Terra Alta.\" \/>\n<meta name=\"robots\" content=\"index, follow, max-snippet:-1, max-image-preview:large, max-video-preview:-1\" \/>\n<link rel=\"canonical\" href=\"https:\/\/hotellescapcades.com\/ca\/hotel-horta-sant-joan\/habitacions\/\" \/>\n<meta property=\"og:locale\" content=\"ca_ES\" \/>\n<meta property=\"og:type\" content=\"article\" \/>\n<meta property=\"og:title\" content=\"Allotjament a Horta de Sant Joan - Hotel Les Cap\u00e7ades\" \/>\n<meta property=\"og:description\" content=\"Al nostre hotel rural disposem de 13 habitacions personalitzades, amb terrassa pr\u00f2pia i equipades per oferir una inoblidable escapada a la Terra Alta.\" \/>\n<meta property=\"og:url\" content=\"https:\/\/hotellescapcades.com\/ca\/hotel-horta-sant-joan\/habitacions\/\" \/>\n<meta property=\"og:site_name\" content=\"Hotel Les Cap\u00e7ades\" \/>\n<meta property=\"article:modified_time\" content=\"2019-06-13T11:40:20+00:00\" \/>\n<meta property=\"og:image\" content=\"https:\/\/hotellescapcades.com\/wp-content\/uploads\/2019\/02\/bed.svg\" \/>\n<meta name=\"twitter:card\" content=\"summary_large_image\" \/>\n<meta name=\"twitter:label1\" content=\"Temps estimat de lectura\" \/>\n\t<meta name=\"twitter:data1\" content=\"2 minuts\" \/>\n<script type=\"application\/ld+json\" class=\"yoast-schema-graph\">{\"@context\":\"https:\/\/schema.org\",\"@graph\":[{\"@type\":\"WebPage\",\"@id\":\"https:\/\/hotellescapcades.com\/ca\/hotel-horta-sant-joan\/habitacions\/\",\"url\":\"https:\/\/hotellescapcades.com\/ca\/hotel-horta-sant-joan\/habitacions\/\",\"name\":\"Allotjament a Horta de Sant Joan - Hotel Les Cap\u00e7ades\",\"isPartOf\":{\"@id\":\"https:\/\/hotellescapcades.com\/#website\"},\"datePublished\":\"2019-02-05T12:25:18+00:00\",\"dateModified\":\"2019-06-13T11:40:20+00:00\",\"description\":\"Al nostre hotel rural disposem de 13 habitacions personalitzades, amb terrassa pr\u00f2pia i equipades per oferir una inoblidable escapada a la Terra Alta.\",\"breadcrumb\":{\"@id\":\"https:\/\/hotellescapcades.com\/ca\/hotel-horta-sant-joan\/habitacions\/#breadcrumb\"},\"inLanguage\":\"ca\",\"potentialAction\":[{\"@type\":\"ReadAction\",\"target\":[\"https:\/\/hotellescapcades.com\/ca\/hotel-horta-sant-joan\/habitacions\/\"]}]},{\"@type\":\"BreadcrumbList\",\"@id\":\"https:\/\/hotellescapcades.com\/ca\/hotel-horta-sant-joan\/habitacions\/#breadcrumb\",\"itemListElement\":[{\"@type\":\"ListItem\",\"position\":1,\"name\":\"Portada\",\"item\":\"https:\/\/hotellescapcades.com\/ca\/\"},{\"@type\":\"ListItem\",\"position\":2,\"name\":\"Hotel\",\"item\":\"https:\/\/hotellescapcades.com\/ca\/hotel-horta-sant-joan\/\"},{\"@type\":\"ListItem\",\"position\":3,\"name\":\"Habitacions\"}]},{\"@type\":\"WebSite\",\"@id\":\"https:\/\/hotellescapcades.com\/#website\",\"url\":\"https:\/\/hotellescapcades.com\/\",\"name\":\"Hotel Les Cap\u00e7ades\",\"description\":\"\",\"publisher\":{\"@id\":\"https:\/\/hotellescapcades.com\/#organization\"},\"potentialAction\":[{\"@type\":\"SearchAction\",\"target\":{\"@type\":\"EntryPoint\",\"urlTemplate\":\"https:\/\/hotellescapcades.com\/?s={search_term_string}\"},\"query-input\":\"required name=search_term_string\"}],\"inLanguage\":\"ca\"},{\"@type\":\"Organization\",\"@id\":\"https:\/\/hotellescapcades.com\/#organization\",\"name\":\"Hotel Les Cap\u00e7ades\",\"url\":\"https:\/\/hotellescapcades.com\/\",\"logo\":{\"@type\":\"ImageObject\",\"inLanguage\":\"ca\",\"@id\":\"https:\/\/hotellescapcades.com\/#\/schema\/logo\/image\/\",\"url\":\"https:\/\/hotellescapcades.com\/wp-content\/uploads\/2019\/01\/logo.svg\",\"contentUrl\":\"https:\/\/hotellescapcades.com\/wp-content\/uploads\/2019\/01\/logo.svg\",\"width\":374.36,\"height\":92.99,\"caption\":\"Hotel Les Cap\u00e7ades\"},\"image\":{\"@id\":\"https:\/\/hotellescapcades.com\/#\/schema\/logo\/image\/\"}}]}<\/script>\n<!-- \/ Yoast SEO plugin. -->","yoast_head_json":{"title":"Allotjament a Horta de Sant Joan - Hotel Les Cap\u00e7ades","description":"Al nostre hotel rural disposem de 13 habitacions personalitzades, amb terrassa pr\u00f2pia i equipades per oferir una inoblidable escapada a la Terra Alta.","robots":{"index":"index","follow":"follow","max-snippet":"max-snippet:-1","max-image-preview":"max-image-preview:large","max-video-preview":"max-video-preview:-1"},"canonical":"https:\/\/hotellescapcades.com\/ca\/hotel-horta-sant-joan\/habitacions\/","og_locale":"ca_ES","og_type":"article","og_title":"Allotjament a Horta de Sant Joan - Hotel Les Cap\u00e7ades","og_description":"Al nostre hotel rural disposem de 13 habitacions personalitzades, amb terrassa pr\u00f2pia i equipades per oferir una inoblidable escapada a la Terra Alta.","og_url":"https:\/\/hotellescapcades.com\/ca\/hotel-horta-sant-joan\/habitacions\/","og_site_name":"Hotel Les Cap\u00e7ades","article_modified_time":"2019-06-13T11:40:20+00:00","og_image":[{"url":"https:\/\/hotellescapcades.com\/wp-content\/uploads\/2019\/02\/bed.svg"}],"twitter_card":"summary_large_image","twitter_misc":{"Temps estimat de lectura":"2 minuts"},"schema":{"@context":"https:\/\/schema.org","@graph":[{"@type":"WebPage","@id":"https:\/\/hotellescapcades.com\/ca\/hotel-horta-sant-joan\/habitacions\/","url":"https:\/\/hotellescapcades.com\/ca\/hotel-horta-sant-joan\/habitacions\/","name":"Allotjament a Horta de Sant Joan - Hotel Les Cap\u00e7ades","isPartOf":{"@id":"https:\/\/hotellescapcades.com\/#website"},"datePublished":"2019-02-05T12:25:18+00:00","dateModified":"2019-06-13T11:40:20+00:00","description":"Al nostre hotel rural disposem de 13 habitacions personalitzades, amb terrassa pr\u00f2pia i equipades per oferir una inoblidable escapada a la Terra Alta.","breadcrumb":{"@id":"https:\/\/hotellescapcades.com\/ca\/hotel-horta-sant-joan\/habitacions\/#breadcrumb"},"inLanguage":"ca","potentialAction":[{"@type":"ReadAction","target":["https:\/\/hotellescapcades.com\/ca\/hotel-horta-sant-joan\/habitacions\/"]}]},{"@type":"BreadcrumbList","@id":"https:\/\/hotellescapcades.com\/ca\/hotel-horta-sant-joan\/habitacions\/#breadcrumb","itemListElement":[{"@type":"ListItem","position":1,"name":"Portada","item":"https:\/\/hotellescapcades.com\/ca\/"},{"@type":"ListItem","position":2,"name":"Hotel","item":"https:\/\/hotellescapcades.com\/ca\/hotel-horta-sant-joan\/"},{"@type":"ListItem","position":3,"name":"Habitacions"}]},{"@type":"WebSite","@id":"https:\/\/hotellescapcades.com\/#website","url":"https:\/\/hotellescapcades.com\/","name":"Hotel Les Cap\u00e7ades","description":"","publisher":{"@id":"https:\/\/hotellescapcades.com\/#organization"},"potentialAction":[{"@type":"SearchAction","target":{"@type":"EntryPoint","urlTemplate":"https:\/\/hotellescapcades.com\/?s={search_term_string}"},"query-input":"required name=search_term_string"}],"inLanguage":"ca"},{"@type":"Organization","@id":"https:\/\/hotellescapcades.com\/#organization","name":"Hotel Les Cap\u00e7ades","url":"https:\/\/hotellescapcades.com\/","logo":{"@type":"ImageObject","inLanguage":"ca","@id":"https:\/\/hotellescapcades.com\/#\/schema\/logo\/image\/","url":"https:\/\/hotellescapcades.com\/wp-content\/uploads\/2019\/01\/logo.svg","contentUrl":"https:\/\/hotellescapcades.com\/wp-content\/uploads\/2019\/01\/logo.svg","width":374.36,"height":92.99,"caption":"Hotel Les Cap\u00e7ades"},"image":{"@id":"https:\/\/hotellescapcades.com\/#\/schema\/logo\/image\/"}}]}},"_links":{"self":[{"href":"https:\/\/hotellescapcades.com\/ca\/wp-json\/wp\/v2\/pages\/1581","targetHints":{"allow":["GET"]}}],"collection":[{"href":"https:\/\/hotellescapcades.com\/ca\/wp-json\/wp\/v2\/pages"}],"about":[{"href":"https:\/\/hotellescapcades.com\/ca\/wp-json\/wp\/v2\/types\/page"}],"author":[{"embeddable":true,"href":"https:\/\/hotellescapcades.com\/ca\/wp-json\/wp\/v2\/users\/1"}],"replies":[{"embeddable":true,"href":"https:\/\/hotellescapcades.com\/ca\/wp-json\/wp\/v2\/comments?post=1581"}],"version-history":[{"count":9,"href":"https:\/\/hotellescapcades.com\/ca\/wp-json\/wp\/v2\/pages\/1581\/revisions"}],"predecessor-version":[{"id":1753,"href":"https:\/\/hotellescapcades.com\/ca\/wp-json\/wp\/v2\/pages\/1581\/revisions\/1753"}],"up":[{"embeddable":true,"href":"https:\/\/hotellescapcades.com\/ca\/wp-json\/wp\/v2\/pages\/1554"}],"wp:attachment":[{"href":"https:\/\/hotellescapcades.com\/ca\/wp-json\/wp\/v2\/media?parent=1581"}],"curies":[{"name":"wp","href":"https:\/\/api.w.org\/{rel}","templated":true}]}}