{"id":1670,"date":"2019-02-07T08:46:28","date_gmt":"2019-02-07T08:46:28","guid":{"rendered":"https:\/\/hotellescapcades.com\/actividades-horta-sant-joan\/"},"modified":"2019-06-13T11:34:20","modified_gmt":"2019-06-13T11:34:20","slug":"activitats-horta-sant-joan","status":"publish","type":"page","link":"https:\/\/hotellescapcades.com\/ca\/activitats-horta-sant-joan\/","title":{"rendered":"Activitats i entorn"},"content":{"rendered":"\r\n\t\t\t<h1>Activitats i Entorn<\/h1>\t\t\t\r\n\t\t\t\t<p>Les Cap\u00e7ades \u00e9s un <strong>hotel situat a Horta de Sant Joan<\/strong>, en el cor de la<strong> Terra Alta<\/strong>. Una destinaci\u00f3 inigualable per a respirar, sentir i desconnectar. L&#8217;entorn i les instal\u00b7lacions de l&#8217;hotel et permetran gaudir d&#8217;unes perfectes vacances, amb la tranquil\u00b7litat i l&#8217;harmonia d&#8217;una banda; i el turisme i la naturalesa per l&#8217;altra. <\/p>\r\n<p>Tenint l&#8217;hotel com a punt de partida i d&#8217;arribada, podr\u00e0s gaudir de m\u00faltiples atractius de la zona, com el senderisme, les <strong>rutes amb bicicleta per la Via Verda,<\/strong> el turisme cultural o descobrir els vins de renom internacional. A continuaci\u00f3 et fem alguns suggeriments: <\/p>\r\n\t\t\t\t<img decoding=\"async\" src=\"https:\/\/hotellescapcades.com\/wp-content\/uploads\/2019\/03\/LesCapc\u0327ades_Activ_5.1.jpg\" alt=\"LesCapc\u0327ades_Activ_5.1\" itemprop=\"image\"\/>\r\n\t\t\t\t\t\t\t\t\t\t\t\t\t\t<a href=\"https:\/\/hotellescapcades.com\/ca\/enoturisme\/\" target=\"_self\"  title=\"Enoturisme\" rel=\"noopener noreferrer\">\r\n\t\t\t\t<img decoding=\"async\" src=\"https:\/\/hotellescapcades.com\/wp-content\/uploads\/2019\/02\/LesCapc\u0327ades_Activ_5.2.1.jpg\" alt=\"\" \/>\r\n\t\t\t\t<\/a>\r\n\t\t\t\t\t\t<h3>\r\n\t\t\t\t<a href=https:\/\/hotellescapcades.com\/ca\/enoturisme\/ title=\"Enoturisme\" tabindex=\"0\">Enoturisme<\/a>\t\t\t<\/h3>\r\n\t\t\t\t\t\t\t\tAcosta&#8217;t a la comarca de la Terra Alta i descobreix la garnatxa blanca, el ra\u00efm que representa aquesta terra, ja que el 33% de la producci\u00f3 mundial surt de la nostra regi\u00f3.\r\n\t\t\t\t\t\t\t\t\t\t\t\t\t\t<a href=\"https:\/\/hotellescapcades.com\/ca\/via-verda\/\" target=\"_self\"  title=\"Via Verda\" rel=\"noopener noreferrer\">\r\n\t\t\t\t<img decoding=\"async\" src=\"https:\/\/hotellescapcades.com\/wp-content\/uploads\/2019\/02\/LesCapc\u0327ades_Activ_5.3.1.jpg\" alt=\"\" \/>\r\n\t\t\t\t<\/a>\r\n\t\t\t\t\t\t<h3>\r\n\t\t\t\t<a href=https:\/\/hotellescapcades.com\/ca\/via-verda\/ title=\"Via Verda\" tabindex=\"0\">Via Verda<\/a>\t\t\t<\/h3>\r\n\t\t\t\t\t\t\t\tUn dels recorreguts m\u00e9s impressionants per realitzar amb bicicleta. Una magn\u00edfica experi\u00e8ncia per a tot el que vulgui admirar paisatges i espais naturals \u00fanics.\r\n\t\t\t\t\t\t\t\t\t\t\t\t\t\t<a href=\"https:\/\/hotellescapcades.com\/ca\/parc-natural-dels-ports\/\" target=\"_self\"  title=\"Parc Natural dels Ports\" rel=\"noopener noreferrer\">\r\n\t\t\t\t<img decoding=\"async\" src=\"https:\/\/hotellescapcades.com\/wp-content\/uploads\/2019\/02\/LesCapc\u0327ades_Activ_5.4.1.jpg\" alt=\"\" \/>\r\n\t\t\t\t<\/a>\r\n\t\t\t\t\t\t<h3>\r\n\t\t\t\t<a href=https:\/\/hotellescapcades.com\/ca\/parc-natural-dels-ports\/ title=\"Parc Natural dels Ports\" tabindex=\"0\">Parc Natural dels Ports<\/a>\t\t\t<\/h3>\r\n\t\t\t\t\t\t\t\tDestinaci\u00f3 de muntanya que destaca per la seva bellesa i per la seva gran varietat de flora i fauna. El Parc Natural dels Ports \u00e9s un espai natural \u00fanic per a veure&#8217;l, visitar-lo i viure&#8217;l.\r\n\t\t\t\t\t\t\t\t\t\t\t\t\t\t<a href=\"https:\/\/hotellescapcades.com\/ca\/horta-de-sant-joan\/\" target=\"_self\"  title=\"Horta de Sant Joan\" rel=\"noopener noreferrer\">\r\n\t\t\t\t<img decoding=\"async\" src=\"https:\/\/hotellescapcades.com\/wp-content\/uploads\/2019\/02\/LesCapc\u0327ades_Activ_5.5.1.jpg\" alt=\"\" \/>\r\n\t\t\t\t<\/a>\r\n\t\t\t\t\t\t<h3>\r\n\t\t\t\t<a href=https:\/\/hotellescapcades.com\/ca\/horta-de-sant-joan\/ title=\"Horta de Sant Joan\" tabindex=\"0\">Horta de Sant Joan<\/a>\t\t\t<\/h3>\r\n\t\t\t\t\t\t\t\tCapital tur\u00edstica i cultural de la Terra Alta, Horta de Sant Joan \u00e9s un poble per a descobrir tots els seus racons, en disposar d&#8217;un conjunt art\u00edstic i hist\u00f2ric meravell\u00f3s.\r\n\t\t\t\t<h3>Estigues informat de totes les nostres ofertes i promocions!<\/h3>\r\n\t\t\t\t\t<input type=\"text\" name=\"uabb-subscribe-form-fname\" id=\"uabb-subscribe-form-fname\" placeholder=\"\" \/>\r\n\t\t\t\t\t\t\t\t\t\t<label for=\"uabb-subscribe-form-fname\">Nom<\/label>\r\n\t\t\t\t\t\t\t\t\t\t\t!\r\n\t\t\t\t<!-- Inline Block Space Fix \r\n\t\t\t\t-->\r\n\t\t\t\t<!-- Inline Block Space Fix\r\n\t\t\t\t-->\r\n\t\t\t\t\t<input type=\"email\" name=\"uabb-subscribe-form-email\" placeholder=\"\" \/>\r\n\t\t\t\t\t\t\t\t\t\t<label for=\"uabb-subscribe-form-email\">Correu<\/label>\r\n\t\t\t\t\t\t\t\t\t\t\t!\r\n\t\t\t\t<!-- Inline Block Space Fix\t\r\n\t\t\t\t--><!-- Inline Block Space Fix\t\r\n\t\t\t\t-->\r\n\t\t\t<a href=\"#\" target=\"_self\"   role=\"button\" rel=\"noopener noreferrer\">\r\n\t\t\t\t\t\t\tEm vull subscriure!\r\n\t\t<\/a>\r\n\t\t\t\t\t\t\t<label for=\"uabb-terms-checkbox-_1093390030\">\r\n\t\t\t\t\t\t\t\t<input type=\"checkbox\" id=\"uabb-terms-checkbox-_1093390030\" name=\"uabb-terms-checkbox\" value=\"1\" \/>\r\n\t\t\t\t\t\t\t\t\tAccepto els <a href=\"\/aviso-legal\" target=\"_blank\" rel=\"noopener noreferrer\">termes i condicions<\/a>\t\t\t\t\t\t\t\t\r\n\t\t\t\t\t\t\t<\/label>\r\n\t\t\t\t\t\t\tTerms and Conditions checkbox is required.\r\n\t\t\t\t\t\tSomething went wrong. Please check your entries and try again.\r\n\t\t","protected":false},"excerpt":{"rendered":"<p>Activitats i Entorn Les Cap\u00e7ades \u00e9s un hotel situat a Horta de Sant Joan, en el cor de la Terra Alta. Una destinaci\u00f3 inigualable per a respirar, sentir i desconnectar. L&#8217;entorn i les instal\u00b7lacions de l&#8217;hotel et permetran gaudir d&#8217;unes perfectes vacances, amb la tranquil\u00b7litat i l&#8217;harmonia d&#8217;una banda; i el turisme i la naturalesa [&hellip;]<\/p>\n","protected":false},"author":1,"featured_media":0,"parent":0,"menu_order":0,"comment_status":"closed","ping_status":"open","template":"","meta":{"_genesis_hide_title":false,"_genesis_hide_breadcrumbs":false,"_genesis_hide_singular_image":false,"_genesis_hide_footer_widgets":false,"_genesis_custom_body_class":"","_genesis_custom_post_class":"","_genesis_layout":"","footnotes":""},"class_list":{"0":"post-1670","1":"page","2":"type-page","3":"status-publish","5":"entry","6":"has-post-thumbnail"},"yoast_head":"<!-- This site is optimized with the Yoast SEO plugin v27.5 - https:\/\/yoast.com\/product\/yoast-seo-wordpress\/ -->\n<title>Qu\u00e8 fer a Horta de Sant Joan - Hotel Les Cap\u00e7ades<\/title>\n<meta name=\"description\" content=\"Enoturisme, rutes amb bicicleta per la Via Verda, visitar el Parc Natural dels Ports... tota la riquesa de la Terra Alta a un sol pas de dist\u00e0ncia!\" \/>\n<meta name=\"robots\" content=\"index, follow, max-snippet:-1, max-image-preview:large, max-video-preview:-1\" \/>\n<link rel=\"canonical\" href=\"https:\/\/hotellescapcades.com\/ca\/activitats-horta-sant-joan\/\" \/>\n<meta property=\"og:locale\" content=\"ca_ES\" \/>\n<meta property=\"og:type\" content=\"article\" \/>\n<meta property=\"og:title\" content=\"Qu\u00e8 fer a Horta de Sant Joan - Hotel Les Cap\u00e7ades\" \/>\n<meta property=\"og:description\" content=\"Enoturisme, rutes amb bicicleta per la Via Verda, visitar el Parc Natural dels Ports... tota la riquesa de la Terra Alta a un sol pas de dist\u00e0ncia!\" \/>\n<meta property=\"og:url\" content=\"https:\/\/hotellescapcades.com\/ca\/activitats-horta-sant-joan\/\" \/>\n<meta property=\"og:site_name\" content=\"Hotel Les Cap\u00e7ades\" \/>\n<meta property=\"article:modified_time\" content=\"2019-06-13T11:34:20+00:00\" \/>\n<meta name=\"twitter:card\" content=\"summary_large_image\" \/>\n<meta name=\"twitter:label1\" content=\"Temps estimat de lectura\" \/>\n\t<meta name=\"twitter:data1\" content=\"1 minut\" \/>\n<script type=\"application\/ld+json\" class=\"yoast-schema-graph\">{\"@context\":\"https:\\\/\\\/schema.org\",\"@graph\":[{\"@type\":\"WebPage\",\"@id\":\"https:\\\/\\\/hotellescapcades.com\\\/ca\\\/activitats-horta-sant-joan\\\/\",\"url\":\"https:\\\/\\\/hotellescapcades.com\\\/ca\\\/activitats-horta-sant-joan\\\/\",\"name\":\"Qu\u00e8 fer a Horta de Sant Joan - Hotel Les Cap\u00e7ades\",\"isPartOf\":{\"@id\":\"https:\\\/\\\/hotellescapcades.com\\\/#website\"},\"datePublished\":\"2019-02-07T08:46:28+00:00\",\"dateModified\":\"2019-06-13T11:34:20+00:00\",\"description\":\"Enoturisme, rutes amb bicicleta per la Via Verda, visitar el Parc Natural dels Ports... tota la riquesa de la Terra Alta a un sol pas de dist\u00e0ncia!\",\"breadcrumb\":{\"@id\":\"https:\\\/\\\/hotellescapcades.com\\\/ca\\\/activitats-horta-sant-joan\\\/#breadcrumb\"},\"inLanguage\":\"ca\",\"potentialAction\":[{\"@type\":\"ReadAction\",\"target\":[\"https:\\\/\\\/hotellescapcades.com\\\/ca\\\/activitats-horta-sant-joan\\\/\"]}]},{\"@type\":\"BreadcrumbList\",\"@id\":\"https:\\\/\\\/hotellescapcades.com\\\/ca\\\/activitats-horta-sant-joan\\\/#breadcrumb\",\"itemListElement\":[{\"@type\":\"ListItem\",\"position\":1,\"name\":\"Portada\",\"item\":\"https:\\\/\\\/hotellescapcades.com\\\/ca\\\/\"},{\"@type\":\"ListItem\",\"position\":2,\"name\":\"Activitats i entorn\"}]},{\"@type\":\"WebSite\",\"@id\":\"https:\\\/\\\/hotellescapcades.com\\\/#website\",\"url\":\"https:\\\/\\\/hotellescapcades.com\\\/\",\"name\":\"Hotel Les Cap\u00e7ades\",\"description\":\"\",\"publisher\":{\"@id\":\"https:\\\/\\\/hotellescapcades.com\\\/#organization\"},\"potentialAction\":[{\"@type\":\"SearchAction\",\"target\":{\"@type\":\"EntryPoint\",\"urlTemplate\":\"https:\\\/\\\/hotellescapcades.com\\\/?s={search_term_string}\"},\"query-input\":{\"@type\":\"PropertyValueSpecification\",\"valueRequired\":true,\"valueName\":\"search_term_string\"}}],\"inLanguage\":\"ca\"},{\"@type\":\"Organization\",\"@id\":\"https:\\\/\\\/hotellescapcades.com\\\/#organization\",\"name\":\"Hotel Les Cap\u00e7ades\",\"url\":\"https:\\\/\\\/hotellescapcades.com\\\/\",\"logo\":{\"@type\":\"ImageObject\",\"inLanguage\":\"ca\",\"@id\":\"https:\\\/\\\/hotellescapcades.com\\\/#\\\/schema\\\/logo\\\/image\\\/\",\"url\":\"https:\\\/\\\/hotellescapcades.com\\\/wp-content\\\/uploads\\\/2019\\\/01\\\/logo.svg\",\"contentUrl\":\"https:\\\/\\\/hotellescapcades.com\\\/wp-content\\\/uploads\\\/2019\\\/01\\\/logo.svg\",\"width\":374.36,\"height\":92.99,\"caption\":\"Hotel Les Cap\u00e7ades\"},\"image\":{\"@id\":\"https:\\\/\\\/hotellescapcades.com\\\/#\\\/schema\\\/logo\\\/image\\\/\"}}]}<\/script>\n<!-- \/ Yoast SEO plugin. -->","yoast_head_json":{"title":"Qu\u00e8 fer a Horta de Sant Joan - Hotel Les Cap\u00e7ades","description":"Enoturisme, rutes amb bicicleta per la Via Verda, visitar el Parc Natural dels Ports... tota la riquesa de la Terra Alta a un sol pas de dist\u00e0ncia!","robots":{"index":"index","follow":"follow","max-snippet":"max-snippet:-1","max-image-preview":"max-image-preview:large","max-video-preview":"max-video-preview:-1"},"canonical":"https:\/\/hotellescapcades.com\/ca\/activitats-horta-sant-joan\/","og_locale":"ca_ES","og_type":"article","og_title":"Qu\u00e8 fer a Horta de Sant Joan - Hotel Les Cap\u00e7ades","og_description":"Enoturisme, rutes amb bicicleta per la Via Verda, visitar el Parc Natural dels Ports... tota la riquesa de la Terra Alta a un sol pas de dist\u00e0ncia!","og_url":"https:\/\/hotellescapcades.com\/ca\/activitats-horta-sant-joan\/","og_site_name":"Hotel Les Cap\u00e7ades","article_modified_time":"2019-06-13T11:34:20+00:00","twitter_card":"summary_large_image","twitter_misc":{"Temps estimat de lectura":"1 minut"},"schema":{"@context":"https:\/\/schema.org","@graph":[{"@type":"WebPage","@id":"https:\/\/hotellescapcades.com\/ca\/activitats-horta-sant-joan\/","url":"https:\/\/hotellescapcades.com\/ca\/activitats-horta-sant-joan\/","name":"Qu\u00e8 fer a Horta de Sant Joan - Hotel Les Cap\u00e7ades","isPartOf":{"@id":"https:\/\/hotellescapcades.com\/#website"},"datePublished":"2019-02-07T08:46:28+00:00","dateModified":"2019-06-13T11:34:20+00:00","description":"Enoturisme, rutes amb bicicleta per la Via Verda, visitar el Parc Natural dels Ports... tota la riquesa de la Terra Alta a un sol pas de dist\u00e0ncia!","breadcrumb":{"@id":"https:\/\/hotellescapcades.com\/ca\/activitats-horta-sant-joan\/#breadcrumb"},"inLanguage":"ca","potentialAction":[{"@type":"ReadAction","target":["https:\/\/hotellescapcades.com\/ca\/activitats-horta-sant-joan\/"]}]},{"@type":"BreadcrumbList","@id":"https:\/\/hotellescapcades.com\/ca\/activitats-horta-sant-joan\/#breadcrumb","itemListElement":[{"@type":"ListItem","position":1,"name":"Portada","item":"https:\/\/hotellescapcades.com\/ca\/"},{"@type":"ListItem","position":2,"name":"Activitats i entorn"}]},{"@type":"WebSite","@id":"https:\/\/hotellescapcades.com\/#website","url":"https:\/\/hotellescapcades.com\/","name":"Hotel Les Cap\u00e7ades","description":"","publisher":{"@id":"https:\/\/hotellescapcades.com\/#organization"},"potentialAction":[{"@type":"SearchAction","target":{"@type":"EntryPoint","urlTemplate":"https:\/\/hotellescapcades.com\/?s={search_term_string}"},"query-input":{"@type":"PropertyValueSpecification","valueRequired":true,"valueName":"search_term_string"}}],"inLanguage":"ca"},{"@type":"Organization","@id":"https:\/\/hotellescapcades.com\/#organization","name":"Hotel Les Cap\u00e7ades","url":"https:\/\/hotellescapcades.com\/","logo":{"@type":"ImageObject","inLanguage":"ca","@id":"https:\/\/hotellescapcades.com\/#\/schema\/logo\/image\/","url":"https:\/\/hotellescapcades.com\/wp-content\/uploads\/2019\/01\/logo.svg","contentUrl":"https:\/\/hotellescapcades.com\/wp-content\/uploads\/2019\/01\/logo.svg","width":374.36,"height":92.99,"caption":"Hotel Les Cap\u00e7ades"},"image":{"@id":"https:\/\/hotellescapcades.com\/#\/schema\/logo\/image\/"}}]}},"_links":{"self":[{"href":"https:\/\/hotellescapcades.com\/ca\/wp-json\/wp\/v2\/pages\/1670","targetHints":{"allow":["GET"]}}],"collection":[{"href":"https:\/\/hotellescapcades.com\/ca\/wp-json\/wp\/v2\/pages"}],"about":[{"href":"https:\/\/hotellescapcades.com\/ca\/wp-json\/wp\/v2\/types\/page"}],"author":[{"embeddable":true,"href":"https:\/\/hotellescapcades.com\/ca\/wp-json\/wp\/v2\/users\/1"}],"replies":[{"embeddable":true,"href":"https:\/\/hotellescapcades.com\/ca\/wp-json\/wp\/v2\/comments?post=1670"}],"version-history":[{"count":5,"href":"https:\/\/hotellescapcades.com\/ca\/wp-json\/wp\/v2\/pages\/1670\/revisions"}],"predecessor-version":[{"id":1755,"href":"https:\/\/hotellescapcades.com\/ca\/wp-json\/wp\/v2\/pages\/1670\/revisions\/1755"}],"wp:attachment":[{"href":"https:\/\/hotellescapcades.com\/ca\/wp-json\/wp\/v2\/media?parent=1670"}],"curies":[{"name":"wp","href":"https:\/\/api.w.org\/{rel}","templated":true}]}}