{"id":1682,"date":"2019-02-18T07:56:46","date_gmt":"2019-02-18T07:56:46","guid":{"rendered":"https:\/\/hotellescapcades.com\/celebraciones-horta-sant-joan\/"},"modified":"2019-06-13T11:28:49","modified_gmt":"2019-06-13T11:28:49","slug":"celebracions-horta-sant-joan","status":"publish","type":"page","link":"https:\/\/hotellescapcades.com\/ca\/celebracions-horta-sant-joan\/","title":{"rendered":"Celebracions"},"content":{"rendered":"\r\n\t\t\t<h1>Celebracions a Les Cap\u00e7ades<\/h1>\t\t\t\r\n\t\t\t<h3>Un espai \u00fanic i ple d&#8217;encant per celebrar qualsevol esdeveniment<\/h3>\t\t\t\r\n\t\t\t\t<p>L&#8217;equip de Les Cap\u00e7ades busquem la m\u00e0xima exclusivitat en els serveis que oferim perqu\u00e8 qualsevol celebraci\u00f3 sigui inoblidable. <\/p>\r\n<p><strong>Batejos, comunions, aniversaris<\/strong>\u2026 les nostres instal\u00b7lacions permeten acollir tot tipus d&#8217;esdeveniments, els quals estaran avalats per l&#8217;inigualable entorn que ens envolta i per una infraestructura cuidada fins l&#8217;\u00faltim detall per oferir el m\u00e0xim confort. <\/p>\r\n<p>La ubicaci\u00f3 privilegiada en el cor de la <strong>Terra Alta<\/strong>, la gastronomia i el tracte totalment personalitzat, s\u00f3n factors que converteixen a l&#8217;Hotel Les Cap\u00e7ades en el lloc perfecte per a l&#8217;organitzaci\u00f3 de qualsevol tipus de celebraci\u00f3. <\/p>\r\n\t\t\t\t<p>A m\u00e9s dels nostres salons des d\u2019on es poden admirar les vistes interminables als Ports de Tortosa-Beceite, comptem amb grans zones enjardinades. Unes instal\u00b7lacions perfectes perqu\u00e8 la celebraci\u00f3 es converteixi en un record inoblidable. <\/p>\r\n<p>Ens adaptem plenament per a dissenyar men\u00fas exclusius d&#8217;acord amb les caracter\u00edstiques, ambicions i gustos del client. Ens ocupem de cada detall perqu\u00e8 els convidats gaudeixin d&#8217;una exquisida cuina de proximitat cuidada fins a l&#8217;\u00faltim detall gastron\u00f2mic. Tot pensat com un homenatge hostaler a la nostra comarca, per a crear una experi\u00e8ncia gastron\u00f2mica excel\u00b7lent. <\/p>\r\n\t\t\t<h3>Vols convertir la teva celebraci\u00f3 en un record inoblidable? <\/h3>\t\t\t\r\n\t\t\t<a href=\"https:\/\/hotellescapcades.com\/ca\/contacte\/\" target=\"_self\"   role=\"button\" rel=\"noopener noreferrer\">\r\n\t\t\t\t\t\t\tCONTACTA&#8217;NS!\r\n\t\t<\/a>\r\n\t\t\t<h3>Reunions d&#8217;empresa amb totes les comoditats i facilitats<\/h3>\t\t\t\r\n\t\t\t\t<p>A l\u2019Hotel Les Cap\u00e7ades trobareu els serveis necessaris perqu\u00e8 les vostres reunions d&#8217;empresa siguin tot un \u00e8xit. <\/p>\r\n<p>Comptem amb el privilegi de trobar-nos en una ubicaci\u00f3 excepcional per a celebrar les <strong>reunions d&#8217;empresa a la Terra Alta<\/strong>. La vostra reuni\u00f3 pot ser una trobada positiva i efectiva gr\u00e0cies a disposar de totes les facilitats i comoditats al vostre abast.<\/p>\r\n<p>Us oferim un servei integral de planificaci\u00f3 i organitzaci\u00f3, garantint una total privacitat. A m\u00e9s dels nostres salons amb llum natural i vistes als Ports de Tortosa-Beceite, disposem de jardins que resulten perfectes per a qualsevol esdeveniment, ja que es poden adaptar a la seva finalitat, ja sigui presentacions de productes, esmorzars, etc.<\/p>\r\n<p>A l&#8217;Hotel Les Cap\u00e7ades tamb\u00e9 us oferim l&#8217;oportunitat d&#8217;acompanyar la vostra trobada amb una experi\u00e8ncia gastron\u00f2mica cuidada fins a l&#8217;\u00faltim detall i elaborada segons els vostres gustos. <\/p>\r\n","protected":false},"excerpt":{"rendered":"<p>Celebracions a Les Cap\u00e7ades Un espai \u00fanic i ple d&#8217;encant per celebrar qualsevol esdeveniment L&#8217;equip de Les Cap\u00e7ades busquem la m\u00e0xima exclusivitat en els serveis que oferim perqu\u00e8 qualsevol celebraci\u00f3 sigui inoblidable. Batejos, comunions, aniversaris\u2026 les nostres instal\u00b7lacions permeten acollir tot tipus d&#8217;esdeveniments, els quals estaran avalats per l&#8217;inigualable entorn que ens envolta i per [&hellip;]<\/p>\n","protected":false},"author":1,"featured_media":0,"parent":0,"menu_order":0,"comment_status":"closed","ping_status":"open","template":"","meta":{"_genesis_hide_title":false,"_genesis_hide_breadcrumbs":false,"_genesis_hide_singular_image":false,"_genesis_hide_footer_widgets":false,"_genesis_custom_body_class":"","_genesis_custom_post_class":"","_genesis_layout":"","footnotes":""},"class_list":{"0":"post-1682","1":"page","2":"type-page","3":"status-publish","5":"entry","6":"has-post-thumbnail"},"yoast_head":"<!-- This site is optimized with the Yoast SEO plugin v20.0 - https:\/\/yoast.com\/wordpress\/plugins\/seo\/ -->\n<title>Celebracions a Horta de Sant Joan - Hotel Les Cap\u00e7ades<\/title>\n<meta name=\"description\" content=\"Batejos, comunions, reunions d&#039;empresa... L&#039;equip de Les Cap\u00e7ades busquem la m\u00e0xima exclusivitat perqu\u00e8 qualsevol celebraci\u00f3 sigui inoblidable.\" \/>\n<meta name=\"robots\" content=\"index, follow, max-snippet:-1, max-image-preview:large, max-video-preview:-1\" \/>\n<link rel=\"canonical\" href=\"https:\/\/hotellescapcades.com\/ca\/celebracions-horta-sant-joan\/\" \/>\n<meta property=\"og:locale\" content=\"ca_ES\" \/>\n<meta property=\"og:type\" content=\"article\" \/>\n<meta property=\"og:title\" content=\"Celebracions a Horta de Sant Joan - Hotel Les Cap\u00e7ades\" \/>\n<meta property=\"og:description\" content=\"Batejos, comunions, reunions d&#039;empresa... L&#039;equip de Les Cap\u00e7ades busquem la m\u00e0xima exclusivitat perqu\u00e8 qualsevol celebraci\u00f3 sigui inoblidable.\" \/>\n<meta property=\"og:url\" content=\"https:\/\/hotellescapcades.com\/ca\/celebracions-horta-sant-joan\/\" \/>\n<meta property=\"og:site_name\" content=\"Hotel Les Cap\u00e7ades\" \/>\n<meta property=\"article:modified_time\" content=\"2019-06-13T11:28:49+00:00\" \/>\n<meta name=\"twitter:card\" content=\"summary_large_image\" \/>\n<meta name=\"twitter:label1\" content=\"Temps estimat de lectura\" \/>\n\t<meta name=\"twitter:data1\" content=\"2 minuts\" \/>\n<script type=\"application\/ld+json\" class=\"yoast-schema-graph\">{\"@context\":\"https:\/\/schema.org\",\"@graph\":[{\"@type\":\"WebPage\",\"@id\":\"https:\/\/hotellescapcades.com\/ca\/celebracions-horta-sant-joan\/\",\"url\":\"https:\/\/hotellescapcades.com\/ca\/celebracions-horta-sant-joan\/\",\"name\":\"Celebracions a Horta de Sant Joan - Hotel Les Cap\u00e7ades\",\"isPartOf\":{\"@id\":\"https:\/\/hotellescapcades.com\/#website\"},\"datePublished\":\"2019-02-18T07:56:46+00:00\",\"dateModified\":\"2019-06-13T11:28:49+00:00\",\"description\":\"Batejos, comunions, reunions d'empresa... L'equip de Les Cap\u00e7ades busquem la m\u00e0xima exclusivitat perqu\u00e8 qualsevol celebraci\u00f3 sigui inoblidable.\",\"breadcrumb\":{\"@id\":\"https:\/\/hotellescapcades.com\/ca\/celebracions-horta-sant-joan\/#breadcrumb\"},\"inLanguage\":\"ca\",\"potentialAction\":[{\"@type\":\"ReadAction\",\"target\":[\"https:\/\/hotellescapcades.com\/ca\/celebracions-horta-sant-joan\/\"]}]},{\"@type\":\"BreadcrumbList\",\"@id\":\"https:\/\/hotellescapcades.com\/ca\/celebracions-horta-sant-joan\/#breadcrumb\",\"itemListElement\":[{\"@type\":\"ListItem\",\"position\":1,\"name\":\"Portada\",\"item\":\"https:\/\/hotellescapcades.com\/ca\/\"},{\"@type\":\"ListItem\",\"position\":2,\"name\":\"Celebracions\"}]},{\"@type\":\"WebSite\",\"@id\":\"https:\/\/hotellescapcades.com\/#website\",\"url\":\"https:\/\/hotellescapcades.com\/\",\"name\":\"Hotel Les Cap\u00e7ades\",\"description\":\"\",\"publisher\":{\"@id\":\"https:\/\/hotellescapcades.com\/#organization\"},\"potentialAction\":[{\"@type\":\"SearchAction\",\"target\":{\"@type\":\"EntryPoint\",\"urlTemplate\":\"https:\/\/hotellescapcades.com\/?s={search_term_string}\"},\"query-input\":\"required name=search_term_string\"}],\"inLanguage\":\"ca\"},{\"@type\":\"Organization\",\"@id\":\"https:\/\/hotellescapcades.com\/#organization\",\"name\":\"Hotel Les Cap\u00e7ades\",\"url\":\"https:\/\/hotellescapcades.com\/\",\"logo\":{\"@type\":\"ImageObject\",\"inLanguage\":\"ca\",\"@id\":\"https:\/\/hotellescapcades.com\/#\/schema\/logo\/image\/\",\"url\":\"https:\/\/hotellescapcades.com\/wp-content\/uploads\/2019\/01\/logo.svg\",\"contentUrl\":\"https:\/\/hotellescapcades.com\/wp-content\/uploads\/2019\/01\/logo.svg\",\"width\":374.36,\"height\":92.99,\"caption\":\"Hotel Les Cap\u00e7ades\"},\"image\":{\"@id\":\"https:\/\/hotellescapcades.com\/#\/schema\/logo\/image\/\"}}]}<\/script>\n<!-- \/ Yoast SEO plugin. -->","yoast_head_json":{"title":"Celebracions a Horta de Sant Joan - Hotel Les Cap\u00e7ades","description":"Batejos, comunions, reunions d'empresa... L'equip de Les Cap\u00e7ades busquem la m\u00e0xima exclusivitat perqu\u00e8 qualsevol celebraci\u00f3 sigui inoblidable.","robots":{"index":"index","follow":"follow","max-snippet":"max-snippet:-1","max-image-preview":"max-image-preview:large","max-video-preview":"max-video-preview:-1"},"canonical":"https:\/\/hotellescapcades.com\/ca\/celebracions-horta-sant-joan\/","og_locale":"ca_ES","og_type":"article","og_title":"Celebracions a Horta de Sant Joan - Hotel Les Cap\u00e7ades","og_description":"Batejos, comunions, reunions d'empresa... L'equip de Les Cap\u00e7ades busquem la m\u00e0xima exclusivitat perqu\u00e8 qualsevol celebraci\u00f3 sigui inoblidable.","og_url":"https:\/\/hotellescapcades.com\/ca\/celebracions-horta-sant-joan\/","og_site_name":"Hotel Les Cap\u00e7ades","article_modified_time":"2019-06-13T11:28:49+00:00","twitter_card":"summary_large_image","twitter_misc":{"Temps estimat de lectura":"2 minuts"},"schema":{"@context":"https:\/\/schema.org","@graph":[{"@type":"WebPage","@id":"https:\/\/hotellescapcades.com\/ca\/celebracions-horta-sant-joan\/","url":"https:\/\/hotellescapcades.com\/ca\/celebracions-horta-sant-joan\/","name":"Celebracions a Horta de Sant Joan - Hotel Les Cap\u00e7ades","isPartOf":{"@id":"https:\/\/hotellescapcades.com\/#website"},"datePublished":"2019-02-18T07:56:46+00:00","dateModified":"2019-06-13T11:28:49+00:00","description":"Batejos, comunions, reunions d'empresa... L'equip de Les Cap\u00e7ades busquem la m\u00e0xima exclusivitat perqu\u00e8 qualsevol celebraci\u00f3 sigui inoblidable.","breadcrumb":{"@id":"https:\/\/hotellescapcades.com\/ca\/celebracions-horta-sant-joan\/#breadcrumb"},"inLanguage":"ca","potentialAction":[{"@type":"ReadAction","target":["https:\/\/hotellescapcades.com\/ca\/celebracions-horta-sant-joan\/"]}]},{"@type":"BreadcrumbList","@id":"https:\/\/hotellescapcades.com\/ca\/celebracions-horta-sant-joan\/#breadcrumb","itemListElement":[{"@type":"ListItem","position":1,"name":"Portada","item":"https:\/\/hotellescapcades.com\/ca\/"},{"@type":"ListItem","position":2,"name":"Celebracions"}]},{"@type":"WebSite","@id":"https:\/\/hotellescapcades.com\/#website","url":"https:\/\/hotellescapcades.com\/","name":"Hotel Les Cap\u00e7ades","description":"","publisher":{"@id":"https:\/\/hotellescapcades.com\/#organization"},"potentialAction":[{"@type":"SearchAction","target":{"@type":"EntryPoint","urlTemplate":"https:\/\/hotellescapcades.com\/?s={search_term_string}"},"query-input":"required name=search_term_string"}],"inLanguage":"ca"},{"@type":"Organization","@id":"https:\/\/hotellescapcades.com\/#organization","name":"Hotel Les Cap\u00e7ades","url":"https:\/\/hotellescapcades.com\/","logo":{"@type":"ImageObject","inLanguage":"ca","@id":"https:\/\/hotellescapcades.com\/#\/schema\/logo\/image\/","url":"https:\/\/hotellescapcades.com\/wp-content\/uploads\/2019\/01\/logo.svg","contentUrl":"https:\/\/hotellescapcades.com\/wp-content\/uploads\/2019\/01\/logo.svg","width":374.36,"height":92.99,"caption":"Hotel Les Cap\u00e7ades"},"image":{"@id":"https:\/\/hotellescapcades.com\/#\/schema\/logo\/image\/"}}]}},"_links":{"self":[{"href":"https:\/\/hotellescapcades.com\/ca\/wp-json\/wp\/v2\/pages\/1682","targetHints":{"allow":["GET"]}}],"collection":[{"href":"https:\/\/hotellescapcades.com\/ca\/wp-json\/wp\/v2\/pages"}],"about":[{"href":"https:\/\/hotellescapcades.com\/ca\/wp-json\/wp\/v2\/types\/page"}],"author":[{"embeddable":true,"href":"https:\/\/hotellescapcades.com\/ca\/wp-json\/wp\/v2\/users\/1"}],"replies":[{"embeddable":true,"href":"https:\/\/hotellescapcades.com\/ca\/wp-json\/wp\/v2\/comments?post=1682"}],"version-history":[{"count":4,"href":"https:\/\/hotellescapcades.com\/ca\/wp-json\/wp\/v2\/pages\/1682\/revisions"}],"predecessor-version":[{"id":1745,"href":"https:\/\/hotellescapcades.com\/ca\/wp-json\/wp\/v2\/pages\/1682\/revisions\/1745"}],"wp:attachment":[{"href":"https:\/\/hotellescapcades.com\/ca\/wp-json\/wp\/v2\/media?parent=1682"}],"curies":[{"name":"wp","href":"https:\/\/api.w.org\/{rel}","templated":true}]}}