{"id":1688,"date":"2019-01-23T08:30:20","date_gmt":"2019-01-23T08:30:20","guid":{"rendered":"https:\/\/hotellescapcades.com\/contacta\/"},"modified":"2019-08-23T18:16:26","modified_gmt":"2019-08-23T18:16:26","slug":"contacte","status":"publish","type":"page","link":"https:\/\/hotellescapcades.com\/ca\/contacte\/","title":{"rendered":"Contacte"},"content":{"rendered":"\n\t\t\t<h1>Contacta amb nosaltres!<\/h1>\t\t\t\n\t\t\t<h3>Fes la teva reserva a Hotel Les Cap\u00e7ades!<\/h3>\t\t\t\n\t\t\t\t\nA trav\u00e9s del seg\u00fcent formulari pots posar-te en contacte amb nosaltres per a realitzar la teva reserva o resoldre qualsevol dubte. Et respondrem en la major brevetat possible!\n\t\t\t<h3>T&#8217;estem esperant!<\/h3>\t\t\t\n\t\t\t\t<p> Partida de Cap\u00e7ades s\/n (43596)<br \/>Horta de Sant Joan &#8211; Tarragona<\/p>\n<hr \/>\n<p> <a href=\"tel:+34 977 435 555\">+34 977 435 555<\/a><\/p>\n<hr \/>\n<p> <a href=\"mailto:contacte@hotellescapcades.com\">contacte@hotellescapcades.com<\/a><\/p>\n\t\t\t<h3>Descobreix el nostre dia a dia! Segueix-nos a:<\/h3>\t\t\t\n","protected":false},"excerpt":{"rendered":"<p>Contacta amb nosaltres! Fes la teva reserva a Hotel Les Cap\u00e7ades! A trav\u00e9s del seg\u00fcent formulari pots posar-te en contacte amb nosaltres per a realitzar la teva reserva o resoldre qualsevol dubte. Et respondrem en la major brevetat possible! T&#8217;estem esperant! Partida de Cap\u00e7ades s\/n (43596)Horta de Sant Joan &#8211; Tarragona +34 977 435 555 [&hellip;]<\/p>\n","protected":false},"author":1,"featured_media":0,"parent":0,"menu_order":0,"comment_status":"closed","ping_status":"closed","template":"","meta":{"_genesis_hide_title":false,"_genesis_hide_breadcrumbs":false,"_genesis_hide_singular_image":false,"_genesis_hide_footer_widgets":false,"_genesis_custom_body_class":"","_genesis_custom_post_class":"","_genesis_layout":"","footnotes":""},"class_list":{"0":"post-1688","1":"page","2":"type-page","3":"status-publish","5":"entry","6":"has-post-thumbnail"},"yoast_head":"<!-- This site is optimized with the Yoast SEO plugin v27.5 - https:\/\/yoast.com\/product\/yoast-seo-wordpress\/ -->\n<title>Contacta amb nosaltres - Hotel Les Cap\u00e7ades - Horta de Sant Joan<\/title>\n<meta name=\"description\" content=\"T&#039;estem esperant! Contacta amb nosaltres per realitzar la teva reserva o resoldre qualsevol dubte. Et respondrem en la major brevetat possible.\" \/>\n<meta name=\"robots\" content=\"index, follow, max-snippet:-1, max-image-preview:large, max-video-preview:-1\" \/>\n<link rel=\"canonical\" href=\"https:\/\/hotellescapcades.com\/ca\/contacte\/\" \/>\n<meta property=\"og:locale\" content=\"ca_ES\" \/>\n<meta property=\"og:type\" content=\"article\" \/>\n<meta property=\"og:title\" content=\"Contacta amb nosaltres - Hotel Les Cap\u00e7ades - Horta de Sant Joan\" \/>\n<meta property=\"og:description\" content=\"T&#039;estem esperant! Contacta amb nosaltres per realitzar la teva reserva o resoldre qualsevol dubte. Et respondrem en la major brevetat possible.\" \/>\n<meta property=\"og:url\" content=\"https:\/\/hotellescapcades.com\/ca\/contacte\/\" \/>\n<meta property=\"og:site_name\" content=\"Hotel Les Cap\u00e7ades\" \/>\n<meta property=\"article:modified_time\" content=\"2019-08-23T18:16:26+00:00\" \/>\n<meta name=\"twitter:card\" content=\"summary_large_image\" \/>\n<script type=\"application\/ld+json\" class=\"yoast-schema-graph\">{\"@context\":\"https:\\\/\\\/schema.org\",\"@graph\":[{\"@type\":\"WebPage\",\"@id\":\"https:\\\/\\\/hotellescapcades.com\\\/ca\\\/contacte\\\/\",\"url\":\"https:\\\/\\\/hotellescapcades.com\\\/ca\\\/contacte\\\/\",\"name\":\"Contacta amb nosaltres - Hotel Les Cap\u00e7ades - Horta de Sant Joan\",\"isPartOf\":{\"@id\":\"https:\\\/\\\/hotellescapcades.com\\\/#website\"},\"datePublished\":\"2019-01-23T08:30:20+00:00\",\"dateModified\":\"2019-08-23T18:16:26+00:00\",\"description\":\"T'estem esperant! Contacta amb nosaltres per realitzar la teva reserva o resoldre qualsevol dubte. Et respondrem en la major brevetat possible.\",\"breadcrumb\":{\"@id\":\"https:\\\/\\\/hotellescapcades.com\\\/ca\\\/contacte\\\/#breadcrumb\"},\"inLanguage\":\"ca\",\"potentialAction\":[{\"@type\":\"ReadAction\",\"target\":[\"https:\\\/\\\/hotellescapcades.com\\\/ca\\\/contacte\\\/\"]}]},{\"@type\":\"BreadcrumbList\",\"@id\":\"https:\\\/\\\/hotellescapcades.com\\\/ca\\\/contacte\\\/#breadcrumb\",\"itemListElement\":[{\"@type\":\"ListItem\",\"position\":1,\"name\":\"Portada\",\"item\":\"https:\\\/\\\/hotellescapcades.com\\\/ca\\\/\"},{\"@type\":\"ListItem\",\"position\":2,\"name\":\"Contacte\"}]},{\"@type\":\"WebSite\",\"@id\":\"https:\\\/\\\/hotellescapcades.com\\\/#website\",\"url\":\"https:\\\/\\\/hotellescapcades.com\\\/\",\"name\":\"Hotel Les Cap\u00e7ades\",\"description\":\"\",\"publisher\":{\"@id\":\"https:\\\/\\\/hotellescapcades.com\\\/#organization\"},\"potentialAction\":[{\"@type\":\"SearchAction\",\"target\":{\"@type\":\"EntryPoint\",\"urlTemplate\":\"https:\\\/\\\/hotellescapcades.com\\\/?s={search_term_string}\"},\"query-input\":{\"@type\":\"PropertyValueSpecification\",\"valueRequired\":true,\"valueName\":\"search_term_string\"}}],\"inLanguage\":\"ca\"},{\"@type\":\"Organization\",\"@id\":\"https:\\\/\\\/hotellescapcades.com\\\/#organization\",\"name\":\"Hotel Les Cap\u00e7ades\",\"url\":\"https:\\\/\\\/hotellescapcades.com\\\/\",\"logo\":{\"@type\":\"ImageObject\",\"inLanguage\":\"ca\",\"@id\":\"https:\\\/\\\/hotellescapcades.com\\\/#\\\/schema\\\/logo\\\/image\\\/\",\"url\":\"https:\\\/\\\/hotellescapcades.com\\\/wp-content\\\/uploads\\\/2019\\\/01\\\/logo.svg\",\"contentUrl\":\"https:\\\/\\\/hotellescapcades.com\\\/wp-content\\\/uploads\\\/2019\\\/01\\\/logo.svg\",\"width\":374.36,\"height\":92.99,\"caption\":\"Hotel Les Cap\u00e7ades\"},\"image\":{\"@id\":\"https:\\\/\\\/hotellescapcades.com\\\/#\\\/schema\\\/logo\\\/image\\\/\"}}]}<\/script>\n<!-- \/ Yoast SEO plugin. -->","yoast_head_json":{"title":"Contacta amb nosaltres - Hotel Les Cap\u00e7ades - Horta de Sant Joan","description":"T'estem esperant! Contacta amb nosaltres per realitzar la teva reserva o resoldre qualsevol dubte. Et respondrem en la major brevetat possible.","robots":{"index":"index","follow":"follow","max-snippet":"max-snippet:-1","max-image-preview":"max-image-preview:large","max-video-preview":"max-video-preview:-1"},"canonical":"https:\/\/hotellescapcades.com\/ca\/contacte\/","og_locale":"ca_ES","og_type":"article","og_title":"Contacta amb nosaltres - Hotel Les Cap\u00e7ades - Horta de Sant Joan","og_description":"T'estem esperant! Contacta amb nosaltres per realitzar la teva reserva o resoldre qualsevol dubte. Et respondrem en la major brevetat possible.","og_url":"https:\/\/hotellescapcades.com\/ca\/contacte\/","og_site_name":"Hotel Les Cap\u00e7ades","article_modified_time":"2019-08-23T18:16:26+00:00","twitter_card":"summary_large_image","schema":{"@context":"https:\/\/schema.org","@graph":[{"@type":"WebPage","@id":"https:\/\/hotellescapcades.com\/ca\/contacte\/","url":"https:\/\/hotellescapcades.com\/ca\/contacte\/","name":"Contacta amb nosaltres - Hotel Les Cap\u00e7ades - Horta de Sant Joan","isPartOf":{"@id":"https:\/\/hotellescapcades.com\/#website"},"datePublished":"2019-01-23T08:30:20+00:00","dateModified":"2019-08-23T18:16:26+00:00","description":"T'estem esperant! Contacta amb nosaltres per realitzar la teva reserva o resoldre qualsevol dubte. Et respondrem en la major brevetat possible.","breadcrumb":{"@id":"https:\/\/hotellescapcades.com\/ca\/contacte\/#breadcrumb"},"inLanguage":"ca","potentialAction":[{"@type":"ReadAction","target":["https:\/\/hotellescapcades.com\/ca\/contacte\/"]}]},{"@type":"BreadcrumbList","@id":"https:\/\/hotellescapcades.com\/ca\/contacte\/#breadcrumb","itemListElement":[{"@type":"ListItem","position":1,"name":"Portada","item":"https:\/\/hotellescapcades.com\/ca\/"},{"@type":"ListItem","position":2,"name":"Contacte"}]},{"@type":"WebSite","@id":"https:\/\/hotellescapcades.com\/#website","url":"https:\/\/hotellescapcades.com\/","name":"Hotel Les Cap\u00e7ades","description":"","publisher":{"@id":"https:\/\/hotellescapcades.com\/#organization"},"potentialAction":[{"@type":"SearchAction","target":{"@type":"EntryPoint","urlTemplate":"https:\/\/hotellescapcades.com\/?s={search_term_string}"},"query-input":{"@type":"PropertyValueSpecification","valueRequired":true,"valueName":"search_term_string"}}],"inLanguage":"ca"},{"@type":"Organization","@id":"https:\/\/hotellescapcades.com\/#organization","name":"Hotel Les Cap\u00e7ades","url":"https:\/\/hotellescapcades.com\/","logo":{"@type":"ImageObject","inLanguage":"ca","@id":"https:\/\/hotellescapcades.com\/#\/schema\/logo\/image\/","url":"https:\/\/hotellescapcades.com\/wp-content\/uploads\/2019\/01\/logo.svg","contentUrl":"https:\/\/hotellescapcades.com\/wp-content\/uploads\/2019\/01\/logo.svg","width":374.36,"height":92.99,"caption":"Hotel Les Cap\u00e7ades"},"image":{"@id":"https:\/\/hotellescapcades.com\/#\/schema\/logo\/image\/"}}]}},"_links":{"self":[{"href":"https:\/\/hotellescapcades.com\/ca\/wp-json\/wp\/v2\/pages\/1688","targetHints":{"allow":["GET"]}}],"collection":[{"href":"https:\/\/hotellescapcades.com\/ca\/wp-json\/wp\/v2\/pages"}],"about":[{"href":"https:\/\/hotellescapcades.com\/ca\/wp-json\/wp\/v2\/types\/page"}],"author":[{"embeddable":true,"href":"https:\/\/hotellescapcades.com\/ca\/wp-json\/wp\/v2\/users\/1"}],"replies":[{"embeddable":true,"href":"https:\/\/hotellescapcades.com\/ca\/wp-json\/wp\/v2\/comments?post=1688"}],"version-history":[{"count":6,"href":"https:\/\/hotellescapcades.com\/ca\/wp-json\/wp\/v2\/pages\/1688\/revisions"}],"predecessor-version":[{"id":2045,"href":"https:\/\/hotellescapcades.com\/ca\/wp-json\/wp\/v2\/pages\/1688\/revisions\/2045"}],"wp:attachment":[{"href":"https:\/\/hotellescapcades.com\/ca\/wp-json\/wp\/v2\/media?parent=1688"}],"curies":[{"name":"wp","href":"https:\/\/api.w.org\/{rel}","templated":true}]}}