{"id":1693,"date":"2019-02-18T08:14:40","date_gmt":"2019-02-18T08:14:40","guid":{"rendered":"https:\/\/hotellescapcades.com\/bodas-horta-sant-joan\/"},"modified":"2019-06-13T11:18:51","modified_gmt":"2019-06-13T11:18:51","slug":"casaments-horta-sant-joan","status":"publish","type":"page","link":"https:\/\/hotellescapcades.com\/ca\/casaments-horta-sant-joan\/","title":{"rendered":"Casaments"},"content":{"rendered":"\r\n\t\t\t<h1>Casaments a Les Cap\u00e7ades<\/h1>\t\t\t\r\n\t\t\t<h3>Personalitzaci\u00f3 i la m\u00e0xima exclusivitat per a un dia m\u00e0gic<\/h3>\t\t\t\r\n\t\t\t\t<p>Les Cap\u00e7ades \u00e9s un<strong> hotel rural <\/strong>envoltat de naturalesa en un lloc exclusiu. Unes espectaculars vistes, una llum especial, postes de sol \u00faniques, silenci, m\u00e0xima exclusivitat, personalitzaci\u00f3 en cada celebraci\u00f3, personal atent i alta cuina amb productes de m\u00e0xima qualitat<\/p>\r\n<p>El vostre casament pot celebrar-se en diferents espais: el jard\u00ed, el bosc o la terrassa. Des del jard\u00ed, entre oliveres, es contempla una preciosa vista a l&#8217;emblem\u00e0tica muntanya de Santa B\u00e0rbara que fa que sigui un marc preci\u00f3s per donar-vos el s\u00ed vull. <\/p>\r\n<p>El bosc \u00e9s un lloc ideal per a casar-se. Raigs de sol que entren entre els pins, contacte amb el silenci i la naturalesa, olors a roman\u00ed, i l&#8217;espectacular posta de sol de fons, far\u00e0 que la vostra cerim\u00f2nia sigui la m\u00e9s m\u00e0gica i rom\u00e0ntica que mai us heu imaginat.<\/p>\r\n\t\t\t<h3>Gastronomia de qualitat en un entorn \u00fanic i especial<\/h3>\t\t\t\r\n\t\t\t\t<p>Podem servir-vos l&#8217;aperitiu en diferents llocs de l&#8217;hotel: a la terrassa, el jard\u00ed o el bosc. Sigui quin sigui el lloc que trieu, estareu envoltats de naturalesa i unes incre\u00efbles vistes al <strong>Parc Natural dels Ports<\/strong>. A m\u00e9s, podreu gaudir de la llum especial que t\u00e9 Les Cap\u00e7ades i la seva m\u00e0gica posta de sol.. <\/p>\r\n<p>Els nostres aperitius s\u00f3n especials. S\u00f3n aperitius d&#8217;alta cuina, elaborats i mimats al detall i amb producte de m\u00e0xima qualitat. Si a tot aix\u00f2 li sumem una decoraci\u00f3 cuidada i personalitzada, una bona il\u00b7luminaci\u00f3, m\u00fasica de fons i la nostra posta de sol, l&#8217;aperitiu a Les Cap\u00e7ades \u00e9s espectacular.<\/p>\r\n\t\t\t<h3>Voleu fer realitat el vostre casament de somni?<\/h3>\t\t\t\r\n\t\t\t<a href=\"https:\/\/hotellescapcades.com\/ca\/contacte\/\" target=\"_self\"   role=\"button\" rel=\"noopener noreferrer\">\r\n\t\t\t\t\t\t\tS\u00cd, VULL!\r\n\t\t<\/a>\r\n\t\t\t<h3>Diferents possibilitats per a un banquet memorable<\/h3>\t\t\t\r\n\t\t\t\t<p>Un dels encants m\u00e9s especials de Les Cap\u00e7ades \u00e9s el seu entorn natural i \u00e9s per aix\u00f2 que us oferim la possibilitat de realitzar el vostre banquet a l&#8217;aire lliure. Tamb\u00e9 hi ha l&#8217;opci\u00f3 de celebrar-ho en una de les nostres carpes, decorades per a l&#8217;ocasi\u00f3, o b\u00e9 en el nostre menjador del restaurant per a celebracions m\u00e9s \u00edntimes. <\/p>\r\nEls banquets de noces s\u00f3n un dels elements m\u00e9s importants, per aix\u00f2 oferim una \u00e0mplia carta de plats perqu\u00e8 pugueu personalitzar el men\u00fa al vostre gust. Ens identifica la qualitat del producte i el servei amable i atent.<br \/>\r\n\r\n\t\t\t<h3>Un enlla\u00e7 cuidat fins a l&#8217;\u00faltim detall<\/h3>\t\t\t\r\n\t\t\t\tEns agrada proporcionar un servei complet, per aix\u00f2, cuidem fins a l&#8217;\u00faltim detall. L&#8217;hotel t\u00e9 13 habitacions de les quals podreu disposar vosaltres i els vostres convidats, per a poder gaudir fins al final de la celebraci\u00f3.<br \/>\r\n\r\n<p>Organitzarem i planificarem una cerim\u00f2nia perfecta, d\u2019acord amb les vostres expectatives i us assessorarem amb tots els nostres serveis per personalitzar el vostre esdeveniment i que es converteixi en un dia m\u00e0gic i ple d&#8217;emoci\u00f3. <\/p>\r\n","protected":false},"excerpt":{"rendered":"<p>Casaments a Les Cap\u00e7ades Personalitzaci\u00f3 i la m\u00e0xima exclusivitat per a un dia m\u00e0gic Les Cap\u00e7ades \u00e9s un hotel rural envoltat de naturalesa en un lloc exclusiu. Unes espectaculars vistes, una llum especial, postes de sol \u00faniques, silenci, m\u00e0xima exclusivitat, personalitzaci\u00f3 en cada celebraci\u00f3, personal atent i alta cuina amb productes de m\u00e0xima qualitat El [&hellip;]<\/p>\n","protected":false},"author":1,"featured_media":0,"parent":0,"menu_order":0,"comment_status":"closed","ping_status":"open","template":"","meta":{"_genesis_hide_title":false,"_genesis_hide_breadcrumbs":false,"_genesis_hide_singular_image":false,"_genesis_hide_footer_widgets":false,"_genesis_custom_body_class":"","_genesis_custom_post_class":"","_genesis_layout":"","footnotes":""},"class_list":{"0":"post-1693","1":"page","2":"type-page","3":"status-publish","5":"entry","6":"has-post-thumbnail"},"yoast_head":"<!-- This site is optimized with the Yoast SEO plugin v20.0 - https:\/\/yoast.com\/wordpress\/plugins\/seo\/ -->\n<title>Casaments a la Terra Alta - Hotel Les Cap\u00e7ades<\/title>\n<meta name=\"description\" content=\"Cuidarem fins al m\u00ednim detall perqu\u00e8 la vostra celebraci\u00f3 sigui inoblidable. Descobriu totes les possibilitats de personalitzaci\u00f3 per a un dia m\u00e0gic!\" \/>\n<meta name=\"robots\" content=\"index, follow, max-snippet:-1, max-image-preview:large, max-video-preview:-1\" \/>\n<link rel=\"canonical\" href=\"https:\/\/hotellescapcades.com\/ca\/casaments-horta-sant-joan\/\" \/>\n<meta property=\"og:locale\" content=\"ca_ES\" \/>\n<meta property=\"og:type\" content=\"article\" \/>\n<meta property=\"og:title\" content=\"Casaments a la Terra Alta - Hotel Les Cap\u00e7ades\" \/>\n<meta property=\"og:description\" content=\"Cuidarem fins al m\u00ednim detall perqu\u00e8 la vostra celebraci\u00f3 sigui inoblidable. Descobriu totes les possibilitats de personalitzaci\u00f3 per a un dia m\u00e0gic!\" \/>\n<meta property=\"og:url\" content=\"https:\/\/hotellescapcades.com\/ca\/casaments-horta-sant-joan\/\" \/>\n<meta property=\"og:site_name\" content=\"Hotel Les Cap\u00e7ades\" \/>\n<meta property=\"article:modified_time\" content=\"2019-06-13T11:18:51+00:00\" \/>\n<meta name=\"twitter:card\" content=\"summary_large_image\" \/>\n<meta name=\"twitter:label1\" content=\"Temps estimat de lectura\" \/>\n\t<meta name=\"twitter:data1\" content=\"2 minuts\" \/>\n<script type=\"application\/ld+json\" class=\"yoast-schema-graph\">{\"@context\":\"https:\/\/schema.org\",\"@graph\":[{\"@type\":\"WebPage\",\"@id\":\"https:\/\/hotellescapcades.com\/ca\/casaments-horta-sant-joan\/\",\"url\":\"https:\/\/hotellescapcades.com\/ca\/casaments-horta-sant-joan\/\",\"name\":\"Casaments a la Terra Alta - Hotel Les Cap\u00e7ades\",\"isPartOf\":{\"@id\":\"https:\/\/hotellescapcades.com\/#website\"},\"datePublished\":\"2019-02-18T08:14:40+00:00\",\"dateModified\":\"2019-06-13T11:18:51+00:00\",\"description\":\"Cuidarem fins al m\u00ednim detall perqu\u00e8 la vostra celebraci\u00f3 sigui inoblidable. Descobriu totes les possibilitats de personalitzaci\u00f3 per a un dia m\u00e0gic!\",\"breadcrumb\":{\"@id\":\"https:\/\/hotellescapcades.com\/ca\/casaments-horta-sant-joan\/#breadcrumb\"},\"inLanguage\":\"ca\",\"potentialAction\":[{\"@type\":\"ReadAction\",\"target\":[\"https:\/\/hotellescapcades.com\/ca\/casaments-horta-sant-joan\/\"]}]},{\"@type\":\"BreadcrumbList\",\"@id\":\"https:\/\/hotellescapcades.com\/ca\/casaments-horta-sant-joan\/#breadcrumb\",\"itemListElement\":[{\"@type\":\"ListItem\",\"position\":1,\"name\":\"Portada\",\"item\":\"https:\/\/hotellescapcades.com\/ca\/\"},{\"@type\":\"ListItem\",\"position\":2,\"name\":\"Casaments\"}]},{\"@type\":\"WebSite\",\"@id\":\"https:\/\/hotellescapcades.com\/#website\",\"url\":\"https:\/\/hotellescapcades.com\/\",\"name\":\"Hotel Les Cap\u00e7ades\",\"description\":\"\",\"publisher\":{\"@id\":\"https:\/\/hotellescapcades.com\/#organization\"},\"potentialAction\":[{\"@type\":\"SearchAction\",\"target\":{\"@type\":\"EntryPoint\",\"urlTemplate\":\"https:\/\/hotellescapcades.com\/?s={search_term_string}\"},\"query-input\":\"required name=search_term_string\"}],\"inLanguage\":\"ca\"},{\"@type\":\"Organization\",\"@id\":\"https:\/\/hotellescapcades.com\/#organization\",\"name\":\"Hotel Les Cap\u00e7ades\",\"url\":\"https:\/\/hotellescapcades.com\/\",\"logo\":{\"@type\":\"ImageObject\",\"inLanguage\":\"ca\",\"@id\":\"https:\/\/hotellescapcades.com\/#\/schema\/logo\/image\/\",\"url\":\"https:\/\/hotellescapcades.com\/wp-content\/uploads\/2019\/01\/logo.svg\",\"contentUrl\":\"https:\/\/hotellescapcades.com\/wp-content\/uploads\/2019\/01\/logo.svg\",\"width\":374.36,\"height\":92.99,\"caption\":\"Hotel Les Cap\u00e7ades\"},\"image\":{\"@id\":\"https:\/\/hotellescapcades.com\/#\/schema\/logo\/image\/\"}}]}<\/script>\n<!-- \/ Yoast SEO plugin. -->","yoast_head_json":{"title":"Casaments a la Terra Alta - Hotel Les Cap\u00e7ades","description":"Cuidarem fins al m\u00ednim detall perqu\u00e8 la vostra celebraci\u00f3 sigui inoblidable. Descobriu totes les possibilitats de personalitzaci\u00f3 per a un dia m\u00e0gic!","robots":{"index":"index","follow":"follow","max-snippet":"max-snippet:-1","max-image-preview":"max-image-preview:large","max-video-preview":"max-video-preview:-1"},"canonical":"https:\/\/hotellescapcades.com\/ca\/casaments-horta-sant-joan\/","og_locale":"ca_ES","og_type":"article","og_title":"Casaments a la Terra Alta - Hotel Les Cap\u00e7ades","og_description":"Cuidarem fins al m\u00ednim detall perqu\u00e8 la vostra celebraci\u00f3 sigui inoblidable. Descobriu totes les possibilitats de personalitzaci\u00f3 per a un dia m\u00e0gic!","og_url":"https:\/\/hotellescapcades.com\/ca\/casaments-horta-sant-joan\/","og_site_name":"Hotel Les Cap\u00e7ades","article_modified_time":"2019-06-13T11:18:51+00:00","twitter_card":"summary_large_image","twitter_misc":{"Temps estimat de lectura":"2 minuts"},"schema":{"@context":"https:\/\/schema.org","@graph":[{"@type":"WebPage","@id":"https:\/\/hotellescapcades.com\/ca\/casaments-horta-sant-joan\/","url":"https:\/\/hotellescapcades.com\/ca\/casaments-horta-sant-joan\/","name":"Casaments a la Terra Alta - Hotel Les Cap\u00e7ades","isPartOf":{"@id":"https:\/\/hotellescapcades.com\/#website"},"datePublished":"2019-02-18T08:14:40+00:00","dateModified":"2019-06-13T11:18:51+00:00","description":"Cuidarem fins al m\u00ednim detall perqu\u00e8 la vostra celebraci\u00f3 sigui inoblidable. Descobriu totes les possibilitats de personalitzaci\u00f3 per a un dia m\u00e0gic!","breadcrumb":{"@id":"https:\/\/hotellescapcades.com\/ca\/casaments-horta-sant-joan\/#breadcrumb"},"inLanguage":"ca","potentialAction":[{"@type":"ReadAction","target":["https:\/\/hotellescapcades.com\/ca\/casaments-horta-sant-joan\/"]}]},{"@type":"BreadcrumbList","@id":"https:\/\/hotellescapcades.com\/ca\/casaments-horta-sant-joan\/#breadcrumb","itemListElement":[{"@type":"ListItem","position":1,"name":"Portada","item":"https:\/\/hotellescapcades.com\/ca\/"},{"@type":"ListItem","position":2,"name":"Casaments"}]},{"@type":"WebSite","@id":"https:\/\/hotellescapcades.com\/#website","url":"https:\/\/hotellescapcades.com\/","name":"Hotel Les Cap\u00e7ades","description":"","publisher":{"@id":"https:\/\/hotellescapcades.com\/#organization"},"potentialAction":[{"@type":"SearchAction","target":{"@type":"EntryPoint","urlTemplate":"https:\/\/hotellescapcades.com\/?s={search_term_string}"},"query-input":"required name=search_term_string"}],"inLanguage":"ca"},{"@type":"Organization","@id":"https:\/\/hotellescapcades.com\/#organization","name":"Hotel Les Cap\u00e7ades","url":"https:\/\/hotellescapcades.com\/","logo":{"@type":"ImageObject","inLanguage":"ca","@id":"https:\/\/hotellescapcades.com\/#\/schema\/logo\/image\/","url":"https:\/\/hotellescapcades.com\/wp-content\/uploads\/2019\/01\/logo.svg","contentUrl":"https:\/\/hotellescapcades.com\/wp-content\/uploads\/2019\/01\/logo.svg","width":374.36,"height":92.99,"caption":"Hotel Les Cap\u00e7ades"},"image":{"@id":"https:\/\/hotellescapcades.com\/#\/schema\/logo\/image\/"}}]}},"_links":{"self":[{"href":"https:\/\/hotellescapcades.com\/ca\/wp-json\/wp\/v2\/pages\/1693","targetHints":{"allow":["GET"]}}],"collection":[{"href":"https:\/\/hotellescapcades.com\/ca\/wp-json\/wp\/v2\/pages"}],"about":[{"href":"https:\/\/hotellescapcades.com\/ca\/wp-json\/wp\/v2\/types\/page"}],"author":[{"embeddable":true,"href":"https:\/\/hotellescapcades.com\/ca\/wp-json\/wp\/v2\/users\/1"}],"replies":[{"embeddable":true,"href":"https:\/\/hotellescapcades.com\/ca\/wp-json\/wp\/v2\/comments?post=1693"}],"version-history":[{"count":4,"href":"https:\/\/hotellescapcades.com\/ca\/wp-json\/wp\/v2\/pages\/1693\/revisions"}],"predecessor-version":[{"id":1747,"href":"https:\/\/hotellescapcades.com\/ca\/wp-json\/wp\/v2\/pages\/1693\/revisions\/1747"}],"wp:attachment":[{"href":"https:\/\/hotellescapcades.com\/ca\/wp-json\/wp\/v2\/media?parent=1693"}],"curies":[{"name":"wp","href":"https:\/\/api.w.org\/{rel}","templated":true}]}}