{"id":1828,"date":"2019-01-16T13:49:35","date_gmt":"2019-01-16T13:49:35","guid":{"rendered":"https:\/\/hotellescapcades.com\/pagina-ejemplo\/"},"modified":"2019-07-04T09:26:58","modified_gmt":"2019-07-04T09:26:58","slug":"pagina-ejemplo","status":"publish","type":"page","link":"https:\/\/hotellescapcades.com\/en\/","title":{"rendered":"Home"},"content":{"rendered":"\n\t\t\t\t<img decoding=\"async\" src=\"https:\/\/hotellescapcades.com\/wp-content\/uploads\/2019\/01\/olivera.svg\" alt=\"olivera\" itemprop=\"image\"\/>\n\t\t<h3>RELAX, BREATHE AND FEEL<\/h3>\t\t\t\n\t\t\t\t<p>Silence, Tranquility, Nature, Gastronomy, Culture, History, Art, Tradition&#8230;<\/p>\n<p>Make the most of the silence, a delicious tasting menu with local products, a walk through the woods, the special light of Les Cap\u00e7ades and its magical sunset, the aroma of rosemary, our oil, the swimming pool, a healing massage with Mediterranean cosmetics, special and friendly service.<\/p>\n<p>Les Cap\u00e7ades is a quiet place, to experience life in the countryside, at your own pace, where you can connect with nature and find inner peace in the here and now. <\/p>\n<p>WELCOME!<\/p>\n\t\t\t<p><i>Les Cap\u00e7ades Staff<\/i><\/p>\t\t\t\n\t\t\t\t<img decoding=\"async\" src=\"https:\/\/hotellescapcades.com\/wp-content\/uploads\/2019\/02\/1-99.jpg\" alt=\"1-99\" itemprop=\"image\"\/>\n\t\t\t<h3>A unique place to unwind<\/h3>\t\t\t\n\t\t\t\t<p>Hotel Les Cap\u00e7ades offers the best comfort to guarantee a pleasant and unforgettable stay in Terra Alta. Personalized rooms, well-taken care of and complete facilities, massage service&#8230; discover what your stay will be like! <\/p>\n\t\t\t<a href=\"https:\/\/hotellescapcades.com\/en\/hotel-horta-sant-joan\/\" target=\"_self\"   role=\"button\" rel=\"noopener noreferrer\">\n\t\t\t\t\t\t\tSee hotel\n\t\t<\/a>\n\t\t\t\t<img decoding=\"async\" src=\"https:\/\/hotellescapcades.com\/wp-content\/uploads\/2019\/04\/43485821_1848176841963435_8680958078717263872_o-1024x737.jpg\" alt=\"43485821_1848176841963435_8680958078717263872_o-1024x737\" itemprop=\"image\"\/>\n\t\t\t<h3>Local produce<\/h3>\t\t\t\n\t\t\t\t<p>An unforgettable stay is accompanied by wonderful cuisine, made with local products and raw materials from our own crops. All this washed down with a selection of wines that will give you a taste of our culture and oenological roots<\/p>\n\t\t\t<a href=\"https:\/\/hotellescapcades.com\/en\/restaurant-horta-sant-joan\/\" target=\"_self\"   role=\"button\" rel=\"noopener noreferrer\">\n\t\t\t\t\t\t\tSee restaurant\n\t\t<\/a>\n\t\t\t<a href=\"https:\/\/hotellescapcades.com\/en\/contact\/\" target=\"_self\"   role=\"button\" rel=\"noopener noreferrer\">\n\t\t\t\t\t\t\tBOOK NOW!\n\t\t<\/a>\n\t\t\t<h2>Enjoy a unique environment to breathe, rest and feel<\/h2>\t\t\t\n\t\t\t\t<img decoding=\"async\" src=\"https:\/\/hotellescapcades.com\/wp-content\/uploads\/2019\/01\/rings.svg\" alt=\"rings\" itemprop=\"image\"\/>\n\t\t<h3>Your wedding at Hotel Les Cap\u00e7ades<\/h3>\t\t\t\n\t\t\t\tThe first day of your new life should be celebrated in a place that inspires you with confidence and that transmits the special atmosphere you have always dreamed of.  <br \/>\nLes Cap\u00e7ades ensures maximum exclusivity so that your wedding is unforgettable.\n\t<ul>\n\t\t<li>\t\t\n\t\t\t\t<img decoding=\"async\" src=\"\" alt=\"\" itemprop=\"image\"\/>\n\t\t<h3>Ceremony<\/h3 >Your wedding in a flexible, personalized and<br \/>\nhigh quality incomparable natural setting.\n<\/li><li>\t\t\n\t\t\t\t<img decoding=\"async\" src=\"\" alt=\"\" itemprop=\"image\"\/>\n\t\t<h3>Appetizers and reception<\/h3 ><p>Exclusive gastronomy according to your preferences to be enjoyed in the forest, in the garden, on the terrace or in the dining room.<\/p>\n<\/li>\t<\/ul>\n\t<ul>\n\t\t<li>\t\t\n\t\t\t\t<img decoding=\"async\" src=\"\" alt=\"\" itemprop=\"image\"\/>\n\t\t<h3>Party<\/h3 ><p>Elegant and personalised spaces in which to have fun with the dance and the subsequent party.<\/p>\n<\/li><li>\t\t\n\t\t\t\t<img decoding=\"async\" src=\"\" alt=\"\" itemprop=\"image\"\/>\n\t\t<h3>Suite<\/h3 ><p>You can avail of a suite decorated for the occasion and guests can also book rooms.<\/p>\n<\/li>\t<\/ul>\n\t\t\t<a href=\"https:\/\/hotellescapcades.com\/en\/weddings-horta-sant-joan\/\" target=\"_self\"   role=\"button\" rel=\"noopener noreferrer\">\n\t\t\t\t\t\t\tDREAM WEDDINGS\n\t\t<\/a>\n\t\t\t\tThere is a place where time stands still,<br \/>\nwhere the nights are starry,<br \/>\nwhere music is silence.\nA place where it is easy to forget about<br \/>\nthe stress and the hustle and bustle of the city&#8230;\nA place to get lost in,<br \/>\nwhere one can find themselves.\nA place where only you matter.<br \/>\nYou and your rest.\nGo out onto the terrace<br \/>\nand take in the town&#8217;s houses<br \/>\nand the millennial patience of the olive trees<br \/>\nthat the air of Els Ports breezes gently over.\n<p>Close your eyes and take a breath&#8230;<\/p>\n\n\t\t\t\t<p>A thousand aromas of rosemary, thyme, pine<br \/>and olivera will captivate your senses,<br \/>providing your body and soul<br \/>with an ancestral calm.<\/p>\n<p>Here you can feel&#8230;<br \/>you can become engulfed in the scents of nature,<br \/>relive the memory of traditions,<br \/>dive into the relaxing properties of water,<br \/>savour the art of cooking&#8230;<\/p>\n<p>And when you&#8217;re far from here,<br \/>you can close your eyes, and remember,<br \/>and return to rest, to breathe, to feel&#8230;<\/p>\n<p>\u00a0<\/p>\n<p><strong>RAMON SOLSONA<\/strong><\/p>\n\t\t\t<h3>Check our <a href=\"https:\/\/hotellescapcades.com\/en\/rates-hotel-horta-sant-joan\/\">rates and offers<\/a> to stay in the heart of Terra Alta <\/h3>\t\t\t\n\t\t\t<h3>Do you want to surprise someone in a special way?<\/h3>\t\t\t\n\t\t\t\t<p>GIVE AWAY CAP\u00c7ADES!<\/p>\n\t\t\t\t<img decoding=\"async\" src=\"https:\/\/hotellescapcades.com\/wp-content\/uploads\/2019\/02\/LesCapc\u0327ades_Slider_5.2.1.jpg\" alt=\"LesCapc\u0327ades_Slider_5.2.1\" itemprop=\"image\"\/>\n\t\t<h3>Wine Tourism Pack<\/h3>\t\t\t\n\t\t\t\t<p>A pack to enjoy the cuisine<br \/>and wines of Terra Alta.<\/p>\n\t\t\t<a href=\"https:\/\/hotellescapcades.com\/en\/hotel-horta-sant-joan\/give-capcades\/#enoturismo\" target=\"_self\"   role=\"button\" rel=\"noopener noreferrer\">\n\t\t\t\t\t\t\tSURPRISE SOMEONE\n\t\t<\/a>\n\t\t\t\t<img decoding=\"async\" src=\"https:\/\/hotellescapcades.com\/wp-content\/uploads\/2019\/05\/LesCapc\u0327ades_Inici_4.jpg\" alt=\"Cropped image of loving couple is spending time together in modern restaurant. Attractive young woman in dress and handsome man in suit are having romantic dinner. Celebrating Saint Valentine's Day.\" itemprop=\"image\"\/>\n\t\t<h3>Bike Tourism Pack<\/h3>\t\t\t\n\t\t\t\t<p>The perfect gift to discover<br \/>a unique place by bike.<\/p>\n\t\t\t<a href=\"https:\/\/hotellescapcades.com\/en\/hotel-horta-sant-joan\/give-capcades\/#cicloturismo\" target=\"_self\"   role=\"button\" rel=\"noopener noreferrer\">\n\t\t\t\t\t\t\tSURPRISE SOMEONE\n\t\t<\/a>\n\t\t\t\t<img decoding=\"async\" src=\"https:\/\/hotellescapcades.com\/wp-content\/uploads\/2019\/03\/LesCapc\u0327ades_Slider_1.5.1.jpg\" alt=\"LesCapc\u0327ades_Slider_1.5.1\" itemprop=\"image\"\/>\n\t\t<h3>Relaxation Pack<\/h3>\t\t\t\n\t\t\t\t<p>Relaxation and tranquility<br \/>accompanied by the best cuisine.<\/p>\n\t\t\t<a href=\"https:\/\/hotellescapcades.com\/en\/hotel-horta-sant-joan\/give-capcades\/#relax\" target=\"_self\"   role=\"button\" rel=\"noopener noreferrer\">\n\t\t\t\t\t\t\tSURPRISE SOMEONE\n\t\t<\/a>\n\t\t\t\t<img decoding=\"async\" src=\"https:\/\/hotellescapcades.com\/wp-content\/uploads\/2019\/01\/national-park.svg\" alt=\"national-park\" itemprop=\"image\"\/>\n\t\t<h3>Activities and environment<\/h3>\t\t\t\n\t\t\t\t<p>Sports, nature and heritage; the treasure that is Terra Alta just a step away.<\/p>\n\t\t\t\t\t\t\t\t\t\t\t\t\t\t<a href=\"https:\/\/hotellescapcades.com\/en\/wine-tourism\/\" target=\"_self\"  title=\"Wine Tourism\" rel=\"noopener noreferrer\">\n\t\t\t\t<img decoding=\"async\" src=\"https:\/\/hotellescapcades.com\/wp-content\/uploads\/2019\/02\/LesCapc\u0327ades_Activ_5.2.1.jpg\" alt=\"\" \/>\n\t\t\t\t<\/a>\n\t\t\t\t\t\t<h3>\n\t\t\t\t<a href=https:\/\/hotellescapcades.com\/en\/wine-tourism\/ title=\"Wine Tourism\" tabindex=\"0\">Wine Tourism<\/a>\t\t\t<\/h3>\n\t\t\t\t\t\t\t\tCome to the region of Terra Alta to discover the Grenache Blanc, the grape that represents this land, as 33% of the world production comes from our region.\n\t\t\t\t\t\t\t\t\t\t\t\t\t\t<a href=\"https:\/\/hotellescapcades.com\/en\/via-verda\/\" target=\"_self\"  title=\"Via Verda\" rel=\"noopener noreferrer\">\n\t\t\t\t<img decoding=\"async\" src=\"https:\/\/hotellescapcades.com\/wp-content\/uploads\/2019\/02\/LesCapc\u0327ades_Activ_5.3.1.jpg\" alt=\"\" \/>\n\t\t\t\t<\/a>\n\t\t\t\t\t\t<h3>\n\t\t\t\t<a href=https:\/\/hotellescapcades.com\/en\/via-verda\/ title=\"Via Verda\" tabindex=\"0\">Via Verda<\/a>\t\t\t<\/h3>\n\t\t\t\t\t\t\t\tOne of the most impressive bike routes. A magnificent experience for those who want to admire landscapes and unique natural spaces.\n\t\t\t\t\t\t\t\t\t\t\t\t\t\t<a href=\"https:\/\/hotellescapcades.com\/en\/parc-natural-dels-ports\/\" target=\"_self\"  title=\"Parc Natural dels Ports\" rel=\"noopener noreferrer\">\n\t\t\t\t<img decoding=\"async\" src=\"https:\/\/hotellescapcades.com\/wp-content\/uploads\/2019\/02\/LesCapc\u0327ades_Activ_5.4.1.jpg\" alt=\"\" \/>\n\t\t\t\t<\/a>\n\t\t\t\t\t\t<h3>\n\t\t\t\t<a href=https:\/\/hotellescapcades.com\/en\/parc-natural-dels-ports\/ title=\"Parc Natural dels Ports\" tabindex=\"0\">Parc Natural dels Ports<\/a>\t\t\t<\/h3>\n\t\t\t\t\t\t\t\tMountain destination that stands out due to its beauty and its varied flora and fauna. Parc Natural dels Ports is a unique natural space not to be missed.\n\t\t\t\t\t\t\t\t\t\t\t\t\t\t<a href=\"https:\/\/hotellescapcades.com\/en\/horta-de-sant-joan\/\" target=\"_self\"  title=\"Horta de Sant Joan\" rel=\"noopener noreferrer\">\n\t\t\t\t<img decoding=\"async\" src=\"https:\/\/hotellescapcades.com\/wp-content\/uploads\/2019\/02\/LesCapc\u0327ades_Activ_5.5.1.jpg\" alt=\"\" \/>\n\t\t\t\t<\/a>\n\t\t\t\t\t\t<h3>\n\t\t\t\t<a href=https:\/\/hotellescapcades.com\/en\/horta-de-sant-joan\/ title=\"Horta de Sant Joan\" tabindex=\"0\">Horta de Sant Joan<\/a>\t\t\t<\/h3>\n\t\t\t\t\t\t\t\tTourism and cultural capital of Terra Alta, Horta de Sant Joan is a town with many corners to be discovered, in a wonderful artistic and historical setting.\n\t\t\t<a href=\"https:\/\/hotellescapcades.com\/en\/activities-horta-sant-joan\/\" target=\"_self\"   role=\"button\" rel=\"noopener noreferrer\">\n\t\t\t\t\t\t\tSEE ACTIVITIES\n\t\t<\/a>\n","protected":false},"excerpt":{"rendered":"<p>RELAX, BREATHE AND FEEL Silence, Tranquility, Nature, Gastronomy, Culture, History, Art, Tradition&#8230; Make the most of the silence, a delicious tasting menu with local products, a walk through the woods, the special light of Les Cap\u00e7ades and its magical sunset, the aroma of rosemary, our oil, the swimming pool, a healing massage with Mediterranean cosmetics, [&hellip;]<\/p>\n","protected":false},"author":1,"featured_media":0,"parent":0,"menu_order":0,"comment_status":"closed","ping_status":"open","template":"","meta":{"_genesis_hide_title":false,"_genesis_hide_breadcrumbs":false,"_genesis_hide_singular_image":false,"_genesis_hide_footer_widgets":false,"_genesis_custom_body_class":"","_genesis_custom_post_class":"","_genesis_layout":"","footnotes":""},"class_list":{"0":"post-1828","1":"page","2":"type-page","3":"status-publish","5":"entry","6":"has-post-thumbnail"},"yoast_head":"<!-- This site is optimized with the Yoast SEO plugin v27.5 - https:\/\/yoast.com\/product\/yoast-seo-wordpress\/ -->\n<title>Hotel Les Cap\u00e7ades - Hotel Rural en Horta de Sant Joan<\/title>\n<meta name=\"description\" content=\"Les Cap\u00e7ades es un hotel rural en Horta de Sant Joan pensado para descansar, sentir y respirar, adem\u00e1s de vivir una experiencia especial.\" \/>\n<meta name=\"robots\" content=\"index, follow, max-snippet:-1, max-image-preview:large, max-video-preview:-1\" \/>\n<link rel=\"canonical\" href=\"https:\/\/hotellescapcades.com\/en\/\" \/>\n<meta property=\"og:locale\" content=\"en_US\" \/>\n<meta property=\"og:type\" content=\"article\" \/>\n<meta property=\"og:title\" content=\"Hotel Les Cap\u00e7ades - Hotel Rural en Horta de Sant Joan\" \/>\n<meta property=\"og:description\" content=\"Les Cap\u00e7ades es un hotel rural en Horta de Sant Joan pensado para descansar, sentir y respirar, adem\u00e1s de vivir una experiencia especial.\" \/>\n<meta property=\"og:url\" content=\"https:\/\/hotellescapcades.com\/en\/\" \/>\n<meta property=\"og:site_name\" content=\"Hotel Les Cap\u00e7ades\" \/>\n<meta property=\"article:modified_time\" content=\"2019-07-04T09:26:58+00:00\" \/>\n<meta property=\"og:image\" content=\"https:\/\/hotellescapcades.com\/wp-content\/uploads\/2019\/01\/olivera.svg\" \/>\n<meta name=\"twitter:card\" content=\"summary_large_image\" \/>\n<meta name=\"twitter:label1\" content=\"Est. reading time\" \/>\n\t<meta name=\"twitter:data1\" content=\"3 minutes\" \/>\n<script type=\"application\/ld+json\" class=\"yoast-schema-graph\">{\"@context\":\"https:\\\/\\\/schema.org\",\"@graph\":[{\"@type\":\"WebPage\",\"@id\":\"https:\\\/\\\/hotellescapcades.com\\\/en\\\/\",\"url\":\"https:\\\/\\\/hotellescapcades.com\\\/en\\\/\",\"name\":\"Hotel Les Cap\u00e7ades - Hotel Rural en Horta de Sant Joan\",\"isPartOf\":{\"@id\":\"https:\\\/\\\/hotellescapcades.com\\\/#website\"},\"primaryImageOfPage\":{\"@id\":\"https:\\\/\\\/hotellescapcades.com\\\/en\\\/#primaryimage\"},\"image\":{\"@id\":\"https:\\\/\\\/hotellescapcades.com\\\/en\\\/#primaryimage\"},\"thumbnailUrl\":\"https:\\\/\\\/hotellescapcades.com\\\/wp-content\\\/uploads\\\/2019\\\/01\\\/olivera.svg\",\"datePublished\":\"2019-01-16T13:49:35+00:00\",\"dateModified\":\"2019-07-04T09:26:58+00:00\",\"description\":\"Les Cap\u00e7ades es un hotel rural en Horta de Sant Joan pensado para descansar, sentir y respirar, adem\u00e1s de vivir una experiencia especial.\",\"breadcrumb\":{\"@id\":\"https:\\\/\\\/hotellescapcades.com\\\/en\\\/#breadcrumb\"},\"inLanguage\":\"en-US\",\"potentialAction\":[{\"@type\":\"ReadAction\",\"target\":[\"https:\\\/\\\/hotellescapcades.com\\\/en\\\/\"]}]},{\"@type\":\"ImageObject\",\"inLanguage\":\"en-US\",\"@id\":\"https:\\\/\\\/hotellescapcades.com\\\/en\\\/#primaryimage\",\"url\":\"https:\\\/\\\/hotellescapcades.com\\\/wp-content\\\/uploads\\\/2019\\\/01\\\/olivera.svg\",\"contentUrl\":\"https:\\\/\\\/hotellescapcades.com\\\/wp-content\\\/uploads\\\/2019\\\/01\\\/olivera.svg\"},{\"@type\":\"BreadcrumbList\",\"@id\":\"https:\\\/\\\/hotellescapcades.com\\\/en\\\/#breadcrumb\",\"itemListElement\":[{\"@type\":\"ListItem\",\"position\":1,\"name\":\"Portada\",\"item\":\"https:\\\/\\\/hotellescapcades.com\\\/en\\\/\"},{\"@type\":\"ListItem\",\"position\":2,\"name\":\"Home\"}]},{\"@type\":\"WebSite\",\"@id\":\"https:\\\/\\\/hotellescapcades.com\\\/#website\",\"url\":\"https:\\\/\\\/hotellescapcades.com\\\/\",\"name\":\"Hotel Les Cap\u00e7ades\",\"description\":\"\",\"publisher\":{\"@id\":\"https:\\\/\\\/hotellescapcades.com\\\/#organization\"},\"potentialAction\":[{\"@type\":\"SearchAction\",\"target\":{\"@type\":\"EntryPoint\",\"urlTemplate\":\"https:\\\/\\\/hotellescapcades.com\\\/?s={search_term_string}\"},\"query-input\":{\"@type\":\"PropertyValueSpecification\",\"valueRequired\":true,\"valueName\":\"search_term_string\"}}],\"inLanguage\":\"en-US\"},{\"@type\":\"Organization\",\"@id\":\"https:\\\/\\\/hotellescapcades.com\\\/#organization\",\"name\":\"Hotel Les Cap\u00e7ades\",\"url\":\"https:\\\/\\\/hotellescapcades.com\\\/\",\"logo\":{\"@type\":\"ImageObject\",\"inLanguage\":\"en-US\",\"@id\":\"https:\\\/\\\/hotellescapcades.com\\\/#\\\/schema\\\/logo\\\/image\\\/\",\"url\":\"https:\\\/\\\/hotellescapcades.com\\\/wp-content\\\/uploads\\\/2019\\\/01\\\/logo.svg\",\"contentUrl\":\"https:\\\/\\\/hotellescapcades.com\\\/wp-content\\\/uploads\\\/2019\\\/01\\\/logo.svg\",\"width\":374.36,\"height\":92.99,\"caption\":\"Hotel Les Cap\u00e7ades\"},\"image\":{\"@id\":\"https:\\\/\\\/hotellescapcades.com\\\/#\\\/schema\\\/logo\\\/image\\\/\"}}]}<\/script>\n<!-- \/ Yoast SEO plugin. -->","yoast_head_json":{"title":"Hotel Les Cap\u00e7ades - Hotel Rural en Horta de Sant Joan","description":"Les Cap\u00e7ades es un hotel rural en Horta de Sant Joan pensado para descansar, sentir y respirar, adem\u00e1s de vivir una experiencia especial.","robots":{"index":"index","follow":"follow","max-snippet":"max-snippet:-1","max-image-preview":"max-image-preview:large","max-video-preview":"max-video-preview:-1"},"canonical":"https:\/\/hotellescapcades.com\/en\/","og_locale":"en_US","og_type":"article","og_title":"Hotel Les Cap\u00e7ades - Hotel Rural en Horta de Sant Joan","og_description":"Les Cap\u00e7ades es un hotel rural en Horta de Sant Joan pensado para descansar, sentir y respirar, adem\u00e1s de vivir una experiencia especial.","og_url":"https:\/\/hotellescapcades.com\/en\/","og_site_name":"Hotel Les Cap\u00e7ades","article_modified_time":"2019-07-04T09:26:58+00:00","og_image":[{"url":"https:\/\/hotellescapcades.com\/wp-content\/uploads\/2019\/01\/olivera.svg","type":"","width":"","height":""}],"twitter_card":"summary_large_image","twitter_misc":{"Est. reading time":"3 minutes"},"schema":{"@context":"https:\/\/schema.org","@graph":[{"@type":"WebPage","@id":"https:\/\/hotellescapcades.com\/en\/","url":"https:\/\/hotellescapcades.com\/en\/","name":"Hotel Les Cap\u00e7ades - Hotel Rural en Horta de Sant Joan","isPartOf":{"@id":"https:\/\/hotellescapcades.com\/#website"},"primaryImageOfPage":{"@id":"https:\/\/hotellescapcades.com\/en\/#primaryimage"},"image":{"@id":"https:\/\/hotellescapcades.com\/en\/#primaryimage"},"thumbnailUrl":"https:\/\/hotellescapcades.com\/wp-content\/uploads\/2019\/01\/olivera.svg","datePublished":"2019-01-16T13:49:35+00:00","dateModified":"2019-07-04T09:26:58+00:00","description":"Les Cap\u00e7ades es un hotel rural en Horta de Sant Joan pensado para descansar, sentir y respirar, adem\u00e1s de vivir una experiencia especial.","breadcrumb":{"@id":"https:\/\/hotellescapcades.com\/en\/#breadcrumb"},"inLanguage":"en-US","potentialAction":[{"@type":"ReadAction","target":["https:\/\/hotellescapcades.com\/en\/"]}]},{"@type":"ImageObject","inLanguage":"en-US","@id":"https:\/\/hotellescapcades.com\/en\/#primaryimage","url":"https:\/\/hotellescapcades.com\/wp-content\/uploads\/2019\/01\/olivera.svg","contentUrl":"https:\/\/hotellescapcades.com\/wp-content\/uploads\/2019\/01\/olivera.svg"},{"@type":"BreadcrumbList","@id":"https:\/\/hotellescapcades.com\/en\/#breadcrumb","itemListElement":[{"@type":"ListItem","position":1,"name":"Portada","item":"https:\/\/hotellescapcades.com\/en\/"},{"@type":"ListItem","position":2,"name":"Home"}]},{"@type":"WebSite","@id":"https:\/\/hotellescapcades.com\/#website","url":"https:\/\/hotellescapcades.com\/","name":"Hotel Les Cap\u00e7ades","description":"","publisher":{"@id":"https:\/\/hotellescapcades.com\/#organization"},"potentialAction":[{"@type":"SearchAction","target":{"@type":"EntryPoint","urlTemplate":"https:\/\/hotellescapcades.com\/?s={search_term_string}"},"query-input":{"@type":"PropertyValueSpecification","valueRequired":true,"valueName":"search_term_string"}}],"inLanguage":"en-US"},{"@type":"Organization","@id":"https:\/\/hotellescapcades.com\/#organization","name":"Hotel Les Cap\u00e7ades","url":"https:\/\/hotellescapcades.com\/","logo":{"@type":"ImageObject","inLanguage":"en-US","@id":"https:\/\/hotellescapcades.com\/#\/schema\/logo\/image\/","url":"https:\/\/hotellescapcades.com\/wp-content\/uploads\/2019\/01\/logo.svg","contentUrl":"https:\/\/hotellescapcades.com\/wp-content\/uploads\/2019\/01\/logo.svg","width":374.36,"height":92.99,"caption":"Hotel Les Cap\u00e7ades"},"image":{"@id":"https:\/\/hotellescapcades.com\/#\/schema\/logo\/image\/"}}]}},"_links":{"self":[{"href":"https:\/\/hotellescapcades.com\/en\/wp-json\/wp\/v2\/pages\/1828","targetHints":{"allow":["GET"]}}],"collection":[{"href":"https:\/\/hotellescapcades.com\/en\/wp-json\/wp\/v2\/pages"}],"about":[{"href":"https:\/\/hotellescapcades.com\/en\/wp-json\/wp\/v2\/types\/page"}],"author":[{"embeddable":true,"href":"https:\/\/hotellescapcades.com\/en\/wp-json\/wp\/v2\/users\/1"}],"replies":[{"embeddable":true,"href":"https:\/\/hotellescapcades.com\/en\/wp-json\/wp\/v2\/comments?post=1828"}],"version-history":[{"count":10,"href":"https:\/\/hotellescapcades.com\/en\/wp-json\/wp\/v2\/pages\/1828\/revisions"}],"predecessor-version":[{"id":2041,"href":"https:\/\/hotellescapcades.com\/en\/wp-json\/wp\/v2\/pages\/1828\/revisions\/2041"}],"wp:attachment":[{"href":"https:\/\/hotellescapcades.com\/en\/wp-json\/wp\/v2\/media?parent=1828"}],"curies":[{"name":"wp","href":"https:\/\/api.w.org\/{rel}","templated":true}]}}