{"id":1847,"date":"2019-02-05T10:22:47","date_gmt":"2019-02-05T10:22:47","guid":{"rendered":"https:\/\/hotellescapcades.com\/hotel-horta-sant-joan\/"},"modified":"2020-02-17T11:27:11","modified_gmt":"2020-02-17T09:27:11","slug":"hotel-horta-sant-joan","status":"publish","type":"page","link":"https:\/\/hotellescapcades.com\/en\/hotel-horta-sant-joan\/","title":{"rendered":"Hotel"},"content":{"rendered":"\n\t\t\t<h1>Hotel Les Cap\u00e7ades<\/h1>\t\t\t\n\t\t\t<h3>Welcome to the Hotel Les Cap\u00e7ades<\/h3>\t\t\t\n\t\t\t\t<p>Les Cap\u00e7ades is a three-star <strong>rural hote<\/strong>l located two minutes from Horta de Sant Joan city centre, in the hillside of Serra de Les Cap\u00e7ades. Surrounded by nature, Hotel Les Cap\u00e7ades aims to offer the best comfort to guests who come to <strong>discover Terra Alta<\/strong>.<\/p>\n<p>Tranquility is transmitted from the soft swaying of the pine trees and the tops of the olive trees that surround us. From the room you will take in the best views to relax, admiring the town&#8217;s blinking lights and the majestic mountain of Santa Barbara.  <\/p>\n<p>As well as 13 personalized rooms with their own terrace and some of them with a private garden, you can enjoy comfortable and complete facilities and exclusive services such as the LOOVE AULIVVA massage ritual that will help you to unwind and relax. <\/p>\n\t\t\t\t<img decoding=\"async\" src=\"https:\/\/hotellescapcades.com\/wp-content\/uploads\/2019\/02\/1-99.jpg\" alt=\"1-99\" title=\"1-99\" itemprop=\"image\"\/>\n\t\t\t\t<img decoding=\"async\" src=\"https:\/\/hotellescapcades.com\/wp-content\/uploads\/2019\/02\/3-101.jpg\" alt=\"3-101\" title=\"3-101\" itemprop=\"image\"\/>\n\t\t\t\t<img decoding=\"async\" src=\"https:\/\/hotellescapcades.com\/wp-content\/uploads\/2019\/03\/LesCapc\u0327ades_Hotel_3.jpg\" alt=\"LesCapc\u0327ades_Hotel_3\" title=\"LesCapc\u0327ades_Hotel_3\" itemprop=\"image\"\/>\n\t\t\t\t<img decoding=\"async\" src=\"https:\/\/hotellescapcades.com\/wp-content\/uploads\/2019\/03\/LesCapc\u0327ades_Hotel_4.jpg\" alt=\"LesCapc\u0327ades_Hotel_4\" title=\"LesCapc\u0327ades_Hotel_4\" itemprop=\"image\"\/>\n\t\t\t<a href=\"https:\/\/www.bolrooms.com\/guest\/?hotel=lescapcadeshotel\" target=\"_blank\" rel=\"&quot;noopener noopener noreferrer\" role=\"button\">\n\t\t\t\t\t\t\tBOOK NOW!\n\t\t<\/a>\n\t\t\t<h2>Enjoy a unique environment to breathe, rest and feel<\/h2>\t\t\t\n\t\t\t\t<img decoding=\"async\" src=\"https:\/\/hotellescapcades.com\/wp-content\/uploads\/2019\/02\/bed.svg\" alt=\"bed\" title=\"bed\" itemprop=\"image\"\/>\n\t\t<h3>Rooms<\/h3>\t\t\t\n\t\t\t\t<p>Our <strong>rural hotel <\/strong>has 13 very spacious and personalized rooms, with their own terrace, and some of them with a private garden, equipped to offer a pleasant and unforgettable stay in<strong> Terra Alta.<\/strong>.<\/p>\n\t\t\t<a href=\"https:\/\/hotellescapcades.com\/en\/hotel-horta-sant-joan\/rooms\/\" target=\"_self\" role=\"button\" rel=\"noopener noreferrer\">\n\t\t\t\t\t\t\tSEE ROOMS\n\t\t<\/a>\n\t<ul>\n\t\t<li>\t\t\t\t\n\t\t<h3>Standard rooms<\/h3 ><\/li><li>\t\t\t\t\n\t\t<h3>Superior rooms<\/h3 ><\/li><li>\t\t\t\t\n\t\t<h3>Superior rooms with garden<\/h3 ><\/li>\t<\/ul>\n\t\t\t<h3>Check our <a href=\"https:\/\/hotellescapcades.com\/en\/rates-hotel-horta-sant-joan\/\">rates and offers<\/a> to stay in the heart of Terra Alta <\/h3>\t\t\t\n\t\t\t\t<img decoding=\"async\" src=\"https:\/\/hotellescapcades.com\/wp-content\/uploads\/2019\/02\/reception-desk.svg\" alt=\"reception-desk\" title=\"reception-desk\" itemprop=\"image\"\/>\n\t\t<h3>Facilities<\/h3>\t\t\t\n\t\t\t<h3>Gardens and Terrace<\/h3>\t\t\t\n\t\t\t\t<p> Hotel Les Cap\u00e7ades is surrounded by nature and in a privileged location. It is a place with a special charm where you will unwind, enjoy the silence and the tranquility that being in contact with nature offers. <\/p>\n<p> The hotel exterior is surrounded by a large terrace and spectacular gardens from where you can take in the views of the Parc Natural dels Ports and unique sunsets. The forest is also one of a kind thanks to the sunrays that penetrate the pine trees and the feeling of peace that this brings.<\/p>\n\t\t\t<h3>Heated swimming pool<\/h3>\t\t\t\n\t\t\t\t<p>Unwind in our covered heated swimming pool, with views of an incomparable natural enclave. The pool communicates with the terrace from where you can take in the views of Ports\u00a0de\u00a0Tortosa-Beseit and relax in the absolute silence of the pine and olive trees that embellish the landscape of Les Cap\u00e7ades. <\/p>\n<p>A wonderful environment to unwind, feel and breathe, where you can read and have a drink from our extensive long drinks menu. From the Hotel Les Cap\u00e7ades swimming pool you will experience a wealth of sensations that you will never forget.<\/p>\n\t\t\t<h3>Reading room<\/h3>\t\t\t\n\t\t\t\t<p>An area devoted to relaxation. In the Hotel Les Cap\u00e7ades reading room you can recharge your batteries, plan the next day&#8217;s routes, or simply enjoy a nice glass of wine and a book by the fireplace with unique views.<\/p>\n<p>It is a quiet and relaxing space where you can share moments of tranquility, with a good book or the magnificent company of the conversations of those you are with. <\/p>\n\t\t\t<h3>Do you want to surprise someone in a special way?<\/h3>\t\t\t\n\t\t\t<a href=\"https:\/\/hotellescapcades.com\/en\/hotel-horta-sant-joan\/give-capcades\/\" target=\"_self\" role=\"button\" rel=\"noopener noreferrer\">\n\t\t\t\t\t\t\tGIVE CAP\u00c7ADES!\n\t\t<\/a>\n\t\t\t\t<img decoding=\"async\" src=\"https:\/\/hotellescapcades.com\/wp-content\/uploads\/2019\/02\/spa.svg\" alt=\"spa\" title=\"spa\" itemprop=\"image\"\/>\n\t\t<h3>Massages and rituals<\/h3>\t\t\t\n\t\t\t\t<img decoding=\"async\" src=\"https:\/\/hotellescapcades.com\/wp-content\/uploads\/2019\/02\/olive.jpg\" alt=\"olive\">\n\t\t\t<h3>New LOVVE AULIVVA ritual!<\/h3>\n\t\t\t<a href=\"https:\/\/hotellescapcades.com\/en\/hotel-horta-sant-joan\/massages-and-rituals\/\" target=\"_self\" role=\"button\" rel=\"noopener noreferrer\">\n\t\t\t\t\t\t\tFIND OUT ALL THE DETAILS\n\t\t<\/a>\n\t\t\t\t<h3>Keep up to date with all our news and offers!<\/h3>\n\t\t\t\t\t<input type=\"text\" name=\"uabb-subscribe-form-fname\" id=\"uabb-subscribe-form-fname\" placeholder=\"\" \/>\n\t\t\t\t\t\t\t\t\t\t<label for=\"uabb-subscribe-form-fname\">Name<\/label>\n\t\t\t\t\t\t\t\t\t\t\t!\n\t\t\t\t<!-- Inline Block Space Fix \n\t\t\t\t-->\n\t\t\t\t<!-- Inline Block Space Fix\n\t\t\t\t-->\n\t\t\t\t\t<input type=\"email\" name=\"uabb-subscribe-form-email\" placeholder=\"\" \/>\n\t\t\t\t\t\t\t\t\t\t<label for=\"uabb-subscribe-form-email\">Email<\/label>\n\t\t\t\t\t\t\t\t\t\t\t!\n\t\t\t\t<!-- Inline Block Space Fix\t\n\t\t\t\t--><!-- Inline Block Space Fix\t\n\t\t\t\t-->\n\t\t\t<a href=\"#\" target=\"_self\" role=\"button\" rel=\"noopener noreferrer\">\n\t\t\t\t\t\t\tI want to subscribe!\n\t\t<\/a>\n\t\t\t\t\t\t\t<label for=\"uabb-terms-checkbox-_4234882109\">\n\t\t\t\t\t\t\t\t<input type=\"checkbox\" id=\"uabb-terms-checkbox-_4234882109\" name=\"uabb-terms-checkbox\" value=\"1\" \/>\n\t\t\t\t\t\t\t\t\tI accept the <a href=\"\/aviso-legal\" target=\"_blank\" rel=\"noopener noreferrer\">terms and conditions<\/a>\t\t\t\t\t\t\t\t\n\t\t\t\t\t\t\t<\/label>\n\t\t\t\t\t\t\tTerms and Conditions checkbox is required.\n\t\t\t\t\t\tSomething went wrong. Please check your entries and try again.\n\t\t","protected":false},"excerpt":{"rendered":"<p>Hotel Les Cap\u00e7ades Welcome to the Hotel Les Cap\u00e7ades Les Cap\u00e7ades is a three-star rural hotel located two minutes from Horta de Sant Joan city centre, in the hillside of Serra de Les Cap\u00e7ades. Surrounded by nature, Hotel Les Cap\u00e7ades aims to offer the best comfort to guests who come to discover Terra Alta. Tranquility [&hellip;]<\/p>\n","protected":false},"author":1,"featured_media":0,"parent":0,"menu_order":0,"comment_status":"closed","ping_status":"open","template":"","meta":{"_genesis_hide_title":false,"_genesis_hide_breadcrumbs":false,"_genesis_hide_singular_image":false,"_genesis_hide_footer_widgets":false,"_genesis_custom_body_class":"","_genesis_custom_post_class":"","_genesis_layout":"","footnotes":""},"class_list":{"0":"post-1847","1":"page","2":"type-page","3":"status-publish","5":"entry","6":"has-post-thumbnail"},"yoast_head":"<!-- This site is optimized with the Yoast SEO plugin v27.5 - https:\/\/yoast.com\/product\/yoast-seo-wordpress\/ -->\n<title>Hotel Rural en Horta de Sant Joan - Hotel Les Cap\u00e7ades<\/title>\n<meta name=\"description\" content=\"Habitaciones personalizadas, gastronom\u00eda de proximidad, piscina climatizada, servicio de masajes\u2026 \u00a1descubre c\u00f3mo ser\u00e1 tu escapada a la Terra Alta!\" \/>\n<meta name=\"robots\" content=\"index, follow, max-snippet:-1, max-image-preview:large, max-video-preview:-1\" \/>\n<link rel=\"canonical\" href=\"https:\/\/hotellescapcades.com\/en\/hotel-horta-sant-joan\/\" \/>\n<meta property=\"og:locale\" content=\"en_US\" \/>\n<meta property=\"og:type\" content=\"article\" \/>\n<meta property=\"og:title\" content=\"Hotel Rural en Horta de Sant Joan - Hotel Les Cap\u00e7ades\" \/>\n<meta property=\"og:description\" content=\"Habitaciones personalizadas, gastronom\u00eda de proximidad, piscina climatizada, servicio de masajes\u2026 \u00a1descubre c\u00f3mo ser\u00e1 tu escapada a la Terra Alta!\" \/>\n<meta property=\"og:url\" content=\"https:\/\/hotellescapcades.com\/en\/hotel-horta-sant-joan\/\" \/>\n<meta property=\"og:site_name\" content=\"Hotel Les Cap\u00e7ades\" \/>\n<meta property=\"article:modified_time\" content=\"2020-02-17T09:27:11+00:00\" \/>\n<meta property=\"og:image\" content=\"https:\/\/hotellescapcades.com\/wp-content\/uploads\/2019\/02\/1-99.jpg\" \/>\n<meta name=\"twitter:card\" content=\"summary_large_image\" \/>\n<meta name=\"twitter:label1\" content=\"Est. reading time\" \/>\n\t<meta name=\"twitter:data1\" content=\"3 minutes\" \/>\n<script type=\"application\/ld+json\" class=\"yoast-schema-graph\">{\"@context\":\"https:\\\/\\\/schema.org\",\"@graph\":[{\"@type\":\"WebPage\",\"@id\":\"https:\\\/\\\/hotellescapcades.com\\\/en\\\/hotel-horta-sant-joan\\\/\",\"url\":\"https:\\\/\\\/hotellescapcades.com\\\/en\\\/hotel-horta-sant-joan\\\/\",\"name\":\"Hotel Rural en Horta de Sant Joan - Hotel Les Cap\u00e7ades\",\"isPartOf\":{\"@id\":\"https:\\\/\\\/hotellescapcades.com\\\/#website\"},\"primaryImageOfPage\":{\"@id\":\"https:\\\/\\\/hotellescapcades.com\\\/en\\\/hotel-horta-sant-joan\\\/#primaryimage\"},\"image\":{\"@id\":\"https:\\\/\\\/hotellescapcades.com\\\/en\\\/hotel-horta-sant-joan\\\/#primaryimage\"},\"thumbnailUrl\":\"https:\\\/\\\/hotellescapcades.com\\\/wp-content\\\/uploads\\\/2019\\\/02\\\/1-99.jpg\",\"datePublished\":\"2019-02-05T10:22:47+00:00\",\"dateModified\":\"2020-02-17T09:27:11+00:00\",\"description\":\"Habitaciones personalizadas, gastronom\u00eda de proximidad, piscina climatizada, servicio de masajes\u2026 \u00a1descubre c\u00f3mo ser\u00e1 tu escapada a la Terra Alta!\",\"breadcrumb\":{\"@id\":\"https:\\\/\\\/hotellescapcades.com\\\/en\\\/hotel-horta-sant-joan\\\/#breadcrumb\"},\"inLanguage\":\"en-US\",\"potentialAction\":[{\"@type\":\"ReadAction\",\"target\":[\"https:\\\/\\\/hotellescapcades.com\\\/en\\\/hotel-horta-sant-joan\\\/\"]}]},{\"@type\":\"ImageObject\",\"inLanguage\":\"en-US\",\"@id\":\"https:\\\/\\\/hotellescapcades.com\\\/en\\\/hotel-horta-sant-joan\\\/#primaryimage\",\"url\":\"https:\\\/\\\/hotellescapcades.com\\\/wp-content\\\/uploads\\\/2019\\\/02\\\/1-99.jpg\",\"contentUrl\":\"https:\\\/\\\/hotellescapcades.com\\\/wp-content\\\/uploads\\\/2019\\\/02\\\/1-99.jpg\"},{\"@type\":\"BreadcrumbList\",\"@id\":\"https:\\\/\\\/hotellescapcades.com\\\/en\\\/hotel-horta-sant-joan\\\/#breadcrumb\",\"itemListElement\":[{\"@type\":\"ListItem\",\"position\":1,\"name\":\"Portada\",\"item\":\"https:\\\/\\\/hotellescapcades.com\\\/en\\\/\"},{\"@type\":\"ListItem\",\"position\":2,\"name\":\"Hotel\"}]},{\"@type\":\"WebSite\",\"@id\":\"https:\\\/\\\/hotellescapcades.com\\\/#website\",\"url\":\"https:\\\/\\\/hotellescapcades.com\\\/\",\"name\":\"Hotel Les Cap\u00e7ades\",\"description\":\"\",\"publisher\":{\"@id\":\"https:\\\/\\\/hotellescapcades.com\\\/#organization\"},\"potentialAction\":[{\"@type\":\"SearchAction\",\"target\":{\"@type\":\"EntryPoint\",\"urlTemplate\":\"https:\\\/\\\/hotellescapcades.com\\\/?s={search_term_string}\"},\"query-input\":{\"@type\":\"PropertyValueSpecification\",\"valueRequired\":true,\"valueName\":\"search_term_string\"}}],\"inLanguage\":\"en-US\"},{\"@type\":\"Organization\",\"@id\":\"https:\\\/\\\/hotellescapcades.com\\\/#organization\",\"name\":\"Hotel Les Cap\u00e7ades\",\"url\":\"https:\\\/\\\/hotellescapcades.com\\\/\",\"logo\":{\"@type\":\"ImageObject\",\"inLanguage\":\"en-US\",\"@id\":\"https:\\\/\\\/hotellescapcades.com\\\/#\\\/schema\\\/logo\\\/image\\\/\",\"url\":\"https:\\\/\\\/hotellescapcades.com\\\/wp-content\\\/uploads\\\/2019\\\/01\\\/logo.svg\",\"contentUrl\":\"https:\\\/\\\/hotellescapcades.com\\\/wp-content\\\/uploads\\\/2019\\\/01\\\/logo.svg\",\"width\":374.36,\"height\":92.99,\"caption\":\"Hotel Les Cap\u00e7ades\"},\"image\":{\"@id\":\"https:\\\/\\\/hotellescapcades.com\\\/#\\\/schema\\\/logo\\\/image\\\/\"}}]}<\/script>\n<!-- \/ Yoast SEO plugin. -->","yoast_head_json":{"title":"Hotel Rural en Horta de Sant Joan - Hotel Les Cap\u00e7ades","description":"Habitaciones personalizadas, gastronom\u00eda de proximidad, piscina climatizada, servicio de masajes\u2026 \u00a1descubre c\u00f3mo ser\u00e1 tu escapada a la Terra Alta!","robots":{"index":"index","follow":"follow","max-snippet":"max-snippet:-1","max-image-preview":"max-image-preview:large","max-video-preview":"max-video-preview:-1"},"canonical":"https:\/\/hotellescapcades.com\/en\/hotel-horta-sant-joan\/","og_locale":"en_US","og_type":"article","og_title":"Hotel Rural en Horta de Sant Joan - Hotel Les Cap\u00e7ades","og_description":"Habitaciones personalizadas, gastronom\u00eda de proximidad, piscina climatizada, servicio de masajes\u2026 \u00a1descubre c\u00f3mo ser\u00e1 tu escapada a la Terra Alta!","og_url":"https:\/\/hotellescapcades.com\/en\/hotel-horta-sant-joan\/","og_site_name":"Hotel Les Cap\u00e7ades","article_modified_time":"2020-02-17T09:27:11+00:00","og_image":[{"url":"https:\/\/hotellescapcades.com\/wp-content\/uploads\/2019\/02\/1-99.jpg","type":"","width":"","height":""}],"twitter_card":"summary_large_image","twitter_misc":{"Est. reading time":"3 minutes"},"schema":{"@context":"https:\/\/schema.org","@graph":[{"@type":"WebPage","@id":"https:\/\/hotellescapcades.com\/en\/hotel-horta-sant-joan\/","url":"https:\/\/hotellescapcades.com\/en\/hotel-horta-sant-joan\/","name":"Hotel Rural en Horta de Sant Joan - Hotel Les Cap\u00e7ades","isPartOf":{"@id":"https:\/\/hotellescapcades.com\/#website"},"primaryImageOfPage":{"@id":"https:\/\/hotellescapcades.com\/en\/hotel-horta-sant-joan\/#primaryimage"},"image":{"@id":"https:\/\/hotellescapcades.com\/en\/hotel-horta-sant-joan\/#primaryimage"},"thumbnailUrl":"https:\/\/hotellescapcades.com\/wp-content\/uploads\/2019\/02\/1-99.jpg","datePublished":"2019-02-05T10:22:47+00:00","dateModified":"2020-02-17T09:27:11+00:00","description":"Habitaciones personalizadas, gastronom\u00eda de proximidad, piscina climatizada, servicio de masajes\u2026 \u00a1descubre c\u00f3mo ser\u00e1 tu escapada a la Terra Alta!","breadcrumb":{"@id":"https:\/\/hotellescapcades.com\/en\/hotel-horta-sant-joan\/#breadcrumb"},"inLanguage":"en-US","potentialAction":[{"@type":"ReadAction","target":["https:\/\/hotellescapcades.com\/en\/hotel-horta-sant-joan\/"]}]},{"@type":"ImageObject","inLanguage":"en-US","@id":"https:\/\/hotellescapcades.com\/en\/hotel-horta-sant-joan\/#primaryimage","url":"https:\/\/hotellescapcades.com\/wp-content\/uploads\/2019\/02\/1-99.jpg","contentUrl":"https:\/\/hotellescapcades.com\/wp-content\/uploads\/2019\/02\/1-99.jpg"},{"@type":"BreadcrumbList","@id":"https:\/\/hotellescapcades.com\/en\/hotel-horta-sant-joan\/#breadcrumb","itemListElement":[{"@type":"ListItem","position":1,"name":"Portada","item":"https:\/\/hotellescapcades.com\/en\/"},{"@type":"ListItem","position":2,"name":"Hotel"}]},{"@type":"WebSite","@id":"https:\/\/hotellescapcades.com\/#website","url":"https:\/\/hotellescapcades.com\/","name":"Hotel Les Cap\u00e7ades","description":"","publisher":{"@id":"https:\/\/hotellescapcades.com\/#organization"},"potentialAction":[{"@type":"SearchAction","target":{"@type":"EntryPoint","urlTemplate":"https:\/\/hotellescapcades.com\/?s={search_term_string}"},"query-input":{"@type":"PropertyValueSpecification","valueRequired":true,"valueName":"search_term_string"}}],"inLanguage":"en-US"},{"@type":"Organization","@id":"https:\/\/hotellescapcades.com\/#organization","name":"Hotel Les Cap\u00e7ades","url":"https:\/\/hotellescapcades.com\/","logo":{"@type":"ImageObject","inLanguage":"en-US","@id":"https:\/\/hotellescapcades.com\/#\/schema\/logo\/image\/","url":"https:\/\/hotellescapcades.com\/wp-content\/uploads\/2019\/01\/logo.svg","contentUrl":"https:\/\/hotellescapcades.com\/wp-content\/uploads\/2019\/01\/logo.svg","width":374.36,"height":92.99,"caption":"Hotel Les Cap\u00e7ades"},"image":{"@id":"https:\/\/hotellescapcades.com\/#\/schema\/logo\/image\/"}}]}},"_links":{"self":[{"href":"https:\/\/hotellescapcades.com\/en\/wp-json\/wp\/v2\/pages\/1847","targetHints":{"allow":["GET"]}}],"collection":[{"href":"https:\/\/hotellescapcades.com\/en\/wp-json\/wp\/v2\/pages"}],"about":[{"href":"https:\/\/hotellescapcades.com\/en\/wp-json\/wp\/v2\/types\/page"}],"author":[{"embeddable":true,"href":"https:\/\/hotellescapcades.com\/en\/wp-json\/wp\/v2\/users\/1"}],"replies":[{"embeddable":true,"href":"https:\/\/hotellescapcades.com\/en\/wp-json\/wp\/v2\/comments?post=1847"}],"version-history":[{"count":7,"href":"https:\/\/hotellescapcades.com\/en\/wp-json\/wp\/v2\/pages\/1847\/revisions"}],"predecessor-version":[{"id":2077,"href":"https:\/\/hotellescapcades.com\/en\/wp-json\/wp\/v2\/pages\/1847\/revisions\/2077"}],"wp:attachment":[{"href":"https:\/\/hotellescapcades.com\/en\/wp-json\/wp\/v2\/media?parent=1847"}],"curies":[{"name":"wp","href":"https:\/\/api.w.org\/{rel}","templated":true}]}}