{"id":1857,"date":"2019-02-06T08:59:56","date_gmt":"2019-02-06T08:59:56","guid":{"rendered":"https:\/\/hotellescapcades.com\/hotel-horta-sant-joan\/rooms\/cacador\/"},"modified":"2019-07-03T15:03:35","modified_gmt":"2019-07-03T15:03:35","slug":"cacador","status":"publish","type":"page","link":"https:\/\/hotellescapcades.com\/en\/hotel-horta-sant-joan\/rooms\/cacador\/","title":{"rendered":"Ca\u00e7ador Room"},"content":{"rendered":"\n\t\t\t<h1>Room Ca\u00e7ador<\/h1>\t\t\t\n\t\t\t<h3>Room description<\/h3>\t\t\t\n\t\t\t\t<p>Due to the great influx of hunters from the Reserva de Caza de Cabra Hisp\u00e1nica, we wanted to dedicate a room to them, hence the room&#8217;s name. El Ca\u00e7ador has a large terrace with views of Horta de Sant Joan and the Santa B\u00e1rbara Mountain. In this room you can enjoy the natural spectacle that is the sunrise. The sunrises here leave nobody indifferent.<\/p>\n\t\t\t\t<table>\n\t\t\t\t\t<thead>\n\t\t\t\t\t\t\t\t\t\t\t\t\t\t<th rowspan=\"\" colspan=\"\" >\n\t\t\t\t\t\t\t\t\t\t Services \n\t\t\t\t\t\t\t\t\t\t\t\t\t\t\t\t\t<\/th> \n\t\t\t\t\t\t\t\t\t\t\t<\/thead>\n\t\t\t\t\t<tbody>\n\t\t\t\t\t\t\t\t\t\t\t\t\t\t\t<tr> \n\t\t\t\t\t\t\t\t\t\t\t\t\t\t\t\t\t\t\t\t<td colspan=\"\" rowspan=\"\"> \n\t\t\t\t\t\t\t\t\t\t\t\t\t\t\t\t\t\t\t\t\t\t\t\t\t\t\t\t\t\t<img decoding=\"async\" src=\"https:\/\/hotellescapcades.com\/wp-content\/uploads\/2019\/02\/ice-crystal.svg\"\/>\n\t\t\t\t\t\t\t\t\t\t\t\t\t\t\t Heating &#8211; Air conditioning \n\t\t\t\t\t\t\t\t\t\t\t\t\t\t\t\t\t\t\t\t\t\t<\/td>\n\t\t\t\t\t\t\t\t\t\t\t\t\t\t\t\t<td colspan=\"\" rowspan=\"\"> \n\t\t\t\t\t\t\t\t\t\t\t\t\t\t\t\t\t\t\t\t\t\t\t\t\t\t\t\t\t\t<img decoding=\"async\" src=\"https:\/\/hotellescapcades.com\/wp-content\/uploads\/2019\/02\/amenities.svg\"\/>\n\t\t\t\t\t\t\t\t\t\t\t\t\t\t\t Amenities \n\t\t\t\t\t\t\t\t\t\t\t\t\t\t\t\t\t\t\t\t\t\t<\/td>\n\t\t\t\t\t\t\t\t\t\t\t\t\t\t\t\t<td colspan=\"\" rowspan=\"\"> \n\t\t\t\t\t\t\t\t\t\t\t\t\t\t\t\t\t\t\t\t\t\t\t\t\t\t\t\t\t\t<img decoding=\"async\" src=\"https:\/\/hotellescapcades.com\/wp-content\/uploads\/2019\/02\/jacuzzi.svg\"\/>\n\t\t\t\t\t\t\t\t\t\t\t\t\t\t\t Jacuzzi \n\t\t\t\t\t\t\t\t\t\t\t\t\t\t\t\t\t\t\t\t\t\t<\/td>\n\t\t\t\t\t\t\t\t\t\t\t\t\t\t\t<tr> \n\t\t\t\t\t\t\t\t\t\t\t\t\t\t\t\t\t\t\t\t<td colspan=\"\" rowspan=\"\"> \n\t\t\t\t\t\t\t\t\t\t\t\t\t\t\t\t\t\t\t\t\t\t\t\t\t\t\t\t\t\t<img decoding=\"async\" src=\"https:\/\/hotellescapcades.com\/wp-content\/uploads\/2019\/02\/phone-call.svg\"\/>\n\t\t\t\t\t\t\t\t\t\t\t\t\t\t\t Telephone \n\t\t\t\t\t\t\t\t\t\t\t\t\t\t\t\t\t\t\t\t\t\t<\/td>\n\t\t\t\t\t\t\t\t\t\t\t\t\t\t\t\t<td colspan=\"\" rowspan=\"\"> \n\t\t\t\t\t\t\t\t\t\t\t\t\t\t\t\t\t\t\t\t\t\t\t\t\t\t\t\t\t\t<img decoding=\"async\" src=\"https:\/\/hotellescapcades.com\/wp-content\/uploads\/2019\/02\/screen.svg\"\/>\n\t\t\t\t\t\t\t\t\t\t\t\t\t\t\t Satellite TV \n\t\t\t\t\t\t\t\t\t\t\t\t\t\t\t\t\t\t\t\t\t\t<\/td>\n\t\t\t\t\t\t\t\t\t\t\t\t\t\t\t\t<td colspan=\"\" rowspan=\"\"> \n\t\t\t\t\t\t\t\t\t\t\t\t\t\t\t\t\t\t\t\t\t\t\t\t\t\t\t\t\t\t<img decoding=\"async\" src=\"https:\/\/hotellescapcades.com\/wp-content\/uploads\/2019\/02\/wifi.svg\"\/>\n\t\t\t\t\t\t\t\t\t\t\t\t\t\t\t Wi-Fi \n\t\t\t\t\t\t\t\t\t\t\t\t\t\t\t\t\t\t\t\t\t\t<\/td>\n\t\t\t\t\t\t\t\t\t\t\t\t\t\t\t<tr> \n\t\t\t\t\t\t\t\t\t\t\t\t\t\t\t\t\t\t\t\t<td colspan=\"\" rowspan=\"\"> \n\t\t\t\t\t\t\t\t\t\t\t\t\t\t\t\t\t\t\t\t\t\t\t\t\t\t\t\t\t\t<img decoding=\"async\" src=\"https:\/\/hotellescapcades.com\/wp-content\/uploads\/2019\/02\/safe.svg\"\/>\n\t\t\t\t\t\t\t\t\t\t\t\t\t\t\t Safe \n\t\t\t\t\t\t\t\t\t\t\t\t\t\t\t\t\t\t\t\t\t\t<\/td>\n\t\t\t\t\t\t\t\t\t\t\t\t\t\t\t\t<td colspan=\"\" rowspan=\"\"> \n\t\t\t\t\t\t\t\t\t\t\t\t\t\t\t\t\t\t\t\t\t\t\t\t\t\t\t\t\t\t<img decoding=\"async\" src=\"https:\/\/hotellescapcades.com\/wp-content\/uploads\/2019\/02\/minibar.svg\"\/>\n\t\t\t\t\t\t\t\t\t\t\t\t\t\t\t Mini-bar \n\t\t\t\t\t\t\t\t\t\t\t\t\t\t\t\t\t\t\t\t\t\t<\/td>\n\t\t\t\t\t\t\t\t\t\t\t\t\t\t\t\t<td colspan=\"\" rowspan=\"\"> \n\t\t\t\t\t\t\t\t\t\t\t\t\t\t\t\t\t\t\t\t\t\t\t\t\t\t\t\t\t\t<img decoding=\"async\" src=\"https:\/\/hotellescapcades.com\/wp-content\/uploads\/2019\/02\/terrace.svg\"\/>\n\t\t\t\t\t\t\t\t\t\t\t\t\t\t\t Terrace \n\t\t\t\t\t\t\t\t\t\t\t\t\t\t\t\t\t\t\t\t\t\t<\/td>\n\t\t\t\t\t\t\t\t\t\t\t<\/tbody>\n\t\t\t\t<\/table>\n\t\t\t<h3>Check our <a href=\"https:\/\/hotellescapcades.com\/en\/rates-hotel-horta-sant-joan\/\">rates and offers<\/a> to stay in the heart of Terra Alta <\/h3>\t\t\t\n\t\t\t<a href=\"https:\/\/hotellescapcades.com\/en\/hotel-horta-sant-joan\/rooms\/\" target=\"_self\"   role=\"button\" rel=\"noopener noreferrer\">\n\t\t\t\t\t\t\tSEE MORE ROOMS\n\t\t<\/a>\n","protected":false},"excerpt":{"rendered":"<p>Room Ca\u00e7ador Room description Due to the great influx of hunters from the Reserva de Caza de Cabra Hisp\u00e1nica, we wanted to dedicate a room to them, hence the room&#8217;s name. El Ca\u00e7ador has a large terrace with views of Horta de Sant Joan and the Santa B\u00e1rbara Mountain. In this room you can enjoy [&hellip;]<\/p>\n","protected":false},"author":1,"featured_media":0,"parent":1851,"menu_order":0,"comment_status":"closed","ping_status":"open","template":"","meta":{"_genesis_hide_title":false,"_genesis_hide_breadcrumbs":false,"_genesis_hide_singular_image":false,"_genesis_hide_footer_widgets":false,"_genesis_custom_body_class":"","_genesis_custom_post_class":"","_genesis_layout":"","footnotes":""},"class_list":{"0":"post-1857","1":"page","2":"type-page","3":"status-publish","5":"entry","6":"has-post-thumbnail"},"yoast_head":"<!-- This site is optimized with the Yoast SEO plugin v27.5 - https:\/\/yoast.com\/product\/yoast-seo-wordpress\/ -->\n<title>Ca\u00e7ador Room - Hotel Les Cap\u00e7ades<\/title>\n<meta name=\"robots\" content=\"index, follow, max-snippet:-1, max-image-preview:large, max-video-preview:-1\" \/>\n<link rel=\"canonical\" href=\"https:\/\/hotellescapcades.com\/en\/hotel-horta-sant-joan\/rooms\/cacador\/\" \/>\n<meta property=\"og:locale\" content=\"en_US\" \/>\n<meta property=\"og:type\" content=\"article\" \/>\n<meta property=\"og:title\" content=\"Ca\u00e7ador Room - Hotel Les Cap\u00e7ades\" \/>\n<meta property=\"og:description\" content=\"Room Ca\u00e7ador Room description Due to the great influx of hunters from the Reserva de Caza de Cabra Hisp\u00e1nica, we wanted to dedicate a room to them, hence the room&#8217;s name. El Ca\u00e7ador has a large terrace with views of Horta de Sant Joan and the Santa B\u00e1rbara Mountain. In this room you can enjoy [&hellip;]\" \/>\n<meta property=\"og:url\" content=\"https:\/\/hotellescapcades.com\/en\/hotel-horta-sant-joan\/rooms\/cacador\/\" \/>\n<meta property=\"og:site_name\" content=\"Hotel Les Cap\u00e7ades\" \/>\n<meta property=\"article:modified_time\" content=\"2019-07-03T15:03:35+00:00\" \/>\n<meta property=\"og:image\" content=\"https:\/\/hotellescapcades.com\/wp-content\/uploads\/2019\/02\/ice-crystal.svg\" \/>\n<meta name=\"twitter:card\" content=\"summary_large_image\" \/>\n<meta name=\"twitter:label1\" content=\"Est. reading time\" \/>\n\t<meta name=\"twitter:data1\" content=\"1 minute\" \/>\n<script type=\"application\/ld+json\" class=\"yoast-schema-graph\">{\"@context\":\"https:\\\/\\\/schema.org\",\"@graph\":[{\"@type\":\"WebPage\",\"@id\":\"https:\\\/\\\/hotellescapcades.com\\\/en\\\/hotel-horta-sant-joan\\\/rooms\\\/cacador\\\/\",\"url\":\"https:\\\/\\\/hotellescapcades.com\\\/en\\\/hotel-horta-sant-joan\\\/rooms\\\/cacador\\\/\",\"name\":\"Ca\u00e7ador Room - Hotel Les Cap\u00e7ades\",\"isPartOf\":{\"@id\":\"https:\\\/\\\/hotellescapcades.com\\\/#website\"},\"primaryImageOfPage\":{\"@id\":\"https:\\\/\\\/hotellescapcades.com\\\/en\\\/hotel-horta-sant-joan\\\/rooms\\\/cacador\\\/#primaryimage\"},\"image\":{\"@id\":\"https:\\\/\\\/hotellescapcades.com\\\/en\\\/hotel-horta-sant-joan\\\/rooms\\\/cacador\\\/#primaryimage\"},\"thumbnailUrl\":\"https:\\\/\\\/hotellescapcades.com\\\/wp-content\\\/uploads\\\/2019\\\/02\\\/ice-crystal.svg\",\"datePublished\":\"2019-02-06T08:59:56+00:00\",\"dateModified\":\"2019-07-03T15:03:35+00:00\",\"breadcrumb\":{\"@id\":\"https:\\\/\\\/hotellescapcades.com\\\/en\\\/hotel-horta-sant-joan\\\/rooms\\\/cacador\\\/#breadcrumb\"},\"inLanguage\":\"en-US\",\"potentialAction\":[{\"@type\":\"ReadAction\",\"target\":[\"https:\\\/\\\/hotellescapcades.com\\\/en\\\/hotel-horta-sant-joan\\\/rooms\\\/cacador\\\/\"]}]},{\"@type\":\"ImageObject\",\"inLanguage\":\"en-US\",\"@id\":\"https:\\\/\\\/hotellescapcades.com\\\/en\\\/hotel-horta-sant-joan\\\/rooms\\\/cacador\\\/#primaryimage\",\"url\":\"https:\\\/\\\/hotellescapcades.com\\\/wp-content\\\/uploads\\\/2019\\\/02\\\/ice-crystal.svg\",\"contentUrl\":\"https:\\\/\\\/hotellescapcades.com\\\/wp-content\\\/uploads\\\/2019\\\/02\\\/ice-crystal.svg\"},{\"@type\":\"BreadcrumbList\",\"@id\":\"https:\\\/\\\/hotellescapcades.com\\\/en\\\/hotel-horta-sant-joan\\\/rooms\\\/cacador\\\/#breadcrumb\",\"itemListElement\":[{\"@type\":\"ListItem\",\"position\":1,\"name\":\"Portada\",\"item\":\"https:\\\/\\\/hotellescapcades.com\\\/en\\\/\"},{\"@type\":\"ListItem\",\"position\":2,\"name\":\"Hotel\",\"item\":\"https:\\\/\\\/hotellescapcades.com\\\/en\\\/hotel-horta-sant-joan\\\/\"},{\"@type\":\"ListItem\",\"position\":3,\"name\":\"Rooms\",\"item\":\"https:\\\/\\\/hotellescapcades.com\\\/en\\\/hotel-horta-sant-joan\\\/rooms\\\/\"},{\"@type\":\"ListItem\",\"position\":4,\"name\":\"Ca\u00e7ador Room\"}]},{\"@type\":\"WebSite\",\"@id\":\"https:\\\/\\\/hotellescapcades.com\\\/#website\",\"url\":\"https:\\\/\\\/hotellescapcades.com\\\/\",\"name\":\"Hotel Les Cap\u00e7ades\",\"description\":\"\",\"publisher\":{\"@id\":\"https:\\\/\\\/hotellescapcades.com\\\/#organization\"},\"potentialAction\":[{\"@type\":\"SearchAction\",\"target\":{\"@type\":\"EntryPoint\",\"urlTemplate\":\"https:\\\/\\\/hotellescapcades.com\\\/?s={search_term_string}\"},\"query-input\":{\"@type\":\"PropertyValueSpecification\",\"valueRequired\":true,\"valueName\":\"search_term_string\"}}],\"inLanguage\":\"en-US\"},{\"@type\":\"Organization\",\"@id\":\"https:\\\/\\\/hotellescapcades.com\\\/#organization\",\"name\":\"Hotel Les Cap\u00e7ades\",\"url\":\"https:\\\/\\\/hotellescapcades.com\\\/\",\"logo\":{\"@type\":\"ImageObject\",\"inLanguage\":\"en-US\",\"@id\":\"https:\\\/\\\/hotellescapcades.com\\\/#\\\/schema\\\/logo\\\/image\\\/\",\"url\":\"https:\\\/\\\/hotellescapcades.com\\\/wp-content\\\/uploads\\\/2019\\\/01\\\/logo.svg\",\"contentUrl\":\"https:\\\/\\\/hotellescapcades.com\\\/wp-content\\\/uploads\\\/2019\\\/01\\\/logo.svg\",\"width\":374.36,\"height\":92.99,\"caption\":\"Hotel Les Cap\u00e7ades\"},\"image\":{\"@id\":\"https:\\\/\\\/hotellescapcades.com\\\/#\\\/schema\\\/logo\\\/image\\\/\"}}]}<\/script>\n<!-- \/ Yoast SEO plugin. -->","yoast_head_json":{"title":"Ca\u00e7ador Room - Hotel Les Cap\u00e7ades","robots":{"index":"index","follow":"follow","max-snippet":"max-snippet:-1","max-image-preview":"max-image-preview:large","max-video-preview":"max-video-preview:-1"},"canonical":"https:\/\/hotellescapcades.com\/en\/hotel-horta-sant-joan\/rooms\/cacador\/","og_locale":"en_US","og_type":"article","og_title":"Ca\u00e7ador Room - Hotel Les Cap\u00e7ades","og_description":"Room Ca\u00e7ador Room description Due to the great influx of hunters from the Reserva de Caza de Cabra Hisp\u00e1nica, we wanted to dedicate a room to them, hence the room&#8217;s name. El Ca\u00e7ador has a large terrace with views of Horta de Sant Joan and the Santa B\u00e1rbara Mountain. In this room you can enjoy [&hellip;]","og_url":"https:\/\/hotellescapcades.com\/en\/hotel-horta-sant-joan\/rooms\/cacador\/","og_site_name":"Hotel Les Cap\u00e7ades","article_modified_time":"2019-07-03T15:03:35+00:00","og_image":[{"url":"https:\/\/hotellescapcades.com\/wp-content\/uploads\/2019\/02\/ice-crystal.svg","type":"","width":"","height":""}],"twitter_card":"summary_large_image","twitter_misc":{"Est. reading time":"1 minute"},"schema":{"@context":"https:\/\/schema.org","@graph":[{"@type":"WebPage","@id":"https:\/\/hotellescapcades.com\/en\/hotel-horta-sant-joan\/rooms\/cacador\/","url":"https:\/\/hotellescapcades.com\/en\/hotel-horta-sant-joan\/rooms\/cacador\/","name":"Ca\u00e7ador Room - Hotel Les Cap\u00e7ades","isPartOf":{"@id":"https:\/\/hotellescapcades.com\/#website"},"primaryImageOfPage":{"@id":"https:\/\/hotellescapcades.com\/en\/hotel-horta-sant-joan\/rooms\/cacador\/#primaryimage"},"image":{"@id":"https:\/\/hotellescapcades.com\/en\/hotel-horta-sant-joan\/rooms\/cacador\/#primaryimage"},"thumbnailUrl":"https:\/\/hotellescapcades.com\/wp-content\/uploads\/2019\/02\/ice-crystal.svg","datePublished":"2019-02-06T08:59:56+00:00","dateModified":"2019-07-03T15:03:35+00:00","breadcrumb":{"@id":"https:\/\/hotellescapcades.com\/en\/hotel-horta-sant-joan\/rooms\/cacador\/#breadcrumb"},"inLanguage":"en-US","potentialAction":[{"@type":"ReadAction","target":["https:\/\/hotellescapcades.com\/en\/hotel-horta-sant-joan\/rooms\/cacador\/"]}]},{"@type":"ImageObject","inLanguage":"en-US","@id":"https:\/\/hotellescapcades.com\/en\/hotel-horta-sant-joan\/rooms\/cacador\/#primaryimage","url":"https:\/\/hotellescapcades.com\/wp-content\/uploads\/2019\/02\/ice-crystal.svg","contentUrl":"https:\/\/hotellescapcades.com\/wp-content\/uploads\/2019\/02\/ice-crystal.svg"},{"@type":"BreadcrumbList","@id":"https:\/\/hotellescapcades.com\/en\/hotel-horta-sant-joan\/rooms\/cacador\/#breadcrumb","itemListElement":[{"@type":"ListItem","position":1,"name":"Portada","item":"https:\/\/hotellescapcades.com\/en\/"},{"@type":"ListItem","position":2,"name":"Hotel","item":"https:\/\/hotellescapcades.com\/en\/hotel-horta-sant-joan\/"},{"@type":"ListItem","position":3,"name":"Rooms","item":"https:\/\/hotellescapcades.com\/en\/hotel-horta-sant-joan\/rooms\/"},{"@type":"ListItem","position":4,"name":"Ca\u00e7ador Room"}]},{"@type":"WebSite","@id":"https:\/\/hotellescapcades.com\/#website","url":"https:\/\/hotellescapcades.com\/","name":"Hotel Les Cap\u00e7ades","description":"","publisher":{"@id":"https:\/\/hotellescapcades.com\/#organization"},"potentialAction":[{"@type":"SearchAction","target":{"@type":"EntryPoint","urlTemplate":"https:\/\/hotellescapcades.com\/?s={search_term_string}"},"query-input":{"@type":"PropertyValueSpecification","valueRequired":true,"valueName":"search_term_string"}}],"inLanguage":"en-US"},{"@type":"Organization","@id":"https:\/\/hotellescapcades.com\/#organization","name":"Hotel Les Cap\u00e7ades","url":"https:\/\/hotellescapcades.com\/","logo":{"@type":"ImageObject","inLanguage":"en-US","@id":"https:\/\/hotellescapcades.com\/#\/schema\/logo\/image\/","url":"https:\/\/hotellescapcades.com\/wp-content\/uploads\/2019\/01\/logo.svg","contentUrl":"https:\/\/hotellescapcades.com\/wp-content\/uploads\/2019\/01\/logo.svg","width":374.36,"height":92.99,"caption":"Hotel Les Cap\u00e7ades"},"image":{"@id":"https:\/\/hotellescapcades.com\/#\/schema\/logo\/image\/"}}]}},"_links":{"self":[{"href":"https:\/\/hotellescapcades.com\/en\/wp-json\/wp\/v2\/pages\/1857","targetHints":{"allow":["GET"]}}],"collection":[{"href":"https:\/\/hotellescapcades.com\/en\/wp-json\/wp\/v2\/pages"}],"about":[{"href":"https:\/\/hotellescapcades.com\/en\/wp-json\/wp\/v2\/types\/page"}],"author":[{"embeddable":true,"href":"https:\/\/hotellescapcades.com\/en\/wp-json\/wp\/v2\/users\/1"}],"replies":[{"embeddable":true,"href":"https:\/\/hotellescapcades.com\/en\/wp-json\/wp\/v2\/comments?post=1857"}],"version-history":[{"count":6,"href":"https:\/\/hotellescapcades.com\/en\/wp-json\/wp\/v2\/pages\/1857\/revisions"}],"predecessor-version":[{"id":2025,"href":"https:\/\/hotellescapcades.com\/en\/wp-json\/wp\/v2\/pages\/1857\/revisions\/2025"}],"up":[{"embeddable":true,"href":"https:\/\/hotellescapcades.com\/en\/wp-json\/wp\/v2\/pages\/1851"}],"wp:attachment":[{"href":"https:\/\/hotellescapcades.com\/en\/wp-json\/wp\/v2\/media?parent=1857"}],"curies":[{"name":"wp","href":"https:\/\/api.w.org\/{rel}","templated":true}]}}