{"id":1895,"date":"2019-02-06T09:36:33","date_gmt":"2019-02-06T09:36:33","guid":{"rendered":"https:\/\/hotellescapcades.com\/hotel-horta-sant-joan\/rooms\/marine\/"},"modified":"2019-07-03T15:05:57","modified_gmt":"2019-07-03T15:05:57","slug":"marine","status":"publish","type":"page","link":"https:\/\/hotellescapcades.com\/en\/hotel-horta-sant-joan\/rooms\/marine\/","title":{"rendered":"Marin\u00e9 Room"},"content":{"rendered":"\n\t\t\t<h1>Room Marin\u00e9<\/h1>\t\t\t\n\t\t\t<h3>Room description<\/h3>\t\t\t\n\t\t\t\t<p>When Mr.  Marin\u00e9, great family friend, saw the room he said: &#8220;I&#8217;ll book this room for myself all year round&#8221;. With a lot of love, this is our little tribute to such a great person. In Marin\u00e9 you can enjoy the best views of the Hotel in Horta de Sant Joan, and the mountain of Santa B\u00e1rbara, with its spacious over 60m2 terrace that goes around the entire east side of the Hotel facade. You will wake up admiring the sunrises from it!<\/p>\n\t\t\t\t<table>\n\t\t\t\t\t<thead>\n\t\t\t\t\t\t\t\t\t\t\t\t\t\t<th rowspan=\"\" colspan=\"\" >\n\t\t\t\t\t\t\t\t\t\t Services \n\t\t\t\t\t\t\t\t\t\t\t\t\t\t\t\t\t<\/th> \n\t\t\t\t\t\t\t\t\t\t\t<\/thead>\n\t\t\t\t\t<tbody>\n\t\t\t\t\t\t\t\t\t\t\t\t\t\t\t<tr> \n\t\t\t\t\t\t\t\t\t\t\t\t\t\t\t\t\t\t\t\t<td colspan=\"\" rowspan=\"\"> \n\t\t\t\t\t\t\t\t\t\t\t\t\t\t\t\t\t\t\t\t\t\t\t\t\t\t\t\t\t\t<img decoding=\"async\" src=\"https:\/\/hotellescapcades.com\/wp-content\/uploads\/2019\/02\/ice-crystal.svg\"\/>\n\t\t\t\t\t\t\t\t\t\t\t\t\t\t\t Heating &#8211; Air conditioning \n\t\t\t\t\t\t\t\t\t\t\t\t\t\t\t\t\t\t\t\t\t\t<\/td>\n\t\t\t\t\t\t\t\t\t\t\t\t\t\t\t\t<td colspan=\"\" rowspan=\"\"> \n\t\t\t\t\t\t\t\t\t\t\t\t\t\t\t\t\t\t\t\t\t\t\t\t\t\t\t\t\t\t<img decoding=\"async\" src=\"https:\/\/hotellescapcades.com\/wp-content\/uploads\/2019\/02\/amenities.svg\"\/>\n\t\t\t\t\t\t\t\t\t\t\t\t\t\t\t Amenities \n\t\t\t\t\t\t\t\t\t\t\t\t\t\t\t\t\t\t\t\t\t\t<\/td>\n\t\t\t\t\t\t\t\t\t\t\t\t\t\t\t\t<td colspan=\"\" rowspan=\"\"> \n\t\t\t\t\t\t\t\t\t\t\t\t\t\t\t\t\t\t\t\t\t\t\t\t\t\t\t\t\t\t<img decoding=\"async\" src=\"https:\/\/hotellescapcades.com\/wp-content\/uploads\/2019\/02\/jacuzzi.svg\"\/>\n\t\t\t\t\t\t\t\t\t\t\t\t\t\t\t Jacuzzi \n\t\t\t\t\t\t\t\t\t\t\t\t\t\t\t\t\t\t\t\t\t\t<\/td>\n\t\t\t\t\t\t\t\t\t\t\t\t\t\t\t<tr> \n\t\t\t\t\t\t\t\t\t\t\t\t\t\t\t\t\t\t\t\t<td colspan=\"\" rowspan=\"\"> \n\t\t\t\t\t\t\t\t\t\t\t\t\t\t\t\t\t\t\t\t\t\t\t\t\t\t\t\t\t\t<img decoding=\"async\" src=\"https:\/\/hotellescapcades.com\/wp-content\/uploads\/2019\/02\/phone-call.svg\"\/>\n\t\t\t\t\t\t\t\t\t\t\t\t\t\t\t Telephone \n\t\t\t\t\t\t\t\t\t\t\t\t\t\t\t\t\t\t\t\t\t\t<\/td>\n\t\t\t\t\t\t\t\t\t\t\t\t\t\t\t\t<td colspan=\"\" rowspan=\"\"> \n\t\t\t\t\t\t\t\t\t\t\t\t\t\t\t\t\t\t\t\t\t\t\t\t\t\t\t\t\t\t<img decoding=\"async\" src=\"https:\/\/hotellescapcades.com\/wp-content\/uploads\/2019\/02\/screen.svg\"\/>\n\t\t\t\t\t\t\t\t\t\t\t\t\t\t\t Satellite TV \n\t\t\t\t\t\t\t\t\t\t\t\t\t\t\t\t\t\t\t\t\t\t<\/td>\n\t\t\t\t\t\t\t\t\t\t\t\t\t\t\t\t<td colspan=\"\" rowspan=\"\"> \n\t\t\t\t\t\t\t\t\t\t\t\t\t\t\t\t\t\t\t\t\t\t\t\t\t\t\t\t\t\t<img decoding=\"async\" src=\"https:\/\/hotellescapcades.com\/wp-content\/uploads\/2019\/02\/wifi.svg\"\/>\n\t\t\t\t\t\t\t\t\t\t\t\t\t\t\t Wi-Fi \n\t\t\t\t\t\t\t\t\t\t\t\t\t\t\t\t\t\t\t\t\t\t<\/td>\n\t\t\t\t\t\t\t\t\t\t\t\t\t\t\t<tr> \n\t\t\t\t\t\t\t\t\t\t\t\t\t\t\t\t\t\t\t\t<td colspan=\"\" rowspan=\"\"> \n\t\t\t\t\t\t\t\t\t\t\t\t\t\t\t\t\t\t\t\t\t\t\t\t\t\t\t\t\t\t<img decoding=\"async\" src=\"https:\/\/hotellescapcades.com\/wp-content\/uploads\/2019\/02\/safe.svg\"\/>\n\t\t\t\t\t\t\t\t\t\t\t\t\t\t\t Safe \n\t\t\t\t\t\t\t\t\t\t\t\t\t\t\t\t\t\t\t\t\t\t<\/td>\n\t\t\t\t\t\t\t\t\t\t\t\t\t\t\t\t<td colspan=\"\" rowspan=\"\"> \n\t\t\t\t\t\t\t\t\t\t\t\t\t\t\t\t\t\t\t\t\t\t\t\t\t\t\t\t\t\t<img decoding=\"async\" src=\"https:\/\/hotellescapcades.com\/wp-content\/uploads\/2019\/02\/minibar.svg\"\/>\n\t\t\t\t\t\t\t\t\t\t\t\t\t\t\t Mini-bar \n\t\t\t\t\t\t\t\t\t\t\t\t\t\t\t\t\t\t\t\t\t\t<\/td>\n\t\t\t\t\t\t\t\t\t\t\t\t\t\t\t\t<td colspan=\"\" rowspan=\"\"> \n\t\t\t\t\t\t\t\t\t\t\t\t\t\t\t\t\t\t\t\t\t\t\t\t\t\t\t\t\t\t<img decoding=\"async\" src=\"https:\/\/hotellescapcades.com\/wp-content\/uploads\/2019\/02\/terrace.svg\"\/>\n\t\t\t\t\t\t\t\t\t\t\t\t\t\t\t Terrace \n\t\t\t\t\t\t\t\t\t\t\t\t\t\t\t\t\t\t\t\t\t\t<\/td>\n\t\t\t\t\t\t\t\t\t\t\t<\/tbody>\n\t\t\t\t<\/table>\n\t\t\t<h3>Check our <a href=\"https:\/\/hotellescapcades.com\/en\/rates-hotel-horta-sant-joan\/\">rates and offers<\/a> to stay in the heart of Terra Alta<\/h3>\t\t\t\n\t\t\t<a href=\"https:\/\/hotellescapcades.com\/en\/hotel-horta-sant-joan\/rooms\/\" target=\"_self\"   role=\"button\" rel=\"noopener noreferrer\">\n\t\t\t\t\t\t\tSEE MORE ROOMS\n\t\t<\/a>\n","protected":false},"excerpt":{"rendered":"<p>Room Marin\u00e9 Room description When Mr. Marin\u00e9, great family friend, saw the room he said: &#8220;I&#8217;ll book this room for myself all year round&#8221;. With a lot of love, this is our little tribute to such a great person. In Marin\u00e9 you can enjoy the best views of the Hotel in Horta de Sant Joan, [&hellip;]<\/p>\n","protected":false},"author":1,"featured_media":0,"parent":1851,"menu_order":0,"comment_status":"closed","ping_status":"open","template":"","meta":{"_genesis_hide_title":false,"_genesis_hide_breadcrumbs":false,"_genesis_hide_singular_image":false,"_genesis_hide_footer_widgets":false,"_genesis_custom_body_class":"","_genesis_custom_post_class":"","_genesis_layout":"","footnotes":""},"class_list":{"0":"post-1895","1":"page","2":"type-page","3":"status-publish","5":"entry","6":"has-post-thumbnail"},"yoast_head":"<!-- This site is optimized with the Yoast SEO plugin v20.0 - https:\/\/yoast.com\/wordpress\/plugins\/seo\/ -->\n<title>Marin\u00e9 Room - Hotel Les Cap\u00e7ades<\/title>\n<meta name=\"robots\" content=\"index, follow, max-snippet:-1, max-image-preview:large, max-video-preview:-1\" \/>\n<link rel=\"canonical\" href=\"https:\/\/hotellescapcades.com\/en\/hotel-horta-sant-joan\/rooms\/marine\/\" \/>\n<meta property=\"og:locale\" content=\"en_US\" \/>\n<meta property=\"og:type\" content=\"article\" \/>\n<meta property=\"og:title\" content=\"Marin\u00e9 Room - Hotel Les Cap\u00e7ades\" \/>\n<meta property=\"og:description\" content=\"Room Marin\u00e9 Room description When Mr. Marin\u00e9, great family friend, saw the room he said: &#8220;I&#8217;ll book this room for myself all year round&#8221;. With a lot of love, this is our little tribute to such a great person. In Marin\u00e9 you can enjoy the best views of the Hotel in Horta de Sant Joan, [&hellip;]\" \/>\n<meta property=\"og:url\" content=\"https:\/\/hotellescapcades.com\/en\/hotel-horta-sant-joan\/rooms\/marine\/\" \/>\n<meta property=\"og:site_name\" content=\"Hotel Les Cap\u00e7ades\" \/>\n<meta property=\"article:modified_time\" content=\"2019-07-03T15:05:57+00:00\" \/>\n<meta property=\"og:image\" content=\"https:\/\/hotellescapcades.com\/wp-content\/uploads\/2019\/02\/ice-crystal.svg\" \/>\n<meta name=\"twitter:card\" content=\"summary_large_image\" \/>\n<meta name=\"twitter:label1\" content=\"Est. reading time\" \/>\n\t<meta name=\"twitter:data1\" content=\"1 minute\" \/>\n<script type=\"application\/ld+json\" class=\"yoast-schema-graph\">{\"@context\":\"https:\/\/schema.org\",\"@graph\":[{\"@type\":\"WebPage\",\"@id\":\"https:\/\/hotellescapcades.com\/en\/hotel-horta-sant-joan\/rooms\/marine\/\",\"url\":\"https:\/\/hotellescapcades.com\/en\/hotel-horta-sant-joan\/rooms\/marine\/\",\"name\":\"Marin\u00e9 Room - Hotel Les Cap\u00e7ades\",\"isPartOf\":{\"@id\":\"https:\/\/hotellescapcades.com\/#website\"},\"datePublished\":\"2019-02-06T09:36:33+00:00\",\"dateModified\":\"2019-07-03T15:05:57+00:00\",\"breadcrumb\":{\"@id\":\"https:\/\/hotellescapcades.com\/en\/hotel-horta-sant-joan\/rooms\/marine\/#breadcrumb\"},\"inLanguage\":\"en-US\",\"potentialAction\":[{\"@type\":\"ReadAction\",\"target\":[\"https:\/\/hotellescapcades.com\/en\/hotel-horta-sant-joan\/rooms\/marine\/\"]}]},{\"@type\":\"BreadcrumbList\",\"@id\":\"https:\/\/hotellescapcades.com\/en\/hotel-horta-sant-joan\/rooms\/marine\/#breadcrumb\",\"itemListElement\":[{\"@type\":\"ListItem\",\"position\":1,\"name\":\"Portada\",\"item\":\"https:\/\/hotellescapcades.com\/en\/\"},{\"@type\":\"ListItem\",\"position\":2,\"name\":\"Hotel\",\"item\":\"https:\/\/hotellescapcades.com\/en\/hotel-horta-sant-joan\/\"},{\"@type\":\"ListItem\",\"position\":3,\"name\":\"Rooms\",\"item\":\"https:\/\/hotellescapcades.com\/en\/hotel-horta-sant-joan\/rooms\/\"},{\"@type\":\"ListItem\",\"position\":4,\"name\":\"Marin\u00e9 Room\"}]},{\"@type\":\"WebSite\",\"@id\":\"https:\/\/hotellescapcades.com\/#website\",\"url\":\"https:\/\/hotellescapcades.com\/\",\"name\":\"Hotel Les Cap\u00e7ades\",\"description\":\"\",\"publisher\":{\"@id\":\"https:\/\/hotellescapcades.com\/#organization\"},\"potentialAction\":[{\"@type\":\"SearchAction\",\"target\":{\"@type\":\"EntryPoint\",\"urlTemplate\":\"https:\/\/hotellescapcades.com\/?s={search_term_string}\"},\"query-input\":\"required name=search_term_string\"}],\"inLanguage\":\"en-US\"},{\"@type\":\"Organization\",\"@id\":\"https:\/\/hotellescapcades.com\/#organization\",\"name\":\"Hotel Les Cap\u00e7ades\",\"url\":\"https:\/\/hotellescapcades.com\/\",\"logo\":{\"@type\":\"ImageObject\",\"inLanguage\":\"en-US\",\"@id\":\"https:\/\/hotellescapcades.com\/#\/schema\/logo\/image\/\",\"url\":\"https:\/\/hotellescapcades.com\/wp-content\/uploads\/2019\/01\/logo.svg\",\"contentUrl\":\"https:\/\/hotellescapcades.com\/wp-content\/uploads\/2019\/01\/logo.svg\",\"width\":374.36,\"height\":92.99,\"caption\":\"Hotel Les Cap\u00e7ades\"},\"image\":{\"@id\":\"https:\/\/hotellescapcades.com\/#\/schema\/logo\/image\/\"}}]}<\/script>\n<!-- \/ Yoast SEO plugin. -->","yoast_head_json":{"title":"Marin\u00e9 Room - Hotel Les Cap\u00e7ades","robots":{"index":"index","follow":"follow","max-snippet":"max-snippet:-1","max-image-preview":"max-image-preview:large","max-video-preview":"max-video-preview:-1"},"canonical":"https:\/\/hotellescapcades.com\/en\/hotel-horta-sant-joan\/rooms\/marine\/","og_locale":"en_US","og_type":"article","og_title":"Marin\u00e9 Room - Hotel Les Cap\u00e7ades","og_description":"Room Marin\u00e9 Room description When Mr. Marin\u00e9, great family friend, saw the room he said: &#8220;I&#8217;ll book this room for myself all year round&#8221;. With a lot of love, this is our little tribute to such a great person. In Marin\u00e9 you can enjoy the best views of the Hotel in Horta de Sant Joan, [&hellip;]","og_url":"https:\/\/hotellescapcades.com\/en\/hotel-horta-sant-joan\/rooms\/marine\/","og_site_name":"Hotel Les Cap\u00e7ades","article_modified_time":"2019-07-03T15:05:57+00:00","og_image":[{"url":"https:\/\/hotellescapcades.com\/wp-content\/uploads\/2019\/02\/ice-crystal.svg"}],"twitter_card":"summary_large_image","twitter_misc":{"Est. reading time":"1 minute"},"schema":{"@context":"https:\/\/schema.org","@graph":[{"@type":"WebPage","@id":"https:\/\/hotellescapcades.com\/en\/hotel-horta-sant-joan\/rooms\/marine\/","url":"https:\/\/hotellescapcades.com\/en\/hotel-horta-sant-joan\/rooms\/marine\/","name":"Marin\u00e9 Room - Hotel Les Cap\u00e7ades","isPartOf":{"@id":"https:\/\/hotellescapcades.com\/#website"},"datePublished":"2019-02-06T09:36:33+00:00","dateModified":"2019-07-03T15:05:57+00:00","breadcrumb":{"@id":"https:\/\/hotellescapcades.com\/en\/hotel-horta-sant-joan\/rooms\/marine\/#breadcrumb"},"inLanguage":"en-US","potentialAction":[{"@type":"ReadAction","target":["https:\/\/hotellescapcades.com\/en\/hotel-horta-sant-joan\/rooms\/marine\/"]}]},{"@type":"BreadcrumbList","@id":"https:\/\/hotellescapcades.com\/en\/hotel-horta-sant-joan\/rooms\/marine\/#breadcrumb","itemListElement":[{"@type":"ListItem","position":1,"name":"Portada","item":"https:\/\/hotellescapcades.com\/en\/"},{"@type":"ListItem","position":2,"name":"Hotel","item":"https:\/\/hotellescapcades.com\/en\/hotel-horta-sant-joan\/"},{"@type":"ListItem","position":3,"name":"Rooms","item":"https:\/\/hotellescapcades.com\/en\/hotel-horta-sant-joan\/rooms\/"},{"@type":"ListItem","position":4,"name":"Marin\u00e9 Room"}]},{"@type":"WebSite","@id":"https:\/\/hotellescapcades.com\/#website","url":"https:\/\/hotellescapcades.com\/","name":"Hotel Les Cap\u00e7ades","description":"","publisher":{"@id":"https:\/\/hotellescapcades.com\/#organization"},"potentialAction":[{"@type":"SearchAction","target":{"@type":"EntryPoint","urlTemplate":"https:\/\/hotellescapcades.com\/?s={search_term_string}"},"query-input":"required name=search_term_string"}],"inLanguage":"en-US"},{"@type":"Organization","@id":"https:\/\/hotellescapcades.com\/#organization","name":"Hotel Les Cap\u00e7ades","url":"https:\/\/hotellescapcades.com\/","logo":{"@type":"ImageObject","inLanguage":"en-US","@id":"https:\/\/hotellescapcades.com\/#\/schema\/logo\/image\/","url":"https:\/\/hotellescapcades.com\/wp-content\/uploads\/2019\/01\/logo.svg","contentUrl":"https:\/\/hotellescapcades.com\/wp-content\/uploads\/2019\/01\/logo.svg","width":374.36,"height":92.99,"caption":"Hotel Les Cap\u00e7ades"},"image":{"@id":"https:\/\/hotellescapcades.com\/#\/schema\/logo\/image\/"}}]}},"_links":{"self":[{"href":"https:\/\/hotellescapcades.com\/en\/wp-json\/wp\/v2\/pages\/1895","targetHints":{"allow":["GET"]}}],"collection":[{"href":"https:\/\/hotellescapcades.com\/en\/wp-json\/wp\/v2\/pages"}],"about":[{"href":"https:\/\/hotellescapcades.com\/en\/wp-json\/wp\/v2\/types\/page"}],"author":[{"embeddable":true,"href":"https:\/\/hotellescapcades.com\/en\/wp-json\/wp\/v2\/users\/1"}],"replies":[{"embeddable":true,"href":"https:\/\/hotellescapcades.com\/en\/wp-json\/wp\/v2\/comments?post=1895"}],"version-history":[{"count":4,"href":"https:\/\/hotellescapcades.com\/en\/wp-json\/wp\/v2\/pages\/1895\/revisions"}],"predecessor-version":[{"id":2030,"href":"https:\/\/hotellescapcades.com\/en\/wp-json\/wp\/v2\/pages\/1895\/revisions\/2030"}],"up":[{"embeddable":true,"href":"https:\/\/hotellescapcades.com\/en\/wp-json\/wp\/v2\/pages\/1851"}],"wp:attachment":[{"href":"https:\/\/hotellescapcades.com\/en\/wp-json\/wp\/v2\/media?parent=1895"}],"curies":[{"name":"wp","href":"https:\/\/api.w.org\/{rel}","templated":true}]}}