{"id":1936,"date":"2019-02-06T11:01:39","date_gmt":"2019-02-06T11:01:39","guid":{"rendered":"https:\/\/hotellescapcades.com\/restaurante-horta-sant-joan\/"},"modified":"2024-01-10T16:31:46","modified_gmt":"2024-01-10T14:31:46","slug":"restaurant-horta-sant-joan","status":"publish","type":"page","link":"https:\/\/hotellescapcades.com\/en\/restaurant-horta-sant-joan\/","title":{"rendered":"Restaurant"},"content":{"rendered":"\n\n\t\t\t<h1>Restaurant Les Cap\u00e7ades<\/h1>\t\t\t\n\t\t\t\t<img decoding=\"async\" src=\"https:\/\/hotellescapcades.com\/wp-content\/uploads\/2019\/01\/wedding-dinner.svg\" alt=\"wedding-dinner\" title=\"wedding-dinner\" itemprop=\"image\"\/>\n\t\t\t\t<p>In our Restaurant, dedicated to Manuel Pallares, son of Horta and friend of Pablo Picasso, we offer a tasting menu consisting of 6 dishes. Different every day and with fresh, natural and local products. Cooked in a unique way for you to make the most of a great evening in a unique space in our hotel, in an incomparable setting that will be sure to satisfy the most demanding palates.<\/p>\n<p>You can also accompany our tasting <strong>menu with a selection of wines from our menu<\/strong>, with the highest representation of our D.O Terra Alta region, where you will discover great wines that will teach you about our culture and oenological roots.<\/p>\n\t\t\t\t<img decoding=\"async\" src=\"https:\/\/hotellescapcades.com\/wp-content\/uploads\/2019\/03\/LesCapc\u0327ades_Restaurant_1.jpg\" alt=\"LesCapc\u0327ades_Restaurant_1\" title=\"LesCapc\u0327ades_Restaurant_1\" itemprop=\"image\"\/>\n\t\t\t\t<img decoding=\"async\" src=\"https:\/\/hotellescapcades.com\/wp-content\/uploads\/2019\/05\/LesCap\u00e7ades_Restaurant_2.jpg\" alt=\"LesCap\u00e7ades_Restaurant_2\" title=\"LesCap\u00e7ades_Restaurant_2\" itemprop=\"image\"\/>\n\t\t\t\t<img decoding=\"async\" src=\"https:\/\/hotellescapcades.com\/wp-content\/uploads\/2019\/03\/LesCapc\u0327ades_Restaurant_3.jpg\" alt=\"LesCapc\u0327ades_Restaurant_3\" title=\"LesCapc\u0327ades_Restaurant_3\" itemprop=\"image\"\/>\n\t\t\t\t<img decoding=\"async\" src=\"https:\/\/hotellescapcades.com\/wp-content\/uploads\/2019\/03\/LesCapc\u0327ades_Restaurant_4.jpg\" alt=\"LesCapc\u0327ades_Restaurant_4\" title=\"LesCapc\u0327ades_Restaurant_4\" itemprop=\"image\"\/>\n\t\t\t<a href=\"https:\/\/www.bolrooms.com\/guest\/?hotel=lescapcadeshotel\" target=\"_blank\" rel=\"noopener nofollow\" role=\"button\" aria-label=\"BOOK NOW!\">\n\t\t\t\t\t\t\tBOOK NOW!\n\t\t<\/a>\n\t\t\t<h2>Enjoy a unique environment to breathe, rest and feel  <\/h2>\t\t\t\n\t\t\t\t<p>The Restaurante de Les Cap\u00e7ades team has always tried to leave an unforgettable mark on our guests&#8217; palates. In our memories, all of us have smells and tastes that evoke moments of our lives.<\/p>\n<p>It is through our body&#8217;s special sense that we intend to make an impression on the people who visit us. Physical business cards sometimes get lost, but what has made an impression on our senses stays with us forever, and if all this has happened in a different environment, it will become part of those important things that we have lived and felt. As restauranteurs this is our most desired goal.<\/p>\n\t\t\t<h3>Check our<a href=\"https:\/\/hotellescapcades.com\/en\/rates-hotel-horta-sant-joan\/\"> rates and offers<\/a>  to stay in the heart of Terra Alta<\/h3>\t\t\t\n\t\t\t\t<p>Our chef, Facundo Salas, and her team, will delight your palate with dishes where vegetables, local cheeses, cod, game, nuts and meats will make up a symphony of flavours reminiscent of earth.<\/p>\n<p>The Restaurant is only open for dinner service for hotel guests and for non-guests who make an advance booking. The restaurant only serves dinner at weekends. Ask about availability on other days of the week.<\/p>\n\t\t\t<h3>Do you want to surprise someone in a special way?<\/h3>\t\t\t\n\t\t\t<a href=\"https:\/\/hotellescapcades.com\/en\/hotel-horta-sant-joan\/give-capcades\/\" target=\"_self\" role=\"button\" aria-label=\"GIVE CAP\u00c7ADES!\" rel=\"noopener\">\n\t\t\t\t\t\t\tGIVE CAP\u00c7ADES!\n\t\t<\/a>\n\n","protected":false},"excerpt":{"rendered":"<p>Restaurant Les Cap\u00e7ades In our Restaurant, dedicated to Manuel Pallares, son of Horta and friend of Pablo Picasso, we offer a tasting menu consisting of 6 dishes. Different every day and with fresh, natural and local products. Cooked in a unique way for you to make the most of a great evening in a unique [&hellip;]<\/p>\n","protected":false},"author":1,"featured_media":0,"parent":0,"menu_order":0,"comment_status":"closed","ping_status":"open","template":"","meta":{"_genesis_hide_title":false,"_genesis_hide_breadcrumbs":false,"_genesis_hide_singular_image":false,"_genesis_hide_footer_widgets":false,"_genesis_custom_body_class":"","_genesis_custom_post_class":"","_genesis_layout":"","footnotes":""},"class_list":{"0":"post-1936","1":"page","2":"type-page","3":"status-publish","5":"entry","6":"has-post-thumbnail"},"yoast_head":"<!-- This site is optimized with the Yoast SEO plugin v20.0 - https:\/\/yoast.com\/wordpress\/plugins\/seo\/ -->\n<title>Restaurant en Horta de Sant Joan - Hotel Les Cap\u00e7ades<\/title>\n<meta name=\"description\" content=\"Disfruta de un men\u00fa degustaci\u00f3n elaborado con productos de proximidad y de una selecci\u00f3n de vinos con gran representaci\u00f3n de la D.O Terra Alta.\" \/>\n<meta name=\"robots\" content=\"index, follow, max-snippet:-1, max-image-preview:large, max-video-preview:-1\" \/>\n<link rel=\"canonical\" href=\"https:\/\/hotellescapcades.com\/en\/restaurant-horta-sant-joan\/\" \/>\n<meta property=\"og:locale\" content=\"en_US\" \/>\n<meta property=\"og:type\" content=\"article\" \/>\n<meta property=\"og:title\" content=\"Restaurant en Horta de Sant Joan - Hotel Les Cap\u00e7ades\" \/>\n<meta property=\"og:description\" content=\"Disfruta de un men\u00fa degustaci\u00f3n elaborado con productos de proximidad y de una selecci\u00f3n de vinos con gran representaci\u00f3n de la D.O Terra Alta.\" \/>\n<meta property=\"og:url\" content=\"https:\/\/hotellescapcades.com\/en\/restaurant-horta-sant-joan\/\" \/>\n<meta property=\"og:site_name\" content=\"Hotel Les Cap\u00e7ades\" \/>\n<meta property=\"article:modified_time\" content=\"2024-01-10T14:31:46+00:00\" \/>\n<meta property=\"og:image\" content=\"https:\/\/hotellescapcades.com\/wp-content\/uploads\/2019\/01\/wedding-dinner.svg\" \/>\n<meta name=\"twitter:card\" content=\"summary_large_image\" \/>\n<meta name=\"twitter:label1\" content=\"Est. reading time\" \/>\n\t<meta name=\"twitter:data1\" content=\"2 minutes\" \/>\n<script type=\"application\/ld+json\" class=\"yoast-schema-graph\">{\"@context\":\"https:\/\/schema.org\",\"@graph\":[{\"@type\":\"WebPage\",\"@id\":\"https:\/\/hotellescapcades.com\/en\/restaurant-horta-sant-joan\/\",\"url\":\"https:\/\/hotellescapcades.com\/en\/restaurant-horta-sant-joan\/\",\"name\":\"Restaurant en Horta de Sant Joan - Hotel Les Cap\u00e7ades\",\"isPartOf\":{\"@id\":\"https:\/\/hotellescapcades.com\/#website\"},\"datePublished\":\"2019-02-06T11:01:39+00:00\",\"dateModified\":\"2024-01-10T14:31:46+00:00\",\"description\":\"Disfruta de un men\u00fa degustaci\u00f3n elaborado con productos de proximidad y de una selecci\u00f3n de vinos con gran representaci\u00f3n de la D.O Terra Alta.\",\"breadcrumb\":{\"@id\":\"https:\/\/hotellescapcades.com\/en\/restaurant-horta-sant-joan\/#breadcrumb\"},\"inLanguage\":\"en-US\",\"potentialAction\":[{\"@type\":\"ReadAction\",\"target\":[\"https:\/\/hotellescapcades.com\/en\/restaurant-horta-sant-joan\/\"]}]},{\"@type\":\"BreadcrumbList\",\"@id\":\"https:\/\/hotellescapcades.com\/en\/restaurant-horta-sant-joan\/#breadcrumb\",\"itemListElement\":[{\"@type\":\"ListItem\",\"position\":1,\"name\":\"Portada\",\"item\":\"https:\/\/hotellescapcades.com\/en\/\"},{\"@type\":\"ListItem\",\"position\":2,\"name\":\"Restaurant\"}]},{\"@type\":\"WebSite\",\"@id\":\"https:\/\/hotellescapcades.com\/#website\",\"url\":\"https:\/\/hotellescapcades.com\/\",\"name\":\"Hotel Les Cap\u00e7ades\",\"description\":\"\",\"publisher\":{\"@id\":\"https:\/\/hotellescapcades.com\/#organization\"},\"potentialAction\":[{\"@type\":\"SearchAction\",\"target\":{\"@type\":\"EntryPoint\",\"urlTemplate\":\"https:\/\/hotellescapcades.com\/?s={search_term_string}\"},\"query-input\":\"required name=search_term_string\"}],\"inLanguage\":\"en-US\"},{\"@type\":\"Organization\",\"@id\":\"https:\/\/hotellescapcades.com\/#organization\",\"name\":\"Hotel Les Cap\u00e7ades\",\"url\":\"https:\/\/hotellescapcades.com\/\",\"logo\":{\"@type\":\"ImageObject\",\"inLanguage\":\"en-US\",\"@id\":\"https:\/\/hotellescapcades.com\/#\/schema\/logo\/image\/\",\"url\":\"https:\/\/hotellescapcades.com\/wp-content\/uploads\/2019\/01\/logo.svg\",\"contentUrl\":\"https:\/\/hotellescapcades.com\/wp-content\/uploads\/2019\/01\/logo.svg\",\"width\":374.36,\"height\":92.99,\"caption\":\"Hotel Les Cap\u00e7ades\"},\"image\":{\"@id\":\"https:\/\/hotellescapcades.com\/#\/schema\/logo\/image\/\"}}]}<\/script>\n<!-- \/ Yoast SEO plugin. -->","yoast_head_json":{"title":"Restaurant en Horta de Sant Joan - Hotel Les Cap\u00e7ades","description":"Disfruta de un men\u00fa degustaci\u00f3n elaborado con productos de proximidad y de una selecci\u00f3n de vinos con gran representaci\u00f3n de la D.O Terra Alta.","robots":{"index":"index","follow":"follow","max-snippet":"max-snippet:-1","max-image-preview":"max-image-preview:large","max-video-preview":"max-video-preview:-1"},"canonical":"https:\/\/hotellescapcades.com\/en\/restaurant-horta-sant-joan\/","og_locale":"en_US","og_type":"article","og_title":"Restaurant en Horta de Sant Joan - Hotel Les Cap\u00e7ades","og_description":"Disfruta de un men\u00fa degustaci\u00f3n elaborado con productos de proximidad y de una selecci\u00f3n de vinos con gran representaci\u00f3n de la D.O Terra Alta.","og_url":"https:\/\/hotellescapcades.com\/en\/restaurant-horta-sant-joan\/","og_site_name":"Hotel Les Cap\u00e7ades","article_modified_time":"2024-01-10T14:31:46+00:00","og_image":[{"url":"https:\/\/hotellescapcades.com\/wp-content\/uploads\/2019\/01\/wedding-dinner.svg"}],"twitter_card":"summary_large_image","twitter_misc":{"Est. reading time":"2 minutes"},"schema":{"@context":"https:\/\/schema.org","@graph":[{"@type":"WebPage","@id":"https:\/\/hotellescapcades.com\/en\/restaurant-horta-sant-joan\/","url":"https:\/\/hotellescapcades.com\/en\/restaurant-horta-sant-joan\/","name":"Restaurant en Horta de Sant Joan - Hotel Les Cap\u00e7ades","isPartOf":{"@id":"https:\/\/hotellescapcades.com\/#website"},"datePublished":"2019-02-06T11:01:39+00:00","dateModified":"2024-01-10T14:31:46+00:00","description":"Disfruta de un men\u00fa degustaci\u00f3n elaborado con productos de proximidad y de una selecci\u00f3n de vinos con gran representaci\u00f3n de la D.O Terra Alta.","breadcrumb":{"@id":"https:\/\/hotellescapcades.com\/en\/restaurant-horta-sant-joan\/#breadcrumb"},"inLanguage":"en-US","potentialAction":[{"@type":"ReadAction","target":["https:\/\/hotellescapcades.com\/en\/restaurant-horta-sant-joan\/"]}]},{"@type":"BreadcrumbList","@id":"https:\/\/hotellescapcades.com\/en\/restaurant-horta-sant-joan\/#breadcrumb","itemListElement":[{"@type":"ListItem","position":1,"name":"Portada","item":"https:\/\/hotellescapcades.com\/en\/"},{"@type":"ListItem","position":2,"name":"Restaurant"}]},{"@type":"WebSite","@id":"https:\/\/hotellescapcades.com\/#website","url":"https:\/\/hotellescapcades.com\/","name":"Hotel Les Cap\u00e7ades","description":"","publisher":{"@id":"https:\/\/hotellescapcades.com\/#organization"},"potentialAction":[{"@type":"SearchAction","target":{"@type":"EntryPoint","urlTemplate":"https:\/\/hotellescapcades.com\/?s={search_term_string}"},"query-input":"required name=search_term_string"}],"inLanguage":"en-US"},{"@type":"Organization","@id":"https:\/\/hotellescapcades.com\/#organization","name":"Hotel Les Cap\u00e7ades","url":"https:\/\/hotellescapcades.com\/","logo":{"@type":"ImageObject","inLanguage":"en-US","@id":"https:\/\/hotellescapcades.com\/#\/schema\/logo\/image\/","url":"https:\/\/hotellescapcades.com\/wp-content\/uploads\/2019\/01\/logo.svg","contentUrl":"https:\/\/hotellescapcades.com\/wp-content\/uploads\/2019\/01\/logo.svg","width":374.36,"height":92.99,"caption":"Hotel Les Cap\u00e7ades"},"image":{"@id":"https:\/\/hotellescapcades.com\/#\/schema\/logo\/image\/"}}]}},"_links":{"self":[{"href":"https:\/\/hotellescapcades.com\/en\/wp-json\/wp\/v2\/pages\/1936","targetHints":{"allow":["GET"]}}],"collection":[{"href":"https:\/\/hotellescapcades.com\/en\/wp-json\/wp\/v2\/pages"}],"about":[{"href":"https:\/\/hotellescapcades.com\/en\/wp-json\/wp\/v2\/types\/page"}],"author":[{"embeddable":true,"href":"https:\/\/hotellescapcades.com\/en\/wp-json\/wp\/v2\/users\/1"}],"replies":[{"embeddable":true,"href":"https:\/\/hotellescapcades.com\/en\/wp-json\/wp\/v2\/comments?post=1936"}],"version-history":[{"count":6,"href":"https:\/\/hotellescapcades.com\/en\/wp-json\/wp\/v2\/pages\/1936\/revisions"}],"predecessor-version":[{"id":2121,"href":"https:\/\/hotellescapcades.com\/en\/wp-json\/wp\/v2\/pages\/1936\/revisions\/2121"}],"wp:attachment":[{"href":"https:\/\/hotellescapcades.com\/en\/wp-json\/wp\/v2\/media?parent=1936"}],"curies":[{"name":"wp","href":"https:\/\/api.w.org\/{rel}","templated":true}]}}