{"id":1940,"date":"2019-05-23T09:04:41","date_gmt":"2019-05-23T09:04:41","guid":{"rendered":"https:\/\/hotellescapcades.com\/desayunos-en-horta-sant-joan-copy\/"},"modified":"2019-07-03T11:03:29","modified_gmt":"2019-07-03T11:03:29","slug":"breakfast-at-horta-sant-joan","status":"publish","type":"page","link":"https:\/\/hotellescapcades.com\/en\/breakfast-at-horta-sant-joan\/","title":{"rendered":"Breakfast"},"content":{"rendered":"\n\t\t\t<h1>Breakfast at Les Cap\u00e7ades<\/h1>\t\t\t\n\t\t\t\t<img decoding=\"async\" src=\"https:\/\/hotellescapcades.com\/wp-content\/uploads\/2019\/01\/wedding-dinner.svg\" alt=\"wedding-dinner\" itemprop=\"image\"\/>\n\t\t\t\t<p>Breakfast time is a special moment when you are relaxing and unwinding. At hotel Les Cap\u00e7ades you can enjoy a <strong>breakfast prepared with healthy proximity products.<\/strong> <\/p>\n<p>near.Breakfast is served traditionally, from 8:30 a.m. in the Pallar\u00e9s dining room, where you can taste sausages from the region with typical breads made locally, an assortment of homemade and seasonal jams, fresh fruits and home-made sponge cake. <\/p>\n\t\t\t\t<img decoding=\"async\" src=\"https:\/\/hotellescapcades.com\/wp-content\/uploads\/2019\/06\/LesCap\u00e7ades_Restaurant_2.3.jpg\" alt=\"LesCap\u00e7ades_Restaurant_2.3\" itemprop=\"image\"\/>\n\t\t\t\t<img decoding=\"async\" src=\"https:\/\/hotellescapcades.com\/wp-content\/uploads\/2019\/05\/LesCap\u00e7ades_Esmorzars_1.jpg\" alt=\"LesCap\u00e7ades_Esmorzars_1\" itemprop=\"image\"\/>\n\t\t\t\t<img decoding=\"async\" src=\"https:\/\/hotellescapcades.com\/wp-content\/uploads\/2019\/05\/LesCap\u00e7ades_Esmorzars_2.jpg\" alt=\"LesCap\u00e7ades_Esmorzars_2\" itemprop=\"image\"\/>\n\t\t\t\t<img decoding=\"async\" src=\"https:\/\/hotellescapcades.com\/wp-content\/uploads\/2019\/05\/LesCap\u00e7ades_Esmorzars_3.jpg\" alt=\"LesCap\u00e7ades_Esmorzars_3\" itemprop=\"image\"\/>\n\t\t\t<a href=\"https:\/\/hotellescapcades.com\/en\/contact\/\" target=\"_self\"   role=\"button\" rel=\"noopener noreferrer\">\n\t\t\t\t\t\t\tBOOK NOW!\n\t\t<\/a>\n\t\t\t<h2>Enjoy a unique environment to breathe, rest and feel  <\/h2>\t\t\t\n","protected":false},"excerpt":{"rendered":"<p>Breakfast at Les Cap\u00e7ades Breakfast time is a special moment when you are relaxing and unwinding. At hotel Les Cap\u00e7ades you can enjoy a breakfast prepared with healthy proximity products. near.Breakfast is served traditionally, from 8:30 a.m. in the Pallar\u00e9s dining room, where you can taste sausages from the region with typical breads made locally, [&hellip;]<\/p>\n","protected":false},"author":1,"featured_media":0,"parent":0,"menu_order":0,"comment_status":"closed","ping_status":"closed","template":"","meta":{"_genesis_hide_title":false,"_genesis_hide_breadcrumbs":false,"_genesis_hide_singular_image":false,"_genesis_hide_footer_widgets":false,"_genesis_custom_body_class":"","_genesis_custom_post_class":"","_genesis_layout":"","footnotes":""},"class_list":{"0":"post-1940","1":"page","2":"type-page","3":"status-publish","5":"entry","6":"has-post-thumbnail"},"yoast_head":"<!-- This site is optimized with the Yoast SEO plugin v27.5 - https:\/\/yoast.com\/product\/yoast-seo-wordpress\/ -->\n<title>Breakfast - Hotel Les Cap\u00e7ades<\/title>\n<meta name=\"description\" content=\"En Les Cap\u00e7ades podr\u00e9is disfrutar de desayunos elaborados con productos de proximidad y saludables: embutidos de la comarca, bizcochos reci\u00e9n horneados...\" \/>\n<meta name=\"robots\" content=\"index, follow, max-snippet:-1, max-image-preview:large, max-video-preview:-1\" \/>\n<link rel=\"canonical\" href=\"https:\/\/hotellescapcades.com\/en\/breakfast-at-horta-sant-joan\/\" \/>\n<meta property=\"og:locale\" content=\"en_US\" \/>\n<meta property=\"og:type\" content=\"article\" \/>\n<meta property=\"og:title\" content=\"Breakfast - Hotel Les Cap\u00e7ades\" \/>\n<meta property=\"og:description\" content=\"En Les Cap\u00e7ades podr\u00e9is disfrutar de desayunos elaborados con productos de proximidad y saludables: embutidos de la comarca, bizcochos reci\u00e9n horneados...\" \/>\n<meta property=\"og:url\" content=\"https:\/\/hotellescapcades.com\/en\/breakfast-at-horta-sant-joan\/\" \/>\n<meta property=\"og:site_name\" content=\"Hotel Les Cap\u00e7ades\" \/>\n<meta property=\"article:modified_time\" content=\"2019-07-03T11:03:29+00:00\" \/>\n<meta property=\"og:image\" content=\"https:\/\/hotellescapcades.com\/wp-content\/uploads\/2019\/01\/wedding-dinner.svg\" \/>\n<meta name=\"twitter:card\" content=\"summary_large_image\" \/>\n<script type=\"application\/ld+json\" class=\"yoast-schema-graph\">{\"@context\":\"https:\\\/\\\/schema.org\",\"@graph\":[{\"@type\":\"WebPage\",\"@id\":\"https:\\\/\\\/hotellescapcades.com\\\/en\\\/breakfast-at-horta-sant-joan\\\/\",\"url\":\"https:\\\/\\\/hotellescapcades.com\\\/en\\\/breakfast-at-horta-sant-joan\\\/\",\"name\":\"Breakfast - Hotel Les Cap\u00e7ades\",\"isPartOf\":{\"@id\":\"https:\\\/\\\/hotellescapcades.com\\\/#website\"},\"primaryImageOfPage\":{\"@id\":\"https:\\\/\\\/hotellescapcades.com\\\/en\\\/breakfast-at-horta-sant-joan\\\/#primaryimage\"},\"image\":{\"@id\":\"https:\\\/\\\/hotellescapcades.com\\\/en\\\/breakfast-at-horta-sant-joan\\\/#primaryimage\"},\"thumbnailUrl\":\"https:\\\/\\\/hotellescapcades.com\\\/wp-content\\\/uploads\\\/2019\\\/01\\\/wedding-dinner.svg\",\"datePublished\":\"2019-05-23T09:04:41+00:00\",\"dateModified\":\"2019-07-03T11:03:29+00:00\",\"description\":\"En Les Cap\u00e7ades podr\u00e9is disfrutar de desayunos elaborados con productos de proximidad y saludables: embutidos de la comarca, bizcochos reci\u00e9n horneados...\",\"breadcrumb\":{\"@id\":\"https:\\\/\\\/hotellescapcades.com\\\/en\\\/breakfast-at-horta-sant-joan\\\/#breadcrumb\"},\"inLanguage\":\"en-US\",\"potentialAction\":[{\"@type\":\"ReadAction\",\"target\":[\"https:\\\/\\\/hotellescapcades.com\\\/en\\\/breakfast-at-horta-sant-joan\\\/\"]}]},{\"@type\":\"ImageObject\",\"inLanguage\":\"en-US\",\"@id\":\"https:\\\/\\\/hotellescapcades.com\\\/en\\\/breakfast-at-horta-sant-joan\\\/#primaryimage\",\"url\":\"https:\\\/\\\/hotellescapcades.com\\\/wp-content\\\/uploads\\\/2019\\\/01\\\/wedding-dinner.svg\",\"contentUrl\":\"https:\\\/\\\/hotellescapcades.com\\\/wp-content\\\/uploads\\\/2019\\\/01\\\/wedding-dinner.svg\"},{\"@type\":\"BreadcrumbList\",\"@id\":\"https:\\\/\\\/hotellescapcades.com\\\/en\\\/breakfast-at-horta-sant-joan\\\/#breadcrumb\",\"itemListElement\":[{\"@type\":\"ListItem\",\"position\":1,\"name\":\"Portada\",\"item\":\"https:\\\/\\\/hotellescapcades.com\\\/en\\\/\"},{\"@type\":\"ListItem\",\"position\":2,\"name\":\"Breakfast\"}]},{\"@type\":\"WebSite\",\"@id\":\"https:\\\/\\\/hotellescapcades.com\\\/#website\",\"url\":\"https:\\\/\\\/hotellescapcades.com\\\/\",\"name\":\"Hotel Les Cap\u00e7ades\",\"description\":\"\",\"publisher\":{\"@id\":\"https:\\\/\\\/hotellescapcades.com\\\/#organization\"},\"potentialAction\":[{\"@type\":\"SearchAction\",\"target\":{\"@type\":\"EntryPoint\",\"urlTemplate\":\"https:\\\/\\\/hotellescapcades.com\\\/?s={search_term_string}\"},\"query-input\":{\"@type\":\"PropertyValueSpecification\",\"valueRequired\":true,\"valueName\":\"search_term_string\"}}],\"inLanguage\":\"en-US\"},{\"@type\":\"Organization\",\"@id\":\"https:\\\/\\\/hotellescapcades.com\\\/#organization\",\"name\":\"Hotel Les Cap\u00e7ades\",\"url\":\"https:\\\/\\\/hotellescapcades.com\\\/\",\"logo\":{\"@type\":\"ImageObject\",\"inLanguage\":\"en-US\",\"@id\":\"https:\\\/\\\/hotellescapcades.com\\\/#\\\/schema\\\/logo\\\/image\\\/\",\"url\":\"https:\\\/\\\/hotellescapcades.com\\\/wp-content\\\/uploads\\\/2019\\\/01\\\/logo.svg\",\"contentUrl\":\"https:\\\/\\\/hotellescapcades.com\\\/wp-content\\\/uploads\\\/2019\\\/01\\\/logo.svg\",\"width\":374.36,\"height\":92.99,\"caption\":\"Hotel Les Cap\u00e7ades\"},\"image\":{\"@id\":\"https:\\\/\\\/hotellescapcades.com\\\/#\\\/schema\\\/logo\\\/image\\\/\"}}]}<\/script>\n<!-- \/ Yoast SEO plugin. -->","yoast_head_json":{"title":"Breakfast - Hotel Les Cap\u00e7ades","description":"En Les Cap\u00e7ades podr\u00e9is disfrutar de desayunos elaborados con productos de proximidad y saludables: embutidos de la comarca, bizcochos reci\u00e9n horneados...","robots":{"index":"index","follow":"follow","max-snippet":"max-snippet:-1","max-image-preview":"max-image-preview:large","max-video-preview":"max-video-preview:-1"},"canonical":"https:\/\/hotellescapcades.com\/en\/breakfast-at-horta-sant-joan\/","og_locale":"en_US","og_type":"article","og_title":"Breakfast - Hotel Les Cap\u00e7ades","og_description":"En Les Cap\u00e7ades podr\u00e9is disfrutar de desayunos elaborados con productos de proximidad y saludables: embutidos de la comarca, bizcochos reci\u00e9n horneados...","og_url":"https:\/\/hotellescapcades.com\/en\/breakfast-at-horta-sant-joan\/","og_site_name":"Hotel Les Cap\u00e7ades","article_modified_time":"2019-07-03T11:03:29+00:00","og_image":[{"url":"https:\/\/hotellescapcades.com\/wp-content\/uploads\/2019\/01\/wedding-dinner.svg","type":"","width":"","height":""}],"twitter_card":"summary_large_image","schema":{"@context":"https:\/\/schema.org","@graph":[{"@type":"WebPage","@id":"https:\/\/hotellescapcades.com\/en\/breakfast-at-horta-sant-joan\/","url":"https:\/\/hotellescapcades.com\/en\/breakfast-at-horta-sant-joan\/","name":"Breakfast - Hotel Les Cap\u00e7ades","isPartOf":{"@id":"https:\/\/hotellescapcades.com\/#website"},"primaryImageOfPage":{"@id":"https:\/\/hotellescapcades.com\/en\/breakfast-at-horta-sant-joan\/#primaryimage"},"image":{"@id":"https:\/\/hotellescapcades.com\/en\/breakfast-at-horta-sant-joan\/#primaryimage"},"thumbnailUrl":"https:\/\/hotellescapcades.com\/wp-content\/uploads\/2019\/01\/wedding-dinner.svg","datePublished":"2019-05-23T09:04:41+00:00","dateModified":"2019-07-03T11:03:29+00:00","description":"En Les Cap\u00e7ades podr\u00e9is disfrutar de desayunos elaborados con productos de proximidad y saludables: embutidos de la comarca, bizcochos reci\u00e9n horneados...","breadcrumb":{"@id":"https:\/\/hotellescapcades.com\/en\/breakfast-at-horta-sant-joan\/#breadcrumb"},"inLanguage":"en-US","potentialAction":[{"@type":"ReadAction","target":["https:\/\/hotellescapcades.com\/en\/breakfast-at-horta-sant-joan\/"]}]},{"@type":"ImageObject","inLanguage":"en-US","@id":"https:\/\/hotellescapcades.com\/en\/breakfast-at-horta-sant-joan\/#primaryimage","url":"https:\/\/hotellescapcades.com\/wp-content\/uploads\/2019\/01\/wedding-dinner.svg","contentUrl":"https:\/\/hotellescapcades.com\/wp-content\/uploads\/2019\/01\/wedding-dinner.svg"},{"@type":"BreadcrumbList","@id":"https:\/\/hotellescapcades.com\/en\/breakfast-at-horta-sant-joan\/#breadcrumb","itemListElement":[{"@type":"ListItem","position":1,"name":"Portada","item":"https:\/\/hotellescapcades.com\/en\/"},{"@type":"ListItem","position":2,"name":"Breakfast"}]},{"@type":"WebSite","@id":"https:\/\/hotellescapcades.com\/#website","url":"https:\/\/hotellescapcades.com\/","name":"Hotel Les Cap\u00e7ades","description":"","publisher":{"@id":"https:\/\/hotellescapcades.com\/#organization"},"potentialAction":[{"@type":"SearchAction","target":{"@type":"EntryPoint","urlTemplate":"https:\/\/hotellescapcades.com\/?s={search_term_string}"},"query-input":{"@type":"PropertyValueSpecification","valueRequired":true,"valueName":"search_term_string"}}],"inLanguage":"en-US"},{"@type":"Organization","@id":"https:\/\/hotellescapcades.com\/#organization","name":"Hotel Les Cap\u00e7ades","url":"https:\/\/hotellescapcades.com\/","logo":{"@type":"ImageObject","inLanguage":"en-US","@id":"https:\/\/hotellescapcades.com\/#\/schema\/logo\/image\/","url":"https:\/\/hotellescapcades.com\/wp-content\/uploads\/2019\/01\/logo.svg","contentUrl":"https:\/\/hotellescapcades.com\/wp-content\/uploads\/2019\/01\/logo.svg","width":374.36,"height":92.99,"caption":"Hotel Les Cap\u00e7ades"},"image":{"@id":"https:\/\/hotellescapcades.com\/#\/schema\/logo\/image\/"}}]}},"_links":{"self":[{"href":"https:\/\/hotellescapcades.com\/en\/wp-json\/wp\/v2\/pages\/1940","targetHints":{"allow":["GET"]}}],"collection":[{"href":"https:\/\/hotellescapcades.com\/en\/wp-json\/wp\/v2\/pages"}],"about":[{"href":"https:\/\/hotellescapcades.com\/en\/wp-json\/wp\/v2\/types\/page"}],"author":[{"embeddable":true,"href":"https:\/\/hotellescapcades.com\/en\/wp-json\/wp\/v2\/users\/1"}],"replies":[{"embeddable":true,"href":"https:\/\/hotellescapcades.com\/en\/wp-json\/wp\/v2\/comments?post=1940"}],"version-history":[{"count":3,"href":"https:\/\/hotellescapcades.com\/en\/wp-json\/wp\/v2\/pages\/1940\/revisions"}],"predecessor-version":[{"id":1995,"href":"https:\/\/hotellescapcades.com\/en\/wp-json\/wp\/v2\/pages\/1940\/revisions\/1995"}],"wp:attachment":[{"href":"https:\/\/hotellescapcades.com\/en\/wp-json\/wp\/v2\/media?parent=1940"}],"curies":[{"name":"wp","href":"https:\/\/api.w.org\/{rel}","templated":true}]}}