{"id":1944,"date":"2019-02-18T08:14:40","date_gmt":"2019-02-18T08:14:40","guid":{"rendered":"https:\/\/hotellescapcades.com\/bodas-horta-sant-joan\/"},"modified":"2019-07-03T11:00:29","modified_gmt":"2019-07-03T11:00:29","slug":"weddings-horta-sant-joan","status":"publish","type":"page","link":"https:\/\/hotellescapcades.com\/en\/weddings-horta-sant-joan\/","title":{"rendered":"Weddings"},"content":{"rendered":"\n\t\t\t<h1>Weddings at Les Cap\u00e7ades<\/h1>\t\t\t\n\t\t\t<h3>Personalization and maximum exclusivity for a magical day<\/h3>\t\t\t\n\t\t\t\t<p>Les Cap\u00e7ades is a rural hotel surrounded by nature in an exclusive location.  Spectacular views, a special light, unique sunsets, silence, maximum exclusivity, personalization in each wedding, attentive staff and haute cuisine with top quality products. <\/p>\n<p>You can tie the knot in different spaces: the garden, the forest or the terrace. From the garden, between olive trees, there is a beautiful view of the emblematic Santa B\u00e1rbara mountain that is the perfect backdrop for saying yes in.  <\/p>\n<p>The forest is the ideal place to exchange vows. Sun rays that pass between the pine trees, contact with silence and nature, smells of rosemary, and the spectacular sunset in the background, will make your ceremony even more magical and romantic than you could have imagined.<\/p>\n\t\t\t<h3>Quality gastronomy in a unique and special environment <\/h3>\t\t\t\n\t\t\t\t<p>We can serve you the appetizer in different parts of the hotel: on the terrace, in the garden or in the forest. Wherever you choose, you will be surrounded by nature and incredible views of the Els Ports Natural Park, and you will be able to enjoy Les Cap\u00e7ades&#8217; special light and its magical sunset.<\/p>\n<p>Our appetizers will not leave anyone indifferent. They are haute cuisine appetizers, prepared down to the very last detail and with the highest quality products. If to all this we add the careful and personalized decoration, good lighting, background music and our sunset, the aperitif at Les Cap\u00e7ades will be spectacular. <\/p>\n\t\t\t<h3>Do you want to make your dream wedding come true?<\/h3>\t\t\t\n\t\t\t<a href=\"https:\/\/hotellescapcades.com\/en\/contact\/\" target=\"_self\"   role=\"button\" rel=\"noopener noreferrer\">\n\t\t\t\t\t\t\tYES, I WANT!\n\t\t<\/a>\n\t\t\t<h3>Different possibilities for a memorable reception <\/h3>\t\t\t\n\t\t\t\t<p>One of Les Cap\u00e7ades most special charms is its natural environment and that is why we offer you the possibility of holding your reception outdoors. There is also the option of holding it in one of our tents, decorated for the occasion or in our restaurant dining room. <\/p>\n<p>Wedding receptions are one of the most important elements, so we offer a wide range of dishes so you can customize the menu to your taste. We stand out due to quality of the products we use and the friendly and attentive service we provide. <\/p>\n\t\t\t<h3>Every last detail of your wedding will be looked after<\/h3>\t\t\t\n\t\t\t\t<p>We like to provide a complete service; therefore, we take care of every last detail. You can finish your great day off in the suite decorated for the occasion and the guests have the opportunity to enjoy the hotel facilities until the wedding comes to an end. <\/p>\n<p>We will organize and plan a perfect ceremony, according to your expectations and we will offer advice on all our services to customize your event to make sure you have a magical day. <\/p>\n","protected":false},"excerpt":{"rendered":"<p>Weddings at Les Cap\u00e7ades Personalization and maximum exclusivity for a magical day Les Cap\u00e7ades is a rural hotel surrounded by nature in an exclusive location. Spectacular views, a special light, unique sunsets, silence, maximum exclusivity, personalization in each wedding, attentive staff and haute cuisine with top quality products. You can tie the knot in different [&hellip;]<\/p>\n","protected":false},"author":1,"featured_media":0,"parent":0,"menu_order":0,"comment_status":"closed","ping_status":"open","template":"","meta":{"_genesis_hide_title":false,"_genesis_hide_breadcrumbs":false,"_genesis_hide_singular_image":false,"_genesis_hide_footer_widgets":false,"_genesis_custom_body_class":"","_genesis_custom_post_class":"","_genesis_layout":"","footnotes":""},"class_list":{"0":"post-1944","1":"page","2":"type-page","3":"status-publish","5":"entry","6":"has-post-thumbnail"},"yoast_head":"<!-- This site is optimized with the Yoast SEO plugin v20.0 - https:\/\/yoast.com\/wordpress\/plugins\/seo\/ -->\n<title>Bodas en la Terra Alta - Hotel Les Cap\u00e7ades<\/title>\n<meta name=\"description\" content=\"Cuidaremos hasta el m\u00ednimo detalle para que vuestra celebraci\u00f3n sea inolvidable. \u00a1Descubrid todas las posibilidades personalizaci\u00f3n para un d\u00eda m\u00e1gico!\" \/>\n<meta name=\"robots\" content=\"index, follow, max-snippet:-1, max-image-preview:large, max-video-preview:-1\" \/>\n<link rel=\"canonical\" href=\"https:\/\/hotellescapcades.com\/en\/weddings-horta-sant-joan\/\" \/>\n<meta property=\"og:locale\" content=\"en_US\" \/>\n<meta property=\"og:type\" content=\"article\" \/>\n<meta property=\"og:title\" content=\"Bodas en la Terra Alta - Hotel Les Cap\u00e7ades\" \/>\n<meta property=\"og:description\" content=\"Cuidaremos hasta el m\u00ednimo detalle para que vuestra celebraci\u00f3n sea inolvidable. \u00a1Descubrid todas las posibilidades personalizaci\u00f3n para un d\u00eda m\u00e1gico!\" \/>\n<meta property=\"og:url\" content=\"https:\/\/hotellescapcades.com\/en\/weddings-horta-sant-joan\/\" \/>\n<meta property=\"og:site_name\" content=\"Hotel Les Cap\u00e7ades\" \/>\n<meta property=\"article:modified_time\" content=\"2019-07-03T11:00:29+00:00\" \/>\n<meta name=\"twitter:card\" content=\"summary_large_image\" \/>\n<meta name=\"twitter:label1\" content=\"Est. reading time\" \/>\n\t<meta name=\"twitter:data1\" content=\"2 minutes\" \/>\n<script type=\"application\/ld+json\" class=\"yoast-schema-graph\">{\"@context\":\"https:\/\/schema.org\",\"@graph\":[{\"@type\":\"WebPage\",\"@id\":\"https:\/\/hotellescapcades.com\/en\/weddings-horta-sant-joan\/\",\"url\":\"https:\/\/hotellescapcades.com\/en\/weddings-horta-sant-joan\/\",\"name\":\"Bodas en la Terra Alta - Hotel Les Cap\u00e7ades\",\"isPartOf\":{\"@id\":\"https:\/\/hotellescapcades.com\/#website\"},\"datePublished\":\"2019-02-18T08:14:40+00:00\",\"dateModified\":\"2019-07-03T11:00:29+00:00\",\"description\":\"Cuidaremos hasta el m\u00ednimo detalle para que vuestra celebraci\u00f3n sea inolvidable. \u00a1Descubrid todas las posibilidades personalizaci\u00f3n para un d\u00eda m\u00e1gico!\",\"breadcrumb\":{\"@id\":\"https:\/\/hotellescapcades.com\/en\/weddings-horta-sant-joan\/#breadcrumb\"},\"inLanguage\":\"en-US\",\"potentialAction\":[{\"@type\":\"ReadAction\",\"target\":[\"https:\/\/hotellescapcades.com\/en\/weddings-horta-sant-joan\/\"]}]},{\"@type\":\"BreadcrumbList\",\"@id\":\"https:\/\/hotellescapcades.com\/en\/weddings-horta-sant-joan\/#breadcrumb\",\"itemListElement\":[{\"@type\":\"ListItem\",\"position\":1,\"name\":\"Portada\",\"item\":\"https:\/\/hotellescapcades.com\/en\/\"},{\"@type\":\"ListItem\",\"position\":2,\"name\":\"Weddings\"}]},{\"@type\":\"WebSite\",\"@id\":\"https:\/\/hotellescapcades.com\/#website\",\"url\":\"https:\/\/hotellescapcades.com\/\",\"name\":\"Hotel Les Cap\u00e7ades\",\"description\":\"\",\"publisher\":{\"@id\":\"https:\/\/hotellescapcades.com\/#organization\"},\"potentialAction\":[{\"@type\":\"SearchAction\",\"target\":{\"@type\":\"EntryPoint\",\"urlTemplate\":\"https:\/\/hotellescapcades.com\/?s={search_term_string}\"},\"query-input\":\"required name=search_term_string\"}],\"inLanguage\":\"en-US\"},{\"@type\":\"Organization\",\"@id\":\"https:\/\/hotellescapcades.com\/#organization\",\"name\":\"Hotel Les Cap\u00e7ades\",\"url\":\"https:\/\/hotellescapcades.com\/\",\"logo\":{\"@type\":\"ImageObject\",\"inLanguage\":\"en-US\",\"@id\":\"https:\/\/hotellescapcades.com\/#\/schema\/logo\/image\/\",\"url\":\"https:\/\/hotellescapcades.com\/wp-content\/uploads\/2019\/01\/logo.svg\",\"contentUrl\":\"https:\/\/hotellescapcades.com\/wp-content\/uploads\/2019\/01\/logo.svg\",\"width\":374.36,\"height\":92.99,\"caption\":\"Hotel Les Cap\u00e7ades\"},\"image\":{\"@id\":\"https:\/\/hotellescapcades.com\/#\/schema\/logo\/image\/\"}}]}<\/script>\n<!-- \/ Yoast SEO plugin. -->","yoast_head_json":{"title":"Bodas en la Terra Alta - Hotel Les Cap\u00e7ades","description":"Cuidaremos hasta el m\u00ednimo detalle para que vuestra celebraci\u00f3n sea inolvidable. \u00a1Descubrid todas las posibilidades personalizaci\u00f3n para un d\u00eda m\u00e1gico!","robots":{"index":"index","follow":"follow","max-snippet":"max-snippet:-1","max-image-preview":"max-image-preview:large","max-video-preview":"max-video-preview:-1"},"canonical":"https:\/\/hotellescapcades.com\/en\/weddings-horta-sant-joan\/","og_locale":"en_US","og_type":"article","og_title":"Bodas en la Terra Alta - Hotel Les Cap\u00e7ades","og_description":"Cuidaremos hasta el m\u00ednimo detalle para que vuestra celebraci\u00f3n sea inolvidable. \u00a1Descubrid todas las posibilidades personalizaci\u00f3n para un d\u00eda m\u00e1gico!","og_url":"https:\/\/hotellescapcades.com\/en\/weddings-horta-sant-joan\/","og_site_name":"Hotel Les Cap\u00e7ades","article_modified_time":"2019-07-03T11:00:29+00:00","twitter_card":"summary_large_image","twitter_misc":{"Est. reading time":"2 minutes"},"schema":{"@context":"https:\/\/schema.org","@graph":[{"@type":"WebPage","@id":"https:\/\/hotellescapcades.com\/en\/weddings-horta-sant-joan\/","url":"https:\/\/hotellescapcades.com\/en\/weddings-horta-sant-joan\/","name":"Bodas en la Terra Alta - Hotel Les Cap\u00e7ades","isPartOf":{"@id":"https:\/\/hotellescapcades.com\/#website"},"datePublished":"2019-02-18T08:14:40+00:00","dateModified":"2019-07-03T11:00:29+00:00","description":"Cuidaremos hasta el m\u00ednimo detalle para que vuestra celebraci\u00f3n sea inolvidable. \u00a1Descubrid todas las posibilidades personalizaci\u00f3n para un d\u00eda m\u00e1gico!","breadcrumb":{"@id":"https:\/\/hotellescapcades.com\/en\/weddings-horta-sant-joan\/#breadcrumb"},"inLanguage":"en-US","potentialAction":[{"@type":"ReadAction","target":["https:\/\/hotellescapcades.com\/en\/weddings-horta-sant-joan\/"]}]},{"@type":"BreadcrumbList","@id":"https:\/\/hotellescapcades.com\/en\/weddings-horta-sant-joan\/#breadcrumb","itemListElement":[{"@type":"ListItem","position":1,"name":"Portada","item":"https:\/\/hotellescapcades.com\/en\/"},{"@type":"ListItem","position":2,"name":"Weddings"}]},{"@type":"WebSite","@id":"https:\/\/hotellescapcades.com\/#website","url":"https:\/\/hotellescapcades.com\/","name":"Hotel Les Cap\u00e7ades","description":"","publisher":{"@id":"https:\/\/hotellescapcades.com\/#organization"},"potentialAction":[{"@type":"SearchAction","target":{"@type":"EntryPoint","urlTemplate":"https:\/\/hotellescapcades.com\/?s={search_term_string}"},"query-input":"required name=search_term_string"}],"inLanguage":"en-US"},{"@type":"Organization","@id":"https:\/\/hotellescapcades.com\/#organization","name":"Hotel Les Cap\u00e7ades","url":"https:\/\/hotellescapcades.com\/","logo":{"@type":"ImageObject","inLanguage":"en-US","@id":"https:\/\/hotellescapcades.com\/#\/schema\/logo\/image\/","url":"https:\/\/hotellescapcades.com\/wp-content\/uploads\/2019\/01\/logo.svg","contentUrl":"https:\/\/hotellescapcades.com\/wp-content\/uploads\/2019\/01\/logo.svg","width":374.36,"height":92.99,"caption":"Hotel Les Cap\u00e7ades"},"image":{"@id":"https:\/\/hotellescapcades.com\/#\/schema\/logo\/image\/"}}]}},"_links":{"self":[{"href":"https:\/\/hotellescapcades.com\/en\/wp-json\/wp\/v2\/pages\/1944","targetHints":{"allow":["GET"]}}],"collection":[{"href":"https:\/\/hotellescapcades.com\/en\/wp-json\/wp\/v2\/pages"}],"about":[{"href":"https:\/\/hotellescapcades.com\/en\/wp-json\/wp\/v2\/types\/page"}],"author":[{"embeddable":true,"href":"https:\/\/hotellescapcades.com\/en\/wp-json\/wp\/v2\/users\/1"}],"replies":[{"embeddable":true,"href":"https:\/\/hotellescapcades.com\/en\/wp-json\/wp\/v2\/comments?post=1944"}],"version-history":[{"count":4,"href":"https:\/\/hotellescapcades.com\/en\/wp-json\/wp\/v2\/pages\/1944\/revisions"}],"predecessor-version":[{"id":1992,"href":"https:\/\/hotellescapcades.com\/en\/wp-json\/wp\/v2\/pages\/1944\/revisions\/1992"}],"wp:attachment":[{"href":"https:\/\/hotellescapcades.com\/en\/wp-json\/wp\/v2\/media?parent=1944"}],"curies":[{"name":"wp","href":"https:\/\/api.w.org\/{rel}","templated":true}]}}