{"id":1948,"date":"2019-02-18T07:56:46","date_gmt":"2019-02-18T07:56:46","guid":{"rendered":"https:\/\/hotellescapcades.com\/celebraciones-horta-sant-joan\/"},"modified":"2019-07-03T11:01:07","modified_gmt":"2019-07-03T11:01:07","slug":"celebrations-horta-sant-joan","status":"publish","type":"page","link":"https:\/\/hotellescapcades.com\/en\/celebrations-horta-sant-joan\/","title":{"rendered":"Celebrations"},"content":{"rendered":"\n\t\t\t<h1>Celebrations at Les Cap\u00e7ades<\/h1>\t\t\t\n\t\t\t<h3>A unique space full of charm to celebrate any event<\/h3>\t\t\t\n\t\t\t\t<p>Les Cap\u00e7ades team seeks maximum exclusivity in the services we offer so that all celebrations are unforgettable. <\/p>\n<p><strong>Baptisms, first communions, anniversaries.<\/strong>.. our facilities allow us to host all kinds of events, which will be made even more special by the unique environment that surrounds us and by an infrastructure taken care of down to the very last detail to offer maximum comfort. <\/p>\n<p>The privileged location in the heart of Terra Alta, the gastronomy and the fully personalized treatment are factors that make Hotel Les Cap\u00e7ades the perfect to organize any type of celebration.  <\/p>\n\t\t\t\t<p>In addition to our rooms with endless views of the Ports de Tortosa-Beceite, we have large landscaped areas. Perfect facilities to turn your celebration into an experience you will never forget. <\/p>\n<p>We adapt fully to design exclusive menus according to the client&#8217;s characteristics, ambitions and tastes. We take care of every last detail so that the guests enjoy an exquisite cuisine using proximity products. All conceived as a tribute to our region, to create an excellent dining experience.<\/p>\n\t\t\t<h3>Do you want to turn your celebration into an unforgettable memory?<\/h3>\t\t\t\n\t\t\t<a href=\"https:\/\/hotellescapcades.com\/en\/contact\/\" target=\"_self\"   role=\"button\" rel=\"noopener noreferrer\">\n\t\t\t\t\t\t\tCONTACT US!\n\t\t<\/a>\n\t\t\t<h3>Business meetings with all the comforts and facilities<\/h3>\t\t\t\n\t\t\t\t<p>At Hotel Les Cap\u00e7ades you will find the necessary services for successful business meetings. <\/p>\n<p>We have the privilege of being in an exceptional location to hold business <strong>meetings in Terra Alta<\/strong>. You will have a positive and effective meeting as you will have all the facilities and amenities within your reach.<br \/><\/p>\n<p>We offer you an integral planning and organization service, ensuring total privacy. In addition to our rooms with natural light and views of the Ports de Tortosa-Beceite, we have gardens that are perfect for any event, as they can be adapted to different purposes, whether product presentations, lunches, etc. <\/p>\n<p>At Hotel Les Cap\u00e7ades we also offer you the opportunity to accompany your meeting with a gastronomic experience taken care of down to the last detail and prepared according to your tastes.<\/p>\n","protected":false},"excerpt":{"rendered":"<p>Celebrations at Les Cap\u00e7ades A unique space full of charm to celebrate any event Les Cap\u00e7ades team seeks maximum exclusivity in the services we offer so that all celebrations are unforgettable. Baptisms, first communions, anniversaries&#8230; our facilities allow us to host all kinds of events, which will be made even more special by the unique [&hellip;]<\/p>\n","protected":false},"author":1,"featured_media":0,"parent":0,"menu_order":0,"comment_status":"closed","ping_status":"open","template":"","meta":{"_genesis_hide_title":false,"_genesis_hide_breadcrumbs":false,"_genesis_hide_singular_image":false,"_genesis_hide_footer_widgets":false,"_genesis_custom_body_class":"","_genesis_custom_post_class":"","_genesis_layout":""},"yoast_head":"<!-- This site is optimized with the Yoast SEO plugin v20.0 - https:\/\/yoast.com\/wordpress\/plugins\/seo\/ -->\n<title>Celebraciones en Horta de Sant Joan - Hotel Les Cap\u00e7ades<\/title>\n<meta name=\"description\" content=\"Bautizos, comuniones, reuniones de empresa... El equipo de Les Cap\u00e7ades buscamos la m\u00e1xima exclusividad para que cualquier celebraci\u00f3n sea inolvidable.\" \/>\n<meta name=\"robots\" content=\"index, follow, max-snippet:-1, max-image-preview:large, max-video-preview:-1\" \/>\n<link rel=\"canonical\" href=\"https:\/\/hotellescapcades.com\/en\/celebrations-horta-sant-joan\/\" \/>\n<meta property=\"og:locale\" content=\"en_US\" \/>\n<meta property=\"og:type\" content=\"article\" \/>\n<meta property=\"og:title\" content=\"Celebraciones en Horta de Sant Joan - Hotel Les Cap\u00e7ades\" \/>\n<meta property=\"og:description\" content=\"Bautizos, comuniones, reuniones de empresa... El equipo de Les Cap\u00e7ades buscamos la m\u00e1xima exclusividad para que cualquier celebraci\u00f3n sea inolvidable.\" \/>\n<meta property=\"og:url\" content=\"https:\/\/hotellescapcades.com\/en\/celebrations-horta-sant-joan\/\" \/>\n<meta property=\"og:site_name\" content=\"Hotel Les Cap\u00e7ades\" \/>\n<meta property=\"article:modified_time\" content=\"2019-07-03T11:01:07+00:00\" \/>\n<meta name=\"twitter:card\" content=\"summary_large_image\" \/>\n<meta name=\"twitter:label1\" content=\"Est. reading time\" \/>\n\t<meta name=\"twitter:data1\" content=\"2 minutes\" \/>\n<script type=\"application\/ld+json\" class=\"yoast-schema-graph\">{\"@context\":\"https:\/\/schema.org\",\"@graph\":[{\"@type\":\"WebPage\",\"@id\":\"https:\/\/hotellescapcades.com\/en\/celebrations-horta-sant-joan\/\",\"url\":\"https:\/\/hotellescapcades.com\/en\/celebrations-horta-sant-joan\/\",\"name\":\"Celebraciones en Horta de Sant Joan - Hotel Les Cap\u00e7ades\",\"isPartOf\":{\"@id\":\"https:\/\/hotellescapcades.com\/#website\"},\"datePublished\":\"2019-02-18T07:56:46+00:00\",\"dateModified\":\"2019-07-03T11:01:07+00:00\",\"description\":\"Bautizos, comuniones, reuniones de empresa... El equipo de Les Cap\u00e7ades buscamos la m\u00e1xima exclusividad para que cualquier celebraci\u00f3n sea inolvidable.\",\"breadcrumb\":{\"@id\":\"https:\/\/hotellescapcades.com\/en\/celebrations-horta-sant-joan\/#breadcrumb\"},\"inLanguage\":\"en-US\",\"potentialAction\":[{\"@type\":\"ReadAction\",\"target\":[\"https:\/\/hotellescapcades.com\/en\/celebrations-horta-sant-joan\/\"]}]},{\"@type\":\"BreadcrumbList\",\"@id\":\"https:\/\/hotellescapcades.com\/en\/celebrations-horta-sant-joan\/#breadcrumb\",\"itemListElement\":[{\"@type\":\"ListItem\",\"position\":1,\"name\":\"Portada\",\"item\":\"https:\/\/hotellescapcades.com\/en\/\"},{\"@type\":\"ListItem\",\"position\":2,\"name\":\"Celebrations\"}]},{\"@type\":\"WebSite\",\"@id\":\"https:\/\/hotellescapcades.com\/#website\",\"url\":\"https:\/\/hotellescapcades.com\/\",\"name\":\"Hotel Les Cap\u00e7ades\",\"description\":\"\",\"publisher\":{\"@id\":\"https:\/\/hotellescapcades.com\/#organization\"},\"potentialAction\":[{\"@type\":\"SearchAction\",\"target\":{\"@type\":\"EntryPoint\",\"urlTemplate\":\"https:\/\/hotellescapcades.com\/?s={search_term_string}\"},\"query-input\":\"required name=search_term_string\"}],\"inLanguage\":\"en-US\"},{\"@type\":\"Organization\",\"@id\":\"https:\/\/hotellescapcades.com\/#organization\",\"name\":\"Hotel Les Cap\u00e7ades\",\"url\":\"https:\/\/hotellescapcades.com\/\",\"logo\":{\"@type\":\"ImageObject\",\"inLanguage\":\"en-US\",\"@id\":\"https:\/\/hotellescapcades.com\/#\/schema\/logo\/image\/\",\"url\":\"https:\/\/hotellescapcades.com\/wp-content\/uploads\/2019\/01\/logo.svg\",\"contentUrl\":\"https:\/\/hotellescapcades.com\/wp-content\/uploads\/2019\/01\/logo.svg\",\"width\":374.36,\"height\":92.99,\"caption\":\"Hotel Les Cap\u00e7ades\"},\"image\":{\"@id\":\"https:\/\/hotellescapcades.com\/#\/schema\/logo\/image\/\"}}]}<\/script>\n<!-- \/ Yoast SEO plugin. -->","yoast_head_json":{"title":"Celebraciones en Horta de Sant Joan - Hotel Les Cap\u00e7ades","description":"Bautizos, comuniones, reuniones de empresa... El equipo de Les Cap\u00e7ades buscamos la m\u00e1xima exclusividad para que cualquier celebraci\u00f3n sea inolvidable.","robots":{"index":"index","follow":"follow","max-snippet":"max-snippet:-1","max-image-preview":"max-image-preview:large","max-video-preview":"max-video-preview:-1"},"canonical":"https:\/\/hotellescapcades.com\/en\/celebrations-horta-sant-joan\/","og_locale":"en_US","og_type":"article","og_title":"Celebraciones en Horta de Sant Joan - Hotel Les Cap\u00e7ades","og_description":"Bautizos, comuniones, reuniones de empresa... El equipo de Les Cap\u00e7ades buscamos la m\u00e1xima exclusividad para que cualquier celebraci\u00f3n sea inolvidable.","og_url":"https:\/\/hotellescapcades.com\/en\/celebrations-horta-sant-joan\/","og_site_name":"Hotel Les Cap\u00e7ades","article_modified_time":"2019-07-03T11:01:07+00:00","twitter_card":"summary_large_image","twitter_misc":{"Est. reading time":"2 minutes"},"schema":{"@context":"https:\/\/schema.org","@graph":[{"@type":"WebPage","@id":"https:\/\/hotellescapcades.com\/en\/celebrations-horta-sant-joan\/","url":"https:\/\/hotellescapcades.com\/en\/celebrations-horta-sant-joan\/","name":"Celebraciones en Horta de Sant Joan - Hotel Les Cap\u00e7ades","isPartOf":{"@id":"https:\/\/hotellescapcades.com\/#website"},"datePublished":"2019-02-18T07:56:46+00:00","dateModified":"2019-07-03T11:01:07+00:00","description":"Bautizos, comuniones, reuniones de empresa... El equipo de Les Cap\u00e7ades buscamos la m\u00e1xima exclusividad para que cualquier celebraci\u00f3n sea inolvidable.","breadcrumb":{"@id":"https:\/\/hotellescapcades.com\/en\/celebrations-horta-sant-joan\/#breadcrumb"},"inLanguage":"en-US","potentialAction":[{"@type":"ReadAction","target":["https:\/\/hotellescapcades.com\/en\/celebrations-horta-sant-joan\/"]}]},{"@type":"BreadcrumbList","@id":"https:\/\/hotellescapcades.com\/en\/celebrations-horta-sant-joan\/#breadcrumb","itemListElement":[{"@type":"ListItem","position":1,"name":"Portada","item":"https:\/\/hotellescapcades.com\/en\/"},{"@type":"ListItem","position":2,"name":"Celebrations"}]},{"@type":"WebSite","@id":"https:\/\/hotellescapcades.com\/#website","url":"https:\/\/hotellescapcades.com\/","name":"Hotel Les Cap\u00e7ades","description":"","publisher":{"@id":"https:\/\/hotellescapcades.com\/#organization"},"potentialAction":[{"@type":"SearchAction","target":{"@type":"EntryPoint","urlTemplate":"https:\/\/hotellescapcades.com\/?s={search_term_string}"},"query-input":"required name=search_term_string"}],"inLanguage":"en-US"},{"@type":"Organization","@id":"https:\/\/hotellescapcades.com\/#organization","name":"Hotel Les Cap\u00e7ades","url":"https:\/\/hotellescapcades.com\/","logo":{"@type":"ImageObject","inLanguage":"en-US","@id":"https:\/\/hotellescapcades.com\/#\/schema\/logo\/image\/","url":"https:\/\/hotellescapcades.com\/wp-content\/uploads\/2019\/01\/logo.svg","contentUrl":"https:\/\/hotellescapcades.com\/wp-content\/uploads\/2019\/01\/logo.svg","width":374.36,"height":92.99,"caption":"Hotel Les Cap\u00e7ades"},"image":{"@id":"https:\/\/hotellescapcades.com\/#\/schema\/logo\/image\/"}}]}},"_links":{"self":[{"href":"https:\/\/hotellescapcades.com\/en\/wp-json\/wp\/v2\/pages\/1948"}],"collection":[{"href":"https:\/\/hotellescapcades.com\/en\/wp-json\/wp\/v2\/pages"}],"about":[{"href":"https:\/\/hotellescapcades.com\/en\/wp-json\/wp\/v2\/types\/page"}],"author":[{"embeddable":true,"href":"https:\/\/hotellescapcades.com\/en\/wp-json\/wp\/v2\/users\/1"}],"replies":[{"embeddable":true,"href":"https:\/\/hotellescapcades.com\/en\/wp-json\/wp\/v2\/comments?post=1948"}],"version-history":[{"count":4,"href":"https:\/\/hotellescapcades.com\/en\/wp-json\/wp\/v2\/pages\/1948\/revisions"}],"predecessor-version":[{"id":1993,"href":"https:\/\/hotellescapcades.com\/en\/wp-json\/wp\/v2\/pages\/1948\/revisions\/1993"}],"wp:attachment":[{"href":"https:\/\/hotellescapcades.com\/en\/wp-json\/wp\/v2\/media?parent=1948"}],"curies":[{"name":"wp","href":"https:\/\/api.w.org\/{rel}","templated":true}]}}